{"id":1734,"date":"2021-03-25T04:33:16","date_gmt":"2021-03-25T04:33:16","guid":{"rendered":"https:\/\/artworkprofesional.dreamhosters.com\/?page_id=1734"},"modified":"2022-07-04T11:40:42","modified_gmt":"2022-07-04T11:40:42","slug":"politica-de-envios","status":"publish","type":"page","link":"https:\/\/artworkprofesional.com\/en\/politica-de-envios\/","title":{"rendered":"Env\u00edos y Pagos"},"content":{"rendered":"<div class=\"wpb-content-wrapper\"><div class=\"vc_row wpb_row vc_row-fluid\"><div class=\"wpb_column vc_column_container vc_col-sm-12\"><div class=\"vc_column-inner\"><div class=\"wpb_wrapper\">\n\t<div class=\"wpb_text_column wpb_content_element\" >\n\t\t<div class=\"wpb_wrapper\">\n\t\t\t<h5>WE OFFER FREE SHIPPING TO SPAIN PENINSULA IN THE PURCHASE OF EQUAL OR GREATER THAN \u20ac 50.<\/h5>\n\n\t\t<\/div>\n\t<\/div>\n<div  class=\"vc_do_toggle vc_toggle vc_toggle_default vc_toggle_color_default vc_toggle_size_md vc_toggle_active\"><div class=\"vc_toggle_title\"><h4>Shipping<\/h4><i class=\"vc_toggle_icon\"><\/i><\/div><div class=\"vc_toggle_content\"><p>When placing your order, your products will be shipped within 48 to 72 hours, except weekends.<\/p>\n<p>Any order placed after 2pm on Friday will not ship until noon on Monday.<\/p>\n<p>A shipping confirmation email including the tracking number will be sent to the email associated with the order as soon as the carrier picks up the item and scans the tag.<\/p>\n<p>Once shipped, your order will arrive in 2-5 business days, depending on your location.<\/p>\n<\/div><\/div><div  class=\"vc_do_toggle vc_toggle vc_toggle_default vc_toggle_color_default vc_toggle_size_md vc_toggle_active\"><div class=\"vc_toggle_title\"><h4>Pagos<\/h4><i class=\"vc_toggle_icon\"><\/i><\/div><div class=\"vc_toggle_content\"><div class=\"rte\">\n<p><strong>INFORMACI\u00d3N SOBRE MEDIOS DE PAGO<\/strong><\/p>\n<p>Puede efectuar el pago del pedido con tarjeta de cr\u00e9dito o d\u00e9bito, Bizum o Aplazame.<\/p>\n<\/div>\n<p class=\"wysiwyg-indent3\">El servicio Aplazame es r\u00e1pido, sencillo y seguro. Para lo que necesite, desde compras de 50\u20ac hasta 500\u20ac como m\u00e1ximo por operaci\u00f3n. \u00a0S\u00f3lo tienes que seleccionar Aplazame como m\u00e9todo de pago en la tienda, eligir el n\u00famero de cuotas y el d\u00eda de mes en el que quieres pagar. Aplazame le conceder\u00e1 el cr\u00e9dito al instante. S\u00f3lo con tu email, tu m\u00f3vil y tu n\u00famero de DNI.<\/p>\n<p class=\"wysiwyg-indent3\">Condiciones de la financiaci\u00f3n:<\/p>\n<ul>\n<li>Al solicitar el pr\u00e9stamo se le pedir\u00e1; realizar el pago de una entrada inicial. La cuant\u00eda del pr\u00e9stamo ser\u00e1 el importe de la cesta menos esa entrada inicial. \u00c9sa es la cantidad que Aplazame financiar\u00e1s en el n\u00famero de cuotas elegidas. Por ejemplo, una financiaci\u00f3n a 6 meses implicar\u00e1 7 pagos, uno en el momento de la concesi\u00f3n del cr\u00e9dito y 6 pagos en cada uno de los 6 meses siguientes a la compra.<\/li>\n<li>Los pagos se hacen con la tarjeta que aporte el cliente a Aplazame.<\/li>\n<li>El SMS enviado por Aplazame para la tramitaci\u00f3n de la solicitud de cr\u00e9dito no tiene ning\u00fan coste.<\/li>\n<\/ul>\n<div class=\"rte\">\n<p>Si por cualquier motivo no le ha resultado posible finalizar el pedido o hubiera alg\u00fan error, ll\u00e1menos o escr\u00edbanos a trav\u00e9s del chat de whatsapp; estamos siempre al otro lado para ayudarte.<\/p>\n<\/div>\n<\/div><\/div><div  class=\"vc_do_toggle vc_toggle vc_toggle_default vc_toggle_color_default vc_toggle_size_md\"><div class=\"vc_toggle_title\"><h4>Damages and problems<\/h4><i class=\"vc_toggle_icon\"><\/i><\/div><div class=\"vc_toggle_content\"><p>Please inspect your order upon receipt and contact us immediately at info@artworkprofesional.com or https:\/\/artworkprofesional.com\/contact\/, if the item is defective, damaged, or you receive the wrong item, so that we can assess the problem and correct it.<\/p>\n<p>Any order received in damaged condition, missing parts, etc. must be notified within 3 days of delivery. Do not dispose of shipping materials.<\/p>\n<p>&quot;Claims for damage on delivery and stolen packages are handled through the carrier, but we will assist customers with these claims to the best of our ability.&quot;<\/p>\n<\/div><\/div><div  class=\"vc_do_toggle vc_toggle vc_toggle_default vc_toggle_color_default vc_toggle_size_md\"><div class=\"vc_toggle_title\"><h4>Contact information<\/h4><i class=\"vc_toggle_icon\"><\/i><\/div><div class=\"vc_toggle_content\"><p>ArtWork Professional welcomes your questions or comments. If you believe that ArtWork Professional has not adhered to this Statement, please contact ArtWork Professional at:<\/p>\n<p>ArtWork Professional<\/p>\n<p>Email address: info@artworkprofesional.com<\/p>\n<p>Whatsapp: 691 326 156<\/p>\n<p>We attend your requests live from Monday to Friday from 09:00 to 15:00 and the rest of the hours delayed. We look forward to your contact!<\/p>\n<\/div><\/div><\/div><\/div><\/div><\/div>\n<\/div>","protected":false},"excerpt":{"rendered":"OFRECEMOS ENV\u00cdOS GRATUITOS A ESPA\u00d1A PENINSULA EN LA COMPRA DE IGUAL O MAYOR A 50\u20ac. Env\u00edosAl realizar su pedido, sus","protected":false},"author":1,"featured_media":0,"parent":0,"menu_order":0,"comment_status":"closed","ping_status":"closed","template":"","meta":{"footnotes":""},"class_list":["post-1734","page","type-page","status-publish","hentry"],"yoast_head":"<!-- This site is optimized with the Yoast SEO plugin v27.4 - https:\/\/yoast.com\/product\/yoast-seo-wordpress\/ -->\n<title>Env\u00edos y Pagos - Art Work Professional<\/title>\n<meta name=\"robots\" content=\"index, follow, max-snippet:-1, max-image-preview:large, max-video-preview:-1\" \/>\n<link rel=\"canonical\" href=\"https:\/\/artworkprofesional.com\/en\/politica-de-envios\/\" \/>\n<meta property=\"og:locale\" content=\"en_US\" \/>\n<meta property=\"og:type\" content=\"article\" \/>\n<meta property=\"og:title\" content=\"Env\u00edos y Pagos - Art Work Professional\" \/>\n<meta property=\"og:url\" content=\"https:\/\/artworkprofesional.com\/en\/politica-de-envios\/\" \/>\n<meta property=\"og:site_name\" content=\"Art Work Professional\" \/>\n<meta property=\"article:publisher\" content=\"https:\/\/www.facebook.com\/artworkprofessional\/\" \/>\n<meta property=\"article:modified_time\" content=\"2022-07-04T11:40:42+00:00\" \/>\n<meta name=\"twitter:card\" content=\"summary_large_image\" \/>\n<meta name=\"twitter:label1\" content=\"Est. reading time\" \/>\n\t<meta name=\"twitter:data1\" content=\"3 minutes\" \/>\n<script type=\"application\/ld+json\" class=\"yoast-schema-graph\">{\"@context\":\"https:\\\/\\\/schema.org\",\"@graph\":[{\"@type\":\"WebPage\",\"@id\":\"https:\\\/\\\/artworkprofesional.com\\\/politica-de-envios\\\/\",\"url\":\"https:\\\/\\\/artworkprofesional.com\\\/politica-de-envios\\\/\",\"name\":\"Env\u00edos y Pagos - Art Work Professional\",\"isPartOf\":{\"@id\":\"https:\\\/\\\/artworkprofesional.com\\\/#website\"},\"datePublished\":\"2021-03-25T04:33:16+00:00\",\"dateModified\":\"2022-07-04T11:40:42+00:00\",\"breadcrumb\":{\"@id\":\"https:\\\/\\\/artworkprofesional.com\\\/politica-de-envios\\\/#breadcrumb\"},\"inLanguage\":\"en-US\",\"potentialAction\":[{\"@type\":\"ReadAction\",\"target\":[\"https:\\\/\\\/artworkprofesional.com\\\/politica-de-envios\\\/\"]}]},{\"@type\":\"BreadcrumbList\",\"@id\":\"https:\\\/\\\/artworkprofesional.com\\\/politica-de-envios\\\/#breadcrumb\",\"itemListElement\":[{\"@type\":\"ListItem\",\"position\":1,\"name\":\"Portada\",\"item\":\"https:\\\/\\\/artworkprofesional.com\\\/\"},{\"@type\":\"ListItem\",\"position\":2,\"name\":\"Env\u00edos y Pagos\"}]},{\"@type\":\"WebSite\",\"@id\":\"https:\\\/\\\/artworkprofesional.com\\\/#website\",\"url\":\"https:\\\/\\\/artworkprofesional.com\\\/\",\"name\":\"Art Work Professional\",\"description\":\"Hair Creativity\",\"publisher\":{\"@id\":\"https:\\\/\\\/artworkprofesional.com\\\/#organization\"},\"potentialAction\":[{\"@type\":\"SearchAction\",\"target\":{\"@type\":\"EntryPoint\",\"urlTemplate\":\"https:\\\/\\\/artworkprofesional.com\\\/?s={search_term_string}\"},\"query-input\":{\"@type\":\"PropertyValueSpecification\",\"valueRequired\":true,\"valueName\":\"search_term_string\"}}],\"inLanguage\":\"en-US\"},{\"@type\":\"Organization\",\"@id\":\"https:\\\/\\\/artworkprofesional.com\\\/#organization\",\"name\":\"ArtWork Professional\",\"url\":\"https:\\\/\\\/artworkprofesional.com\\\/\",\"logo\":{\"@type\":\"ImageObject\",\"inLanguage\":\"en-US\",\"@id\":\"https:\\\/\\\/artworkprofesional.com\\\/#\\\/schema\\\/logo\\\/image\\\/\",\"url\":\"https:\\\/\\\/artworkprofesional.com\\\/wp-content\\\/uploads\\\/2021\\\/03\\\/LOGO-ARTWORK-negro-sinfondo.png\",\"contentUrl\":\"https:\\\/\\\/artworkprofesional.com\\\/wp-content\\\/uploads\\\/2021\\\/03\\\/LOGO-ARTWORK-negro-sinfondo.png\",\"width\":749,\"height\":389,\"caption\":\"ArtWork Professional\"},\"image\":{\"@id\":\"https:\\\/\\\/artworkprofesional.com\\\/#\\\/schema\\\/logo\\\/image\\\/\"},\"sameAs\":[\"https:\\\/\\\/www.facebook.com\\\/artworkprofessional\\\/\",\"https:\\\/\\\/www.instagram.com\\\/artwork.profesional\\\/?hl=es\"]}]}<\/script>\n<!-- \/ Yoast SEO plugin. -->","yoast_head_json":{"title":"Env\u00edos y Pagos - Art Work Professional","robots":{"index":"index","follow":"follow","max-snippet":"max-snippet:-1","max-image-preview":"max-image-preview:large","max-video-preview":"max-video-preview:-1"},"canonical":"https:\/\/artworkprofesional.com\/en\/politica-de-envios\/","og_locale":"en_US","og_type":"article","og_title":"Env\u00edos y Pagos - Art Work Professional","og_url":"https:\/\/artworkprofesional.com\/en\/politica-de-envios\/","og_site_name":"Art Work Professional","article_publisher":"https:\/\/www.facebook.com\/artworkprofessional\/","article_modified_time":"2022-07-04T11:40:42+00:00","twitter_card":"summary_large_image","twitter_misc":{"Est. reading time":"3 minutes"},"schema":{"@context":"https:\/\/schema.org","@graph":[{"@type":"WebPage","@id":"https:\/\/artworkprofesional.com\/politica-de-envios\/","url":"https:\/\/artworkprofesional.com\/politica-de-envios\/","name":"Env\u00edos y Pagos - Art Work Professional","isPartOf":{"@id":"https:\/\/artworkprofesional.com\/#website"},"datePublished":"2021-03-25T04:33:16+00:00","dateModified":"2022-07-04T11:40:42+00:00","breadcrumb":{"@id":"https:\/\/artworkprofesional.com\/politica-de-envios\/#breadcrumb"},"inLanguage":"en-US","potentialAction":[{"@type":"ReadAction","target":["https:\/\/artworkprofesional.com\/politica-de-envios\/"]}]},{"@type":"BreadcrumbList","@id":"https:\/\/artworkprofesional.com\/politica-de-envios\/#breadcrumb","itemListElement":[{"@type":"ListItem","position":1,"name":"Portada","item":"https:\/\/artworkprofesional.com\/"},{"@type":"ListItem","position":2,"name":"Env\u00edos y Pagos"}]},{"@type":"WebSite","@id":"https:\/\/artworkprofesional.com\/#website","url":"https:\/\/artworkprofesional.com\/","name":"Art Work Professional","description":"Hair Creativity","publisher":{"@id":"https:\/\/artworkprofesional.com\/#organization"},"potentialAction":[{"@type":"SearchAction","target":{"@type":"EntryPoint","urlTemplate":"https:\/\/artworkprofesional.com\/?s={search_term_string}"},"query-input":{"@type":"PropertyValueSpecification","valueRequired":true,"valueName":"search_term_string"}}],"inLanguage":"en-US"},{"@type":"Organization","@id":"https:\/\/artworkprofesional.com\/#organization","name":"ArtWork Professional","url":"https:\/\/artworkprofesional.com\/","logo":{"@type":"ImageObject","inLanguage":"en-US","@id":"https:\/\/artworkprofesional.com\/#\/schema\/logo\/image\/","url":"https:\/\/artworkprofesional.com\/wp-content\/uploads\/2021\/03\/LOGO-ARTWORK-negro-sinfondo.png","contentUrl":"https:\/\/artworkprofesional.com\/wp-content\/uploads\/2021\/03\/LOGO-ARTWORK-negro-sinfondo.png","width":749,"height":389,"caption":"ArtWork Professional"},"image":{"@id":"https:\/\/artworkprofesional.com\/#\/schema\/logo\/image\/"},"sameAs":["https:\/\/www.facebook.com\/artworkprofessional\/","https:\/\/www.instagram.com\/artwork.profesional\/?hl=es"]}]}},"_links":{"self":[{"href":"https:\/\/artworkprofesional.com\/en\/wp-json\/wp\/v2\/pages\/1734","targetHints":{"allow":["GET"]}}],"collection":[{"href":"https:\/\/artworkprofesional.com\/en\/wp-json\/wp\/v2\/pages"}],"about":[{"href":"https:\/\/artworkprofesional.com\/en\/wp-json\/wp\/v2\/types\/page"}],"author":[{"embeddable":true,"href":"https:\/\/artworkprofesional.com\/en\/wp-json\/wp\/v2\/users\/1"}],"replies":[{"embeddable":true,"href":"https:\/\/artworkprofesional.com\/en\/wp-json\/wp\/v2\/comments?post=1734"}],"version-history":[{"count":3,"href":"https:\/\/artworkprofesional.com\/en\/wp-json\/wp\/v2\/pages\/1734\/revisions"}],"predecessor-version":[{"id":3319,"href":"https:\/\/artworkprofesional.com\/en\/wp-json\/wp\/v2\/pages\/1734\/revisions\/3319"}],"wp:attachment":[{"href":"https:\/\/artworkprofesional.com\/en\/wp-json\/wp\/v2\/media?parent=1734"}],"curies":[{"name":"wp","href":"https:\/\/api.w.org\/{rel}","templated":true}]}}