{"id":1816,"date":"2021-05-12T04:34:38","date_gmt":"2021-05-12T04:34:38","guid":{"rendered":"https:\/\/artworkprofesional.dreamhosters.com\/?page_id=1816"},"modified":"2021-05-12T04:34:38","modified_gmt":"2021-05-12T04:34:38","slug":"politica-de-cookies","status":"publish","type":"page","link":"https:\/\/artworkprofesional.com\/en\/politica-de-cookies\/","title":{"rendered":"Cookies policy"},"content":{"rendered":"<div class=\"wpb-content-wrapper\"><div class=\"vc_row wpb_row vc_row-fluid\"><div class=\"wpb_column vc_column_container vc_col-sm-12\"><div class=\"vc_column-inner\"><div class=\"wpb_wrapper\">\n\t<div class=\"wpb_text_column wpb_content_element\" >\n\t\t<div class=\"wpb_wrapper\">\n\t\t\t<p>In this section we try to offer you information about the use we make of cookies and similar devices that are installed on your terminal.<\/p>\n<p>Sometimes, the use of cookies may be related to the processing of personal data, so we recommend that you consult our Privacy Policy, if you want information on how we use the personal data of our customers and users, how to exercise your rights.<\/p>\n\n\t\t<\/div>\n\t<\/div>\n<div  class=\"vc_do_toggle vc_toggle vc_toggle_default vc_toggle_color_default vc_toggle_size_md vc_toggle_active\"><div class=\"vc_toggle_title\"><h4>What is a Cookie?<\/h4><i class=\"vc_toggle_icon\"><\/i><\/div><div class=\"vc_toggle_content\"><p>Una Cookie es un peque\u00f1o fichero de texto que un sitio web, app u otra plataforma almacena en tu ordenador, tel\u00e9fono inteligente o dispositivo similar, con informaci\u00f3n sobre tu navegaci\u00f3n. Son necesarias por ejemplo para facilitar la navegaci\u00f3n y conocer la manera en que interact\u00faan los usuarios . Tambi\u00e9n son \u00fatiles para poder ofrecer publicidad seg\u00fan las preferencias del usuario, as\u00ed como para otras finalidades que se detallan m\u00e1s adelante. Las Cookies no da\u00f1an tu ordenador o dispositivo.\u00bbCookies\u00bb tambi\u00e9n son otras tecnolog\u00edas similares de recogida de informaci\u00f3n en o sobre tu dispositivo . \u201cCookies\u201d tambi\u00e9n resulta de aplicaci\u00f3n al uso de t\u00e9cnicas de fingerprinting, es decir, aquellas t\u00e9cnicas de combinaci\u00f3n de informaci\u00f3n que nos ayudan a identificar tu dispositivo. En ocasiones, estas tecnolog\u00edas funcionan de manera conjunta con cookies para recopilar y almacenar informaci\u00f3n, bien para proporcionarte ciertas funcionalidades o servicios en nuestra Plataforma, o bien para mostrarte publicidad en las plataformas de terceros, teniendo en cuenta tu navegaci\u00f3n.<\/p>\n<\/div><\/div><div  class=\"vc_do_toggle vc_toggle vc_toggle_default vc_toggle_color_default vc_toggle_size_md\"><div class=\"vc_toggle_title\"><h4>What Cookies are there?<\/h4><i class=\"vc_toggle_icon\"><\/i><\/div><div class=\"vc_toggle_content\"><p><strong>This explanation is for informational purposes only.<\/strong><\/p>\n<p>Own Cookies can be classified, which are sent to the user&#039;s computer or device from a computer or domain managed by the editor itself, and from which the platform or service requested by the user is offered, and third-party Cookies: These are those that are sent to the user&#039;s computer or device from a computer or domain that is not managed by the publisher, but by another entity that processes the data obtained through cookies.<\/p>\n<p>Strictly necessary (technical) Cookies can be classified as those that allow the user to navigate through a web page, platform or application and use the different options or services that exist in them, such as, for example, controlling traffic, identifying data. or the session, access restricted access sections or contents, remember the elements that make up an order, carry out the process of purchasing an order, manage payment, control fraud linked to the security of the service, s. Technical cookies, being strictly necessary, are downloaded by default when they allow the platform to be displayed or to provide the service requested by the user.<\/p>\n<p>Functionality cookies, are those that allow the user to remember information so that the user accesses the service or platform with certain characteristics that can differentiate their experience from that of other users, such as, for example, language. Not accepting these Cookies can generate performance slow of the web page.<\/p>\n<p>Analysis cookies: These are those that allow quantifying the number of users, the sections visited on the platform and how they interact with it, in order to carry out statistical measurement and analysis in order to introduce improvements.<\/p>\n<p>Behavioral advertising cookies: These are those that store the behavior of users obtained through the continuous observation of their browsing habits, which allows the development of a specific profile to display advertising. They allow the most efficient management possible of the advertising spaces that, where appropriate, the editor has included directly or in collaboration with third parties.<\/p>\n<\/div><\/div><div  class=\"vc_do_toggle vc_toggle vc_toggle_default vc_toggle_color_default vc_toggle_size_md\"><div class=\"vc_toggle_title\"><h4>What are Cookies used for on our page?<\/h4><i class=\"vc_toggle_icon\"><\/i><\/div><div class=\"vc_toggle_content\"><p>The main objective of our Cookies is to make the browsing experience comfortable and efficient. We use our Cookies to improve our services and Platform, as well as to be able to offer personalized advertising according to your browsing habits. The information collected in Cookies also allows us to improve our Platform by estimating statistical data and usage patterns (number of visits, most visited sections, time of visit, etc.), knowing in a statistical way how users interact with the Platform in order to improve our services, as well as to adapt the Platform to your individual interests, acceleration of searches, etc. In any case, in the Cookies we use we never store sensitive information such as passwords, credit or debit card details, etc.<\/p>\n<\/div><\/div><div  class=\"vc_do_toggle vc_toggle vc_toggle_default vc_toggle_color_default vc_toggle_size_md\"><div class=\"vc_toggle_title\"><h4>How can I manage the use of Cookies on this Platform?<\/h4><i class=\"vc_toggle_icon\"><\/i><\/div><div class=\"vc_toggle_content\"><p>In the Cookies configuration panel accessible at all times you can manage the activation and deactivation of the use of those Cookies that are not strictly necessary for the operation of the Platform. Alternatively, if you are browsing the internet, you can disable the use of Cookies in your browser.<\/p>\n<\/div><\/div>\n\t<div class=\"wpb_text_column wpb_content_element\" >\n\t\t<div class=\"wpb_wrapper\">\n\t\t\t<p>More information in the Cookies configuration panel accessible at all times on our Platform. To obtain more detailed information about the processing of your personal data in our collaboration with third parties, we recommend that you read our <a href=\"http:\/\/politica-de-privacidad\">Privacy Policy<\/a>.<\/p>\n\n\t\t<\/div>\n\t<\/div>\n<\/div><\/div><\/div><\/div>\n<\/div>","protected":false},"excerpt":{"rendered":"En este apartado intentamos ofrecerte informaci\u00f3n sobre el uso que realizamos de las cookies y dispositivos similares que se instalan","protected":false},"author":1,"featured_media":0,"parent":0,"menu_order":0,"comment_status":"closed","ping_status":"closed","template":"","meta":{"footnotes":""},"class_list":["post-1816","page","type-page","status-publish","hentry"],"yoast_head":"<!-- This site is optimized with the Yoast SEO plugin v27.4 - https:\/\/yoast.com\/product\/yoast-seo-wordpress\/ -->\n<title>Pol\u00edtica de Cookies - Art Work Professional<\/title>\n<meta name=\"robots\" content=\"index, follow, max-snippet:-1, max-image-preview:large, max-video-preview:-1\" \/>\n<link rel=\"canonical\" href=\"https:\/\/artworkprofesional.com\/en\/politica-de-cookies\/\" \/>\n<meta property=\"og:locale\" content=\"en_US\" \/>\n<meta property=\"og:type\" content=\"article\" \/>\n<meta property=\"og:title\" content=\"Pol\u00edtica de Cookies - Art Work Professional\" \/>\n<meta property=\"og:url\" content=\"https:\/\/artworkprofesional.com\/en\/politica-de-cookies\/\" \/>\n<meta property=\"og:site_name\" content=\"Art Work Professional\" \/>\n<meta property=\"article:publisher\" content=\"https:\/\/www.facebook.com\/artworkprofessional\/\" \/>\n<meta name=\"twitter:card\" content=\"summary_large_image\" \/>\n<meta name=\"twitter:label1\" content=\"Est. reading time\" \/>\n\t<meta name=\"twitter:data1\" content=\"4 minutes\" \/>\n<script type=\"application\/ld+json\" class=\"yoast-schema-graph\">{\"@context\":\"https:\\\/\\\/schema.org\",\"@graph\":[{\"@type\":\"WebPage\",\"@id\":\"https:\\\/\\\/artworkprofesional.com\\\/politica-de-cookies\\\/\",\"url\":\"https:\\\/\\\/artworkprofesional.com\\\/politica-de-cookies\\\/\",\"name\":\"Pol\u00edtica de Cookies - Art Work Professional\",\"isPartOf\":{\"@id\":\"https:\\\/\\\/artworkprofesional.com\\\/#website\"},\"datePublished\":\"2021-05-12T04:34:38+00:00\",\"breadcrumb\":{\"@id\":\"https:\\\/\\\/artworkprofesional.com\\\/politica-de-cookies\\\/#breadcrumb\"},\"inLanguage\":\"en-US\",\"potentialAction\":[{\"@type\":\"ReadAction\",\"target\":[\"https:\\\/\\\/artworkprofesional.com\\\/politica-de-cookies\\\/\"]}]},{\"@type\":\"BreadcrumbList\",\"@id\":\"https:\\\/\\\/artworkprofesional.com\\\/politica-de-cookies\\\/#breadcrumb\",\"itemListElement\":[{\"@type\":\"ListItem\",\"position\":1,\"name\":\"Portada\",\"item\":\"https:\\\/\\\/artworkprofesional.com\\\/\"},{\"@type\":\"ListItem\",\"position\":2,\"name\":\"Pol\u00edtica de Cookies\"}]},{\"@type\":\"WebSite\",\"@id\":\"https:\\\/\\\/artworkprofesional.com\\\/#website\",\"url\":\"https:\\\/\\\/artworkprofesional.com\\\/\",\"name\":\"Art Work Professional\",\"description\":\"Hair Creativity\",\"publisher\":{\"@id\":\"https:\\\/\\\/artworkprofesional.com\\\/#organization\"},\"potentialAction\":[{\"@type\":\"SearchAction\",\"target\":{\"@type\":\"EntryPoint\",\"urlTemplate\":\"https:\\\/\\\/artworkprofesional.com\\\/?s={search_term_string}\"},\"query-input\":{\"@type\":\"PropertyValueSpecification\",\"valueRequired\":true,\"valueName\":\"search_term_string\"}}],\"inLanguage\":\"en-US\"},{\"@type\":\"Organization\",\"@id\":\"https:\\\/\\\/artworkprofesional.com\\\/#organization\",\"name\":\"ArtWork Professional\",\"url\":\"https:\\\/\\\/artworkprofesional.com\\\/\",\"logo\":{\"@type\":\"ImageObject\",\"inLanguage\":\"en-US\",\"@id\":\"https:\\\/\\\/artworkprofesional.com\\\/#\\\/schema\\\/logo\\\/image\\\/\",\"url\":\"https:\\\/\\\/artworkprofesional.com\\\/wp-content\\\/uploads\\\/2021\\\/03\\\/LOGO-ARTWORK-negro-sinfondo.png\",\"contentUrl\":\"https:\\\/\\\/artworkprofesional.com\\\/wp-content\\\/uploads\\\/2021\\\/03\\\/LOGO-ARTWORK-negro-sinfondo.png\",\"width\":749,\"height\":389,\"caption\":\"ArtWork Professional\"},\"image\":{\"@id\":\"https:\\\/\\\/artworkprofesional.com\\\/#\\\/schema\\\/logo\\\/image\\\/\"},\"sameAs\":[\"https:\\\/\\\/www.facebook.com\\\/artworkprofessional\\\/\",\"https:\\\/\\\/www.instagram.com\\\/artwork.profesional\\\/?hl=es\"]}]}<\/script>\n<!-- \/ Yoast SEO plugin. -->","yoast_head_json":{"title":"Cookies Policy - Art Work Professional","robots":{"index":"index","follow":"follow","max-snippet":"max-snippet:-1","max-image-preview":"max-image-preview:large","max-video-preview":"max-video-preview:-1"},"canonical":"https:\/\/artworkprofesional.com\/en\/politica-de-cookies\/","og_locale":"en_US","og_type":"article","og_title":"Pol\u00edtica de Cookies - Art Work Professional","og_url":"https:\/\/artworkprofesional.com\/en\/politica-de-cookies\/","og_site_name":"Art Work Professional","article_publisher":"https:\/\/www.facebook.com\/artworkprofessional\/","twitter_card":"summary_large_image","twitter_misc":{"Est. reading time":"4 minutes"},"schema":{"@context":"https:\/\/schema.org","@graph":[{"@type":"WebPage","@id":"https:\/\/artworkprofesional.com\/politica-de-cookies\/","url":"https:\/\/artworkprofesional.com\/politica-de-cookies\/","name":"Cookies Policy - Art Work Professional","isPartOf":{"@id":"https:\/\/artworkprofesional.com\/#website"},"datePublished":"2021-05-12T04:34:38+00:00","breadcrumb":{"@id":"https:\/\/artworkprofesional.com\/politica-de-cookies\/#breadcrumb"},"inLanguage":"en-US","potentialAction":[{"@type":"ReadAction","target":["https:\/\/artworkprofesional.com\/politica-de-cookies\/"]}]},{"@type":"BreadcrumbList","@id":"https:\/\/artworkprofesional.com\/politica-de-cookies\/#breadcrumb","itemListElement":[{"@type":"ListItem","position":1,"name":"Portada","item":"https:\/\/artworkprofesional.com\/"},{"@type":"ListItem","position":2,"name":"Pol\u00edtica de Cookies"}]},{"@type":"WebSite","@id":"https:\/\/artworkprofesional.com\/#website","url":"https:\/\/artworkprofesional.com\/","name":"Art Work Professional","description":"Hair Creativity","publisher":{"@id":"https:\/\/artworkprofesional.com\/#organization"},"potentialAction":[{"@type":"SearchAction","target":{"@type":"EntryPoint","urlTemplate":"https:\/\/artworkprofesional.com\/?s={search_term_string}"},"query-input":{"@type":"PropertyValueSpecification","valueRequired":true,"valueName":"search_term_string"}}],"inLanguage":"en-US"},{"@type":"Organization","@id":"https:\/\/artworkprofesional.com\/#organization","name":"ArtWork Professional","url":"https:\/\/artworkprofesional.com\/","logo":{"@type":"ImageObject","inLanguage":"en-US","@id":"https:\/\/artworkprofesional.com\/#\/schema\/logo\/image\/","url":"https:\/\/artworkprofesional.com\/wp-content\/uploads\/2021\/03\/LOGO-ARTWORK-negro-sinfondo.png","contentUrl":"https:\/\/artworkprofesional.com\/wp-content\/uploads\/2021\/03\/LOGO-ARTWORK-negro-sinfondo.png","width":749,"height":389,"caption":"ArtWork Professional"},"image":{"@id":"https:\/\/artworkprofesional.com\/#\/schema\/logo\/image\/"},"sameAs":["https:\/\/www.facebook.com\/artworkprofessional\/","https:\/\/www.instagram.com\/artwork.profesional\/?hl=es"]}]}},"_links":{"self":[{"href":"https:\/\/artworkprofesional.com\/en\/wp-json\/wp\/v2\/pages\/1816","targetHints":{"allow":["GET"]}}],"collection":[{"href":"https:\/\/artworkprofesional.com\/en\/wp-json\/wp\/v2\/pages"}],"about":[{"href":"https:\/\/artworkprofesional.com\/en\/wp-json\/wp\/v2\/types\/page"}],"author":[{"embeddable":true,"href":"https:\/\/artworkprofesional.com\/en\/wp-json\/wp\/v2\/users\/1"}],"replies":[{"embeddable":true,"href":"https:\/\/artworkprofesional.com\/en\/wp-json\/wp\/v2\/comments?post=1816"}],"version-history":[{"count":0,"href":"https:\/\/artworkprofesional.com\/en\/wp-json\/wp\/v2\/pages\/1816\/revisions"}],"wp:attachment":[{"href":"https:\/\/artworkprofesional.com\/en\/wp-json\/wp\/v2\/media?parent=1816"}],"curies":[{"name":"wp","href":"https:\/\/api.w.org\/{rel}","templated":true}]}}