{"id":2098,"date":"2021-05-28T16:01:12","date_gmt":"2021-05-28T16:01:12","guid":{"rendered":"https:\/\/artworkprofesional.com\/?page_id=2098"},"modified":"2021-06-01T12:55:19","modified_gmt":"2021-06-01T12:55:19","slug":"boletin","status":"publish","type":"page","link":"https:\/\/artworkprofesional.com\/en\/boletin\/","title":{"rendered":"Bulletin"},"content":{"rendered":"<div class=\"wpb-content-wrapper\"><div class=\"vc_row wpb_row vc_row-fluid reversed\"><div class=\"wpb_column newsleft vc_column_container vc_col-sm-2\/5\"><div class=\"vc_column-inner\"><div class=\"wpb_wrapper\">\n\t<div class=\"wpb_text_column wpb_content_element\" >\n\t\t<div class=\"wpb_wrapper\">\n\t\t\t<p>Al suscribirse a Artwork Professional, aprender\u00e1s sobre los nuevos productos, podr\u00e1s inspirarte con consejos e ideas \u00fatiles y tener acceso prioritario a las noticias de Artwork Professional. Adem\u00e1s, podr\u00e1s estar al d\u00eda en todos las \u00faltimas tendencias, nuevos productos, as\u00ed como conseguir muestras de producto, promociones y muchos otros consejos sobre el cabello.<\/p>\n\n\t\t<\/div>\n\t<\/div>\n<\/div><\/div><\/div><div class=\"wpb_column newsright vc_column_container vc_col-sm-3\/5\"><div class=\"vc_column-inner\"><div class=\"wpb_wrapper\">\n\t<div class=\"wpb_text_column wpb_content_element\" >\n\t\t<div class=\"wpb_wrapper\">\n\t\t\t<h2>Suscr\u00edbete para recibir nuestras novedades y promociones<\/h2>\n\n\t\t<\/div>\n\t<\/div>\n\n\t<div class=\"wpb_raw_code wpb_raw_html wpb_content_element vc_custom_1622475964310\" >\n\t\t<div class=\"wpb_wrapper\">\n\t\t\t<form class=\"simple_form form form-vertical\" id=\"new_subscriber\" action=\"https:\/\/colorandcare.ipzmarketing.com\/f\/KnWQWhNhdeg\" accept-charset=\"UTF-8\" method=\"post\"><input name=\"utf8\" type=\"hidden\" value=\"&#x2713;\" \/>\n  \n    \n    <div class=\"form-group string optional subscriber_name\"><label class=\"control-label string optional\" for=\"subscriber_name\">Nombre<\/label><input class=\"form-control string optional\" type=\"text\" name=\"subscriber[name]\" id=\"subscriber_name\" \/><\/div>\n    \n    <div class=\"form-group email required subscriber_email\"><label class=\"control-label email required\" for=\"subscriber_email\"><abbr title=\"required\"><\/abbr> Email<\/label><input class=\"form-control string email required\" required=\"required\" aria-required=\"true\" type=\"email\" name=\"subscriber[email]\" id=\"subscriber_email\" \/><\/div>\n      \n    <div class=\"form-group string optional subscriber_custom_fields_2\"><label class=\"control-label string optional\" for=\"subscriber_custom_fields_2\">Nombre de sal\u00f3n o distribuci\u00f3n<\/label><input class=\"form-control string optional\" type=\"text\" name=\"subscriber[custom_fields][2]\" id=\"subscriber_custom_fields_2\" \/><\/div>\n      \n    <div class=\"form-group select required subscriber_custom_fields_3\"><label class=\"control-label select required\" for=\"subscriber_custom_fields_3\"><abbr title=\"required\"><\/abbr> Perfil<\/label><select class=\"form-control select required\" required=\"required\" aria-required=\"true\" name=\"subscriber[custom_fields][3]\" id=\"subscriber_custom_fields_3\"><option value=\"\"><\/option>\n<option value=\"1\">Distribuidor<\/option>\n<option value=\"2\">Profesional<\/option>\n<option value=\"3\">Cliente<\/option><\/select><\/div>\n    \n    \n    \n    <div class=\"form-group string optional subscriber_city\"><label class=\"control-label string optional\" for=\"subscriber_city\">Ciudad<\/label><input class=\"form-control string optional\" type=\"text\" name=\"subscriber[city]\" id=\"subscriber_city\" \/><\/div>\n      \n    <div class=\"form-group integer required subscriber_custom_fields_4\"><label class=\"control-label integer required\" for=\"subscriber_custom_fields_4\"><abbr title=\"required\"><\/abbr> C\u00f3digo postal<\/label><input class=\"form-control numeric integer required\" required=\"required\" aria-required=\"true\" type=\"number\" step=\"1\" name=\"subscriber[custom_fields][4]\" id=\"subscriber_custom_fields_4\" \/><\/div>\n  <input type=\"text\" name=\"anotheremail\" id=\"anotheremail\" style=\"position: absolute; left: -5000px\" tabindex=\"-1\" autocomplete=\"off\" \/>\n    <script src=\"https:\/\/www.recaptcha.net\/recaptcha\/api.js\" async defer ><\/script>\n<div data-sitekey=\"6LfxSlQUAAAAAE2wMx0128AjWWFXJoBkiNQn2m8m\" class=\"g-recaptcha \"><\/div>\n          <noscript>\n            <div>\n              <div style=\"width: 302px; height: 422px; position: relative;\">\n                <div style=\"width: 302px; height: 422px; position: absolute;\">\n                  <iframe\n                    src=\"https:\/\/www.recaptcha.net\/recaptcha\/api\/fallback?k=6LfxSlQUAAAAAE2wMx0128AjWWFXJoBkiNQn2m8m\"\n                    name=\"ReCAPTCHA\"\n                    style=\"width: 302px; height: 422px; border-style: none; border: 0; overflow: hidden;\">\n                  <\/iframe>\n                <\/div>\n              <\/div>\n              <div style=\"width: 300px; height: 60px; border-style: none;\n                bottom: 12px; left: 25px; margin: 0px; padding: 0px; right: 25px;\n                background: #f9f9f9; border: 1px solid #c1c1c1; border-radius: 3px;\">\n                <textarea id=\"g-recaptcha-response\" name=\"g-recaptcha-response\"\n                  class=\"g-recaptcha-response\"\n                  style=\"width: 250px; height: 40px; border: 1px solid #c1c1c1;\n                  margin: 10px 25px; padding: 0px; resize: none;\">\n                <\/textarea>\n              <\/div>\n            <\/div>\n          <\/noscript>\n    \n  <div class=\"submit-wrapper\">\n    <input type=\"submit\" name=\"commit\" value=\"Enviar\" class=\"btn btn-primary\" data-disable-with=\"Processing\" \/>\n  <\/div>\n<\/form>\n\t\t<\/div>\n\t<\/div>\n<\/div><\/div><\/div><\/div>\n<\/div>","protected":false},"excerpt":{"rendered":"Al suscribirse a Artwork Professional, aprender\u00e1s sobre los nuevos productos, podr\u00e1s inspirarte con consejos e ideas \u00fatiles y tener acceso","protected":false},"author":1,"featured_media":0,"parent":0,"menu_order":0,"comment_status":"closed","ping_status":"closed","template":"","meta":{"footnotes":""},"class_list":["post-2098","page","type-page","status-publish","hentry"],"yoast_head":"<!-- This site is optimized with the Yoast SEO plugin v27.4 - https:\/\/yoast.com\/product\/yoast-seo-wordpress\/ -->\n<title>Bolet\u00edn - Art Work Professional<\/title>\n<meta name=\"robots\" content=\"index, follow, max-snippet:-1, max-image-preview:large, max-video-preview:-1\" \/>\n<link rel=\"canonical\" href=\"https:\/\/artworkprofesional.com\/en\/boletin\/\" \/>\n<meta property=\"og:locale\" content=\"en_US\" \/>\n<meta property=\"og:type\" content=\"article\" \/>\n<meta property=\"og:title\" content=\"Bolet\u00edn - Art Work Professional\" \/>\n<meta property=\"og:url\" content=\"https:\/\/artworkprofesional.com\/en\/boletin\/\" \/>\n<meta property=\"og:site_name\" content=\"Art Work Professional\" \/>\n<meta property=\"article:publisher\" content=\"https:\/\/www.facebook.com\/artworkprofessional\/\" \/>\n<meta property=\"article:modified_time\" content=\"2021-06-01T12:55:19+00:00\" \/>\n<meta name=\"twitter:card\" content=\"summary_large_image\" \/>\n<meta name=\"twitter:label1\" content=\"Est. reading time\" \/>\n\t<meta name=\"twitter:data1\" content=\"1 minute\" \/>\n<script type=\"application\/ld+json\" class=\"yoast-schema-graph\">{\"@context\":\"https:\\\/\\\/schema.org\",\"@graph\":[{\"@type\":\"WebPage\",\"@id\":\"https:\\\/\\\/artworkprofesional.com\\\/boletin\\\/\",\"url\":\"https:\\\/\\\/artworkprofesional.com\\\/boletin\\\/\",\"name\":\"Bolet\u00edn - Art Work Professional\",\"isPartOf\":{\"@id\":\"https:\\\/\\\/artworkprofesional.com\\\/#website\"},\"datePublished\":\"2021-05-28T16:01:12+00:00\",\"dateModified\":\"2021-06-01T12:55:19+00:00\",\"breadcrumb\":{\"@id\":\"https:\\\/\\\/artworkprofesional.com\\\/boletin\\\/#breadcrumb\"},\"inLanguage\":\"en-US\",\"potentialAction\":[{\"@type\":\"ReadAction\",\"target\":[\"https:\\\/\\\/artworkprofesional.com\\\/boletin\\\/\"]}]},{\"@type\":\"BreadcrumbList\",\"@id\":\"https:\\\/\\\/artworkprofesional.com\\\/boletin\\\/#breadcrumb\",\"itemListElement\":[{\"@type\":\"ListItem\",\"position\":1,\"name\":\"Portada\",\"item\":\"https:\\\/\\\/artworkprofesional.com\\\/\"},{\"@type\":\"ListItem\",\"position\":2,\"name\":\"Bolet\u00edn\"}]},{\"@type\":\"WebSite\",\"@id\":\"https:\\\/\\\/artworkprofesional.com\\\/#website\",\"url\":\"https:\\\/\\\/artworkprofesional.com\\\/\",\"name\":\"Art Work Professional\",\"description\":\"Hair Creativity\",\"publisher\":{\"@id\":\"https:\\\/\\\/artworkprofesional.com\\\/#organization\"},\"potentialAction\":[{\"@type\":\"SearchAction\",\"target\":{\"@type\":\"EntryPoint\",\"urlTemplate\":\"https:\\\/\\\/artworkprofesional.com\\\/?s={search_term_string}\"},\"query-input\":{\"@type\":\"PropertyValueSpecification\",\"valueRequired\":true,\"valueName\":\"search_term_string\"}}],\"inLanguage\":\"en-US\"},{\"@type\":\"Organization\",\"@id\":\"https:\\\/\\\/artworkprofesional.com\\\/#organization\",\"name\":\"ArtWork Professional\",\"url\":\"https:\\\/\\\/artworkprofesional.com\\\/\",\"logo\":{\"@type\":\"ImageObject\",\"inLanguage\":\"en-US\",\"@id\":\"https:\\\/\\\/artworkprofesional.com\\\/#\\\/schema\\\/logo\\\/image\\\/\",\"url\":\"https:\\\/\\\/artworkprofesional.com\\\/wp-content\\\/uploads\\\/2021\\\/03\\\/LOGO-ARTWORK-negro-sinfondo.png\",\"contentUrl\":\"https:\\\/\\\/artworkprofesional.com\\\/wp-content\\\/uploads\\\/2021\\\/03\\\/LOGO-ARTWORK-negro-sinfondo.png\",\"width\":749,\"height\":389,\"caption\":\"ArtWork Professional\"},\"image\":{\"@id\":\"https:\\\/\\\/artworkprofesional.com\\\/#\\\/schema\\\/logo\\\/image\\\/\"},\"sameAs\":[\"https:\\\/\\\/www.facebook.com\\\/artworkprofessional\\\/\",\"https:\\\/\\\/www.instagram.com\\\/artwork.profesional\\\/?hl=es\"]}]}<\/script>\n<!-- \/ Yoast SEO plugin. -->","yoast_head_json":{"title":"Newsletter - Art Work Professional","robots":{"index":"index","follow":"follow","max-snippet":"max-snippet:-1","max-image-preview":"max-image-preview:large","max-video-preview":"max-video-preview:-1"},"canonical":"https:\/\/artworkprofesional.com\/en\/boletin\/","og_locale":"en_US","og_type":"article","og_title":"Bolet\u00edn - Art Work Professional","og_url":"https:\/\/artworkprofesional.com\/en\/boletin\/","og_site_name":"Art Work Professional","article_publisher":"https:\/\/www.facebook.com\/artworkprofessional\/","article_modified_time":"2021-06-01T12:55:19+00:00","twitter_card":"summary_large_image","twitter_misc":{"Est. reading time":"1 minute"},"schema":{"@context":"https:\/\/schema.org","@graph":[{"@type":"WebPage","@id":"https:\/\/artworkprofesional.com\/boletin\/","url":"https:\/\/artworkprofesional.com\/boletin\/","name":"Newsletter - Art Work Professional","isPartOf":{"@id":"https:\/\/artworkprofesional.com\/#website"},"datePublished":"2021-05-28T16:01:12+00:00","dateModified":"2021-06-01T12:55:19+00:00","breadcrumb":{"@id":"https:\/\/artworkprofesional.com\/boletin\/#breadcrumb"},"inLanguage":"en-US","potentialAction":[{"@type":"ReadAction","target":["https:\/\/artworkprofesional.com\/boletin\/"]}]},{"@type":"BreadcrumbList","@id":"https:\/\/artworkprofesional.com\/boletin\/#breadcrumb","itemListElement":[{"@type":"ListItem","position":1,"name":"Portada","item":"https:\/\/artworkprofesional.com\/"},{"@type":"ListItem","position":2,"name":"Bolet\u00edn"}]},{"@type":"WebSite","@id":"https:\/\/artworkprofesional.com\/#website","url":"https:\/\/artworkprofesional.com\/","name":"Art Work Professional","description":"Hair Creativity","publisher":{"@id":"https:\/\/artworkprofesional.com\/#organization"},"potentialAction":[{"@type":"SearchAction","target":{"@type":"EntryPoint","urlTemplate":"https:\/\/artworkprofesional.com\/?s={search_term_string}"},"query-input":{"@type":"PropertyValueSpecification","valueRequired":true,"valueName":"search_term_string"}}],"inLanguage":"en-US"},{"@type":"Organization","@id":"https:\/\/artworkprofesional.com\/#organization","name":"ArtWork Professional","url":"https:\/\/artworkprofesional.com\/","logo":{"@type":"ImageObject","inLanguage":"en-US","@id":"https:\/\/artworkprofesional.com\/#\/schema\/logo\/image\/","url":"https:\/\/artworkprofesional.com\/wp-content\/uploads\/2021\/03\/LOGO-ARTWORK-negro-sinfondo.png","contentUrl":"https:\/\/artworkprofesional.com\/wp-content\/uploads\/2021\/03\/LOGO-ARTWORK-negro-sinfondo.png","width":749,"height":389,"caption":"ArtWork Professional"},"image":{"@id":"https:\/\/artworkprofesional.com\/#\/schema\/logo\/image\/"},"sameAs":["https:\/\/www.facebook.com\/artworkprofessional\/","https:\/\/www.instagram.com\/artwork.profesional\/?hl=es"]}]}},"_links":{"self":[{"href":"https:\/\/artworkprofesional.com\/en\/wp-json\/wp\/v2\/pages\/2098","targetHints":{"allow":["GET"]}}],"collection":[{"href":"https:\/\/artworkprofesional.com\/en\/wp-json\/wp\/v2\/pages"}],"about":[{"href":"https:\/\/artworkprofesional.com\/en\/wp-json\/wp\/v2\/types\/page"}],"author":[{"embeddable":true,"href":"https:\/\/artworkprofesional.com\/en\/wp-json\/wp\/v2\/users\/1"}],"replies":[{"embeddable":true,"href":"https:\/\/artworkprofesional.com\/en\/wp-json\/wp\/v2\/comments?post=2098"}],"version-history":[{"count":0,"href":"https:\/\/artworkprofesional.com\/en\/wp-json\/wp\/v2\/pages\/2098\/revisions"}],"wp:attachment":[{"href":"https:\/\/artworkprofesional.com\/en\/wp-json\/wp\/v2\/media?parent=2098"}],"curies":[{"name":"wp","href":"https:\/\/api.w.org\/{rel}","templated":true}]}}