{"id":1555,"date":"2021-03-14T13:29:42","date_gmt":"2021-03-14T13:29:42","guid":{"rendered":"https:\/\/artworkprofesional.dreamhosters.com\/?post_type=product&#038;p=1555"},"modified":"2026-04-17T11:43:50","modified_gmt":"2026-04-17T11:43:50","slug":"shampoo-antioxidante-uso-frecuente","status":"publish","type":"product","link":"https:\/\/artworkprofesional.com\/en\/product\/shampoo-antioxidante-uso-frecuente\/","title":{"rendered":"Shampoo Antioxidante Uso Frecuente True Nature"},"content":{"rendered":"<ul>\n<li>F\u00f3rmula vegana<\/li>\n<li>Antioxidant, protects from free radicals.<\/li>\n<li>It is ideal for washing hair daily.<\/li>\n<li>Hydrates and protects the scalp.<\/li>\n<li>Suitable for sensitive scalp.<\/li>\n<li>83% de ingredientes de origen natural<\/li>\n<li>Sin Sulfatos, sin siliconas, sin <span class=\"OYPEnA font-feature-liga-off font-feature-clig-off font-feature-calt-off text-decoration-none text-strikethrough-none\">parafinas, sin parabenos, s<\/span><span class=\"OYPEnA font-feature-liga-off font-feature-clig-off font-feature-calt-off text-decoration-none text-strikethrough-none\">in origen animal (vegano)<\/span><\/li>\n<li>Envase reciclado, elaborado en el pl\u00e1stico de mayor facilidad para el reciclaje ( R PET)<\/li>\n<\/ul>\n<p><span class=\"OYPEnA font-feature-liga-off font-feature-clig-off font-feature-calt-off text-decoration-none text-strikethrough-none\">INGREDIENTS: AQUA\/WATER, COCAMIDOPROPYL BETAINE, DISODIUM LAURETH SULFOSUCCINATE, LAURYL GLUCOSIDE, COCAMIDE DEA, PEG-200 HYDROGENATED GLYCERYL PALMATE, PEG-7 GLYCERYL COCOATE, GUAR HYDROXYPROPYLTRIMONIUM CHLORIDE, COCODIMONIUM HYDROXYPROPYL HYDROLYZED WHEAT PROTEIN, VITIS VINIFERA (GRAPE) LEAF EXTRACT, GLYCERIN, LINUM USITATISSIMUM (LINSEED) OIL, ALOE BARBADENSIS LEAF EXTRACT, PARFUM\/FRAGRANCE, LINALOOL, LIMONENE, PHENOXYETHANOL, CAPRYLYL GLYCOL, SODIUM BENZOATE, POTASSIUM SORBATE, CITRIC ACID.<\/span><\/p>","protected":false},"excerpt":{"rendered":"<p class=\"cvGsUA direction-ltr align-start para-style-body\"><span class=\"OYPEnA font-feature-liga-off font-feature-clig-off font-feature-calt-off text-decoration-none text-strikethrough-none\">Perfecto para lavar el cabello de forma frecuente. Suaviza, hidrata, regenera y evita la oxidaci\u00f3n del cuero cabelludo y del cabello.<\/span><\/p>\n<p class=\"cvGsUA direction-ltr align-start para-style-body\"><span class=\"OYPEnA font-feature-liga-off font-feature-clig-off font-feature-calt-off text-decoration-none text-strikethrough-none\">Con <\/span><strong><span class=\"OYPEnA font-feature-liga-off font-feature-clig-off font-feature-calt-off text-decoration-none text-strikethrough-none\">prote\u00edna vegetal, aloe vera, aceite de lino (rico omega-3) y extracto de Vid Roja<\/span><\/strong><span class=\"OYPEnA font-feature-liga-off font-feature-clig-off font-feature-calt-off text-decoration-none text-strikethrough-none\">, desarrolla una acci\u00f3n antioxidante contra los efectos nocivos de los radicales libres sobre el cabello, otorg\u00e1ndole resistencia, luminosidad y protecci\u00f3n.<\/span><\/p>\n<p>Formato 500 ml<\/p>\n<p>Para un tratamiento m\u00e1s completo, comb\u00ednalo con&#8230;<\/p>\n<ul>\n<li>La Mascarilla Antioxidante, acondicionadora y protectora.<\/li>\n<li>The <a href=\"https:\/\/artworkprofesional.com\/en\/product\/mascarilla-cabello-encrespado\/\">Mascarilla Anti Frizz<\/a> para cabellos encrespados.<\/li>\n<li>The<a href=\"https:\/\/artworkprofesional.com\/en\/producto\/mascarilla-infusion-regeneradora\/\"> Mascarilla Regenerante<\/a> para una restauraci\u00f3n completa del cabello da\u00f1ado.<\/li>\n<li>The <a href=\"https:\/\/artworkprofesional.com\/en\/product\/mascarilla-infusion-nutritiva\/\">Mascarilla Nutritiva<\/a> para un tratamiento de nutrici\u00f3n completa.<\/li>\n<li>The <a href=\"https:\/\/artworkprofesional.com\/en\/product\/mascarilla-cabello-encrespado\/\">Mascarilla Anti Frizz<\/a> para cabellos encrespados.<\/li>\n<li>The<a href=\"https:\/\/artworkprofesional.com\/en\/producto\/mascarilla-infusion-regeneradora\/\"> Mascarilla Regenerante<\/a> para una restauraci\u00f3n completa del cabello da\u00f1ado.<\/li>\n<li>The <a href=\"https:\/\/artworkprofesional.com\/en\/product\/mascarilla-infusion-cabellos-coloreados\/\">Mascarilla Color<\/a>, para prolongar el color en cabellos coloreados o decolorados.<\/li>\n<\/ul>\n<p>\u00a0<\/p>\n<p>\u00a0<\/p>","protected":false},"featured_media":4422,"template":"","meta":[],"product_brand":[],"product_cat":[49],"product_tag":[],"class_list":{"0":"post-1555","1":"product","2":"type-product","3":"status-publish","4":"has-post-thumbnail","6":"product_cat-tratamiento-bio-true-nature","7":"pa_linea-true-nature","9":"first","10":"instock","11":"taxable","12":"shipping-taxable","13":"purchasable","14":"product-type-simple"},"yoast_head":"<!-- This site is optimized with the Yoast SEO plugin v27.4 - https:\/\/yoast.com\/product\/yoast-seo-wordpress\/ -->\n<title>Shampoo Antioxidante Uso Frecuente True Nature - Art Work Professional<\/title>\n<meta name=\"robots\" content=\"index, follow, max-snippet:-1, max-image-preview:large, max-video-preview:-1\" \/>\n<link rel=\"canonical\" href=\"https:\/\/artworkprofesional.com\/en\/product\/shampoo-antioxidante-uso-frecuente\/\" \/>\n<meta property=\"og:locale\" content=\"en_US\" \/>\n<meta property=\"og:type\" content=\"article\" \/>\n<meta property=\"og:title\" content=\"Shampoo Antioxidante Uso Frecuente True Nature - Art Work Professional\" \/>\n<meta property=\"og:description\" content=\"Perfecto para lavar el cabello de forma frecuente. Suaviza, hidrata, regenera y evita la oxidaci\u00f3n del cuero cabelludo y del cabello. Con prote\u00edna vegetal, aloe vera, aceite de lino (rico omega-3) y extracto de Vid Roja, desarrolla una acci\u00f3n antioxidante contra los efectos nocivos de los radicales libres sobre el cabello, otorg\u00e1ndole resistencia, luminosidad y protecci\u00f3n. Formato 500 ml  Para un tratamiento m\u00e1s completo, comb\u00ednalo con...   La Mascarilla Antioxidante, acondicionadora y protectora.  La Mascarilla Anti Frizz para cabellos encrespados.  La Mascarilla Regenerante para una restauraci\u00f3n completa del cabello da\u00f1ado.  La Mascarilla Nutritiva para un tratamiento de nutrici\u00f3n completa.  La Mascarilla Anti Frizz para cabellos encrespados.  La Mascarilla Regenerante para una restauraci\u00f3n completa del cabello da\u00f1ado.  La Mascarilla Color, para prolongar el color en cabellos coloreados o decolorados.  \u00a0  \u00a0\" \/>\n<meta property=\"og:url\" content=\"https:\/\/artworkprofesional.com\/en\/product\/shampoo-antioxidante-uso-frecuente\/\" \/>\n<meta property=\"og:site_name\" content=\"Art Work Professional\" \/>\n<meta property=\"article:publisher\" content=\"https:\/\/www.facebook.com\/artworkprofessional\/\" \/>\n<meta property=\"article:modified_time\" content=\"2026-04-17T11:43:50+00:00\" \/>\n<meta property=\"og:image\" content=\"https:\/\/artworkprofesional.com\/wp-content\/uploads\/2021\/03\/True-Nature-Shampoo-Antioxidante-Frecuente.jpg\" \/>\n\t<meta property=\"og:image:width\" content=\"800\" \/>\n\t<meta property=\"og:image:height\" content=\"1200\" \/>\n\t<meta property=\"og:image:type\" content=\"image\/jpeg\" \/>\n<meta name=\"twitter:card\" content=\"summary_large_image\" \/>\n<meta name=\"twitter:label1\" content=\"Est. reading time\" \/>\n\t<meta name=\"twitter:data1\" content=\"1 minute\" \/>\n<script type=\"application\/ld+json\" class=\"yoast-schema-graph\">{\"@context\":\"https:\\\/\\\/schema.org\",\"@graph\":[{\"@type\":\"WebPage\",\"@id\":\"https:\\\/\\\/artworkprofesional.com\\\/producto\\\/shampoo-antioxidante-uso-frecuente\\\/\",\"url\":\"https:\\\/\\\/artworkprofesional.com\\\/producto\\\/shampoo-antioxidante-uso-frecuente\\\/\",\"name\":\"Shampoo Antioxidante Uso Frecuente True Nature - Art Work Professional\",\"isPartOf\":{\"@id\":\"https:\\\/\\\/artworkprofesional.com\\\/#website\"},\"primaryImageOfPage\":{\"@id\":\"https:\\\/\\\/artworkprofesional.com\\\/producto\\\/shampoo-antioxidante-uso-frecuente\\\/#primaryimage\"},\"image\":{\"@id\":\"https:\\\/\\\/artworkprofesional.com\\\/producto\\\/shampoo-antioxidante-uso-frecuente\\\/#primaryimage\"},\"thumbnailUrl\":\"https:\\\/\\\/artworkprofesional.com\\\/wp-content\\\/uploads\\\/2021\\\/03\\\/True-Nature-Shampoo-Antioxidante-Frecuente.jpg\",\"datePublished\":\"2021-03-14T13:29:42+00:00\",\"dateModified\":\"2026-04-17T11:43:50+00:00\",\"breadcrumb\":{\"@id\":\"https:\\\/\\\/artworkprofesional.com\\\/producto\\\/shampoo-antioxidante-uso-frecuente\\\/#breadcrumb\"},\"inLanguage\":\"en-US\",\"potentialAction\":[{\"@type\":\"ReadAction\",\"target\":[\"https:\\\/\\\/artworkprofesional.com\\\/producto\\\/shampoo-antioxidante-uso-frecuente\\\/\"]}]},{\"@type\":\"ImageObject\",\"inLanguage\":\"en-US\",\"@id\":\"https:\\\/\\\/artworkprofesional.com\\\/producto\\\/shampoo-antioxidante-uso-frecuente\\\/#primaryimage\",\"url\":\"https:\\\/\\\/artworkprofesional.com\\\/wp-content\\\/uploads\\\/2021\\\/03\\\/True-Nature-Shampoo-Antioxidante-Frecuente.jpg\",\"contentUrl\":\"https:\\\/\\\/artworkprofesional.com\\\/wp-content\\\/uploads\\\/2021\\\/03\\\/True-Nature-Shampoo-Antioxidante-Frecuente.jpg\",\"width\":800,\"height\":1200},{\"@type\":\"BreadcrumbList\",\"@id\":\"https:\\\/\\\/artworkprofesional.com\\\/producto\\\/shampoo-antioxidante-uso-frecuente\\\/#breadcrumb\",\"itemListElement\":[{\"@type\":\"ListItem\",\"position\":1,\"name\":\"Portada\",\"item\":\"https:\\\/\\\/artworkprofesional.com\\\/\"},{\"@type\":\"ListItem\",\"position\":2,\"name\":\"Tienda\",\"item\":\"https:\\\/\\\/artworkprofesional.com\\\/tienda\\\/\"},{\"@type\":\"ListItem\",\"position\":3,\"name\":\"Shampoo Antioxidante Uso Frecuente True Nature\"}]},{\"@type\":\"WebSite\",\"@id\":\"https:\\\/\\\/artworkprofesional.com\\\/#website\",\"url\":\"https:\\\/\\\/artworkprofesional.com\\\/\",\"name\":\"Art Work Professional\",\"description\":\"Hair Creativity\",\"publisher\":{\"@id\":\"https:\\\/\\\/artworkprofesional.com\\\/#organization\"},\"potentialAction\":[{\"@type\":\"SearchAction\",\"target\":{\"@type\":\"EntryPoint\",\"urlTemplate\":\"https:\\\/\\\/artworkprofesional.com\\\/?s={search_term_string}\"},\"query-input\":{\"@type\":\"PropertyValueSpecification\",\"valueRequired\":true,\"valueName\":\"search_term_string\"}}],\"inLanguage\":\"en-US\"},{\"@type\":\"Organization\",\"@id\":\"https:\\\/\\\/artworkprofesional.com\\\/#organization\",\"name\":\"ArtWork Professional\",\"url\":\"https:\\\/\\\/artworkprofesional.com\\\/\",\"logo\":{\"@type\":\"ImageObject\",\"inLanguage\":\"en-US\",\"@id\":\"https:\\\/\\\/artworkprofesional.com\\\/#\\\/schema\\\/logo\\\/image\\\/\",\"url\":\"https:\\\/\\\/artworkprofesional.com\\\/wp-content\\\/uploads\\\/2021\\\/03\\\/LOGO-ARTWORK-negro-sinfondo.png\",\"contentUrl\":\"https:\\\/\\\/artworkprofesional.com\\\/wp-content\\\/uploads\\\/2021\\\/03\\\/LOGO-ARTWORK-negro-sinfondo.png\",\"width\":749,\"height\":389,\"caption\":\"ArtWork Professional\"},\"image\":{\"@id\":\"https:\\\/\\\/artworkprofesional.com\\\/#\\\/schema\\\/logo\\\/image\\\/\"},\"sameAs\":[\"https:\\\/\\\/www.facebook.com\\\/artworkprofessional\\\/\",\"https:\\\/\\\/www.instagram.com\\\/artwork.profesional\\\/?hl=es\"]}]}<\/script>\n<!-- \/ Yoast SEO plugin. -->","yoast_head_json":{"title":"Shampoo Antioxidante Uso Frecuente True Nature - Art Work Professional","robots":{"index":"index","follow":"follow","max-snippet":"max-snippet:-1","max-image-preview":"max-image-preview:large","max-video-preview":"max-video-preview:-1"},"canonical":"https:\/\/artworkprofesional.com\/en\/product\/shampoo-antioxidante-uso-frecuente\/","og_locale":"en_US","og_type":"article","og_title":"Shampoo Antioxidante Uso Frecuente True Nature - Art Work Professional","og_description":"Perfecto para lavar el cabello de forma frecuente. Suaviza, hidrata, regenera y evita la oxidaci\u00f3n del cuero cabelludo y del cabello. Con prote\u00edna vegetal, aloe vera, aceite de lino (rico omega-3) y extracto de Vid Roja, desarrolla una acci\u00f3n antioxidante contra los efectos nocivos de los radicales libres sobre el cabello, otorg\u00e1ndole resistencia, luminosidad y protecci\u00f3n. Formato 500 ml  Para un tratamiento m\u00e1s completo, comb\u00ednalo con...   La Mascarilla Antioxidante, acondicionadora y protectora.  La Mascarilla Anti Frizz para cabellos encrespados.  La Mascarilla Regenerante para una restauraci\u00f3n completa del cabello da\u00f1ado.  La Mascarilla Nutritiva para un tratamiento de nutrici\u00f3n completa.  La Mascarilla Anti Frizz para cabellos encrespados.  La Mascarilla Regenerante para una restauraci\u00f3n completa del cabello da\u00f1ado.  La Mascarilla Color, para prolongar el color en cabellos coloreados o decolorados.  \u00a0  \u00a0","og_url":"https:\/\/artworkprofesional.com\/en\/product\/shampoo-antioxidante-uso-frecuente\/","og_site_name":"Art Work Professional","article_publisher":"https:\/\/www.facebook.com\/artworkprofessional\/","article_modified_time":"2026-04-17T11:43:50+00:00","og_image":[{"width":800,"height":1200,"url":"https:\/\/artworkprofesional.com\/wp-content\/uploads\/2021\/03\/True-Nature-Shampoo-Antioxidante-Frecuente.jpg","type":"image\/jpeg"}],"twitter_card":"summary_large_image","twitter_misc":{"Est. reading time":"1 minute"},"schema":{"@context":"https:\/\/schema.org","@graph":[{"@type":"WebPage","@id":"https:\/\/artworkprofesional.com\/producto\/shampoo-antioxidante-uso-frecuente\/","url":"https:\/\/artworkprofesional.com\/producto\/shampoo-antioxidante-uso-frecuente\/","name":"Shampoo Antioxidante Uso Frecuente True Nature - Art Work Professional","isPartOf":{"@id":"https:\/\/artworkprofesional.com\/#website"},"primaryImageOfPage":{"@id":"https:\/\/artworkprofesional.com\/producto\/shampoo-antioxidante-uso-frecuente\/#primaryimage"},"image":{"@id":"https:\/\/artworkprofesional.com\/producto\/shampoo-antioxidante-uso-frecuente\/#primaryimage"},"thumbnailUrl":"https:\/\/artworkprofesional.com\/wp-content\/uploads\/2021\/03\/True-Nature-Shampoo-Antioxidante-Frecuente.jpg","datePublished":"2021-03-14T13:29:42+00:00","dateModified":"2026-04-17T11:43:50+00:00","breadcrumb":{"@id":"https:\/\/artworkprofesional.com\/producto\/shampoo-antioxidante-uso-frecuente\/#breadcrumb"},"inLanguage":"en-US","potentialAction":[{"@type":"ReadAction","target":["https:\/\/artworkprofesional.com\/producto\/shampoo-antioxidante-uso-frecuente\/"]}]},{"@type":"ImageObject","inLanguage":"en-US","@id":"https:\/\/artworkprofesional.com\/producto\/shampoo-antioxidante-uso-frecuente\/#primaryimage","url":"https:\/\/artworkprofesional.com\/wp-content\/uploads\/2021\/03\/True-Nature-Shampoo-Antioxidante-Frecuente.jpg","contentUrl":"https:\/\/artworkprofesional.com\/wp-content\/uploads\/2021\/03\/True-Nature-Shampoo-Antioxidante-Frecuente.jpg","width":800,"height":1200},{"@type":"BreadcrumbList","@id":"https:\/\/artworkprofesional.com\/producto\/shampoo-antioxidante-uso-frecuente\/#breadcrumb","itemListElement":[{"@type":"ListItem","position":1,"name":"Portada","item":"https:\/\/artworkprofesional.com\/"},{"@type":"ListItem","position":2,"name":"Tienda","item":"https:\/\/artworkprofesional.com\/tienda\/"},{"@type":"ListItem","position":3,"name":"Shampoo Antioxidante Uso Frecuente True Nature"}]},{"@type":"WebSite","@id":"https:\/\/artworkprofesional.com\/#website","url":"https:\/\/artworkprofesional.com\/","name":"Art Work Professional","description":"Hair Creativity","publisher":{"@id":"https:\/\/artworkprofesional.com\/#organization"},"potentialAction":[{"@type":"SearchAction","target":{"@type":"EntryPoint","urlTemplate":"https:\/\/artworkprofesional.com\/?s={search_term_string}"},"query-input":{"@type":"PropertyValueSpecification","valueRequired":true,"valueName":"search_term_string"}}],"inLanguage":"en-US"},{"@type":"Organization","@id":"https:\/\/artworkprofesional.com\/#organization","name":"ArtWork Professional","url":"https:\/\/artworkprofesional.com\/","logo":{"@type":"ImageObject","inLanguage":"en-US","@id":"https:\/\/artworkprofesional.com\/#\/schema\/logo\/image\/","url":"https:\/\/artworkprofesional.com\/wp-content\/uploads\/2021\/03\/LOGO-ARTWORK-negro-sinfondo.png","contentUrl":"https:\/\/artworkprofesional.com\/wp-content\/uploads\/2021\/03\/LOGO-ARTWORK-negro-sinfondo.png","width":749,"height":389,"caption":"ArtWork Professional"},"image":{"@id":"https:\/\/artworkprofesional.com\/#\/schema\/logo\/image\/"},"sameAs":["https:\/\/www.facebook.com\/artworkprofessional\/","https:\/\/www.instagram.com\/artwork.profesional\/?hl=es"]}]}},"_links":{"self":[{"href":"https:\/\/artworkprofesional.com\/en\/wp-json\/wp\/v2\/product\/1555","targetHints":{"allow":["GET"]}}],"collection":[{"href":"https:\/\/artworkprofesional.com\/en\/wp-json\/wp\/v2\/product"}],"about":[{"href":"https:\/\/artworkprofesional.com\/en\/wp-json\/wp\/v2\/types\/product"}],"wp:featuredmedia":[{"embeddable":true,"href":"https:\/\/artworkprofesional.com\/en\/wp-json\/wp\/v2\/media\/4422"}],"wp:attachment":[{"href":"https:\/\/artworkprofesional.com\/en\/wp-json\/wp\/v2\/media?parent=1555"}],"wp:term":[{"taxonomy":"product_brand","embeddable":true,"href":"https:\/\/artworkprofesional.com\/en\/wp-json\/wp\/v2\/product_brand?post=1555"},{"taxonomy":"product_cat","embeddable":true,"href":"https:\/\/artworkprofesional.com\/en\/wp-json\/wp\/v2\/product_cat?post=1555"},{"taxonomy":"product_tag","embeddable":true,"href":"https:\/\/artworkprofesional.com\/en\/wp-json\/wp\/v2\/product_tag?post=1555"}],"curies":[{"name":"wp","href":"https:\/\/api.w.org\/{rel}","templated":true}]}}