{"id":1574,"date":"2021-03-14T14:31:01","date_gmt":"2021-03-14T14:31:01","guid":{"rendered":"https:\/\/artworkprofesional.dreamhosters.com\/?post_type=product&#038;p=1574"},"modified":"2026-04-17T11:37:37","modified_gmt":"2026-04-17T11:37:37","slug":"nectar-shampoo","status":"publish","type":"product","link":"https:\/\/artworkprofesional.com\/en\/product\/nectar-shampoo\/","title":{"rendered":"Nectar Shampoo coloreados 500 ml"},"content":{"rendered":"<p>For a hydrating and luminous action.<br \/>\nTreatment for the care of colored hair, which nourishes, illuminates, enhances the color and revitalizes the hair. With nourishing and moisturizing active ingredients such as Taman\u00fa oil, Macadamia, Argan and Silk Extract.<\/p>","protected":false},"excerpt":{"rendered":"<p>For a hydrating and luminous action.<br \/>\nTreatment for the care of colored hair, which nourishes, illuminates, enhances the color and revitalizes the hair. With nourishing and moisturizing active ingredients such as Taman\u00fa oil, Macadamia, Argan and Silk Extract.<\/p>","protected":false},"featured_media":1924,"template":"","meta":[],"product_brand":[],"product_cat":[51],"product_tag":[],"class_list":{"0":"post-1574","1":"product","2":"type-product","3":"status-publish","4":"has-post-thumbnail","6":"product_cat-tratamiento-color-nectar","7":"pa_linea-nectar","9":"first","10":"instock","11":"taxable","12":"shipping-taxable","13":"purchasable","14":"product-type-simple"},"yoast_head":"<!-- This site is optimized with the Yoast SEO plugin v27.4 - https:\/\/yoast.com\/product\/yoast-seo-wordpress\/ -->\n<title>Nectar Shampoo coloreados 500 ml - Art Work Professional<\/title>\n<meta name=\"description\" content=\"Para una acci\u00f3n hidratante y luminosa. Con activos nutritivos e hidratantes como el aceite de Taman\u00fa, Macadamia, Arg\u00e1n y Extracto de Seda.\" \/>\n<meta name=\"robots\" content=\"index, follow, max-snippet:-1, max-image-preview:large, max-video-preview:-1\" \/>\n<link rel=\"canonical\" href=\"https:\/\/artworkprofesional.com\/en\/product\/nectar-shampoo\/\" \/>\n<meta property=\"og:locale\" content=\"en_US\" \/>\n<meta property=\"og:type\" content=\"article\" \/>\n<meta property=\"og:title\" content=\"Nectar Shampoo coloreados 500 ml - Art Work Professional\" \/>\n<meta property=\"og:description\" content=\"Para una acci\u00f3n hidratante y luminosa. Con activos nutritivos e hidratantes como el aceite de Taman\u00fa, Macadamia, Arg\u00e1n y Extracto de Seda.\" \/>\n<meta property=\"og:url\" content=\"https:\/\/artworkprofesional.com\/en\/product\/nectar-shampoo\/\" \/>\n<meta property=\"og:site_name\" content=\"Art Work Professional\" \/>\n<meta property=\"article:publisher\" content=\"https:\/\/www.facebook.com\/artworkprofessional\/\" \/>\n<meta property=\"article:modified_time\" content=\"2026-04-17T11:37:37+00:00\" \/>\n<meta property=\"og:image\" content=\"https:\/\/artworkprofesional.com\/wp-content\/uploads\/2021\/03\/Nectar-Shampoo.jpg\" \/>\n\t<meta property=\"og:image:width\" content=\"800\" \/>\n\t<meta property=\"og:image:height\" content=\"1200\" \/>\n\t<meta property=\"og:image:type\" content=\"image\/jpeg\" \/>\n<meta name=\"twitter:card\" content=\"summary_large_image\" \/>\n<meta name=\"twitter:label1\" content=\"Est. reading time\" \/>\n\t<meta name=\"twitter:data1\" content=\"1 minute\" \/>\n<script type=\"application\/ld+json\" class=\"yoast-schema-graph\">{\"@context\":\"https:\\\/\\\/schema.org\",\"@graph\":[{\"@type\":\"WebPage\",\"@id\":\"https:\\\/\\\/artworkprofesional.com\\\/producto\\\/nectar-shampoo\\\/\",\"url\":\"https:\\\/\\\/artworkprofesional.com\\\/producto\\\/nectar-shampoo\\\/\",\"name\":\"Nectar Shampoo coloreados 500 ml - Art Work Professional\",\"isPartOf\":{\"@id\":\"https:\\\/\\\/artworkprofesional.com\\\/#website\"},\"primaryImageOfPage\":{\"@id\":\"https:\\\/\\\/artworkprofesional.com\\\/producto\\\/nectar-shampoo\\\/#primaryimage\"},\"image\":{\"@id\":\"https:\\\/\\\/artworkprofesional.com\\\/producto\\\/nectar-shampoo\\\/#primaryimage\"},\"thumbnailUrl\":\"https:\\\/\\\/artworkprofesional.com\\\/wp-content\\\/uploads\\\/2021\\\/03\\\/Nectar-Shampoo.jpg\",\"datePublished\":\"2021-03-14T14:31:01+00:00\",\"dateModified\":\"2026-04-17T11:37:37+00:00\",\"description\":\"Para una acci\u00f3n hidratante y luminosa. Con activos nutritivos e hidratantes como el aceite de Taman\u00fa, Macadamia, Arg\u00e1n y Extracto de Seda.\",\"breadcrumb\":{\"@id\":\"https:\\\/\\\/artworkprofesional.com\\\/producto\\\/nectar-shampoo\\\/#breadcrumb\"},\"inLanguage\":\"en-US\",\"potentialAction\":[{\"@type\":\"ReadAction\",\"target\":[\"https:\\\/\\\/artworkprofesional.com\\\/producto\\\/nectar-shampoo\\\/\"]}]},{\"@type\":\"ImageObject\",\"inLanguage\":\"en-US\",\"@id\":\"https:\\\/\\\/artworkprofesional.com\\\/producto\\\/nectar-shampoo\\\/#primaryimage\",\"url\":\"https:\\\/\\\/artworkprofesional.com\\\/wp-content\\\/uploads\\\/2021\\\/03\\\/Nectar-Shampoo.jpg\",\"contentUrl\":\"https:\\\/\\\/artworkprofesional.com\\\/wp-content\\\/uploads\\\/2021\\\/03\\\/Nectar-Shampoo.jpg\",\"width\":800,\"height\":1200},{\"@type\":\"BreadcrumbList\",\"@id\":\"https:\\\/\\\/artworkprofesional.com\\\/producto\\\/nectar-shampoo\\\/#breadcrumb\",\"itemListElement\":[{\"@type\":\"ListItem\",\"position\":1,\"name\":\"Portada\",\"item\":\"https:\\\/\\\/artworkprofesional.com\\\/\"},{\"@type\":\"ListItem\",\"position\":2,\"name\":\"Tienda\",\"item\":\"https:\\\/\\\/artworkprofesional.com\\\/tienda\\\/\"},{\"@type\":\"ListItem\",\"position\":3,\"name\":\"Nectar Shampoo coloreados 500 ml\"}]},{\"@type\":\"WebSite\",\"@id\":\"https:\\\/\\\/artworkprofesional.com\\\/#website\",\"url\":\"https:\\\/\\\/artworkprofesional.com\\\/\",\"name\":\"Art Work Professional\",\"description\":\"Hair Creativity\",\"publisher\":{\"@id\":\"https:\\\/\\\/artworkprofesional.com\\\/#organization\"},\"potentialAction\":[{\"@type\":\"SearchAction\",\"target\":{\"@type\":\"EntryPoint\",\"urlTemplate\":\"https:\\\/\\\/artworkprofesional.com\\\/?s={search_term_string}\"},\"query-input\":{\"@type\":\"PropertyValueSpecification\",\"valueRequired\":true,\"valueName\":\"search_term_string\"}}],\"inLanguage\":\"en-US\"},{\"@type\":\"Organization\",\"@id\":\"https:\\\/\\\/artworkprofesional.com\\\/#organization\",\"name\":\"ArtWork Professional\",\"url\":\"https:\\\/\\\/artworkprofesional.com\\\/\",\"logo\":{\"@type\":\"ImageObject\",\"inLanguage\":\"en-US\",\"@id\":\"https:\\\/\\\/artworkprofesional.com\\\/#\\\/schema\\\/logo\\\/image\\\/\",\"url\":\"https:\\\/\\\/artworkprofesional.com\\\/wp-content\\\/uploads\\\/2021\\\/03\\\/LOGO-ARTWORK-negro-sinfondo.png\",\"contentUrl\":\"https:\\\/\\\/artworkprofesional.com\\\/wp-content\\\/uploads\\\/2021\\\/03\\\/LOGO-ARTWORK-negro-sinfondo.png\",\"width\":749,\"height\":389,\"caption\":\"ArtWork Professional\"},\"image\":{\"@id\":\"https:\\\/\\\/artworkprofesional.com\\\/#\\\/schema\\\/logo\\\/image\\\/\"},\"sameAs\":[\"https:\\\/\\\/www.facebook.com\\\/artworkprofessional\\\/\",\"https:\\\/\\\/www.instagram.com\\\/artwork.profesional\\\/?hl=es\"]}]}<\/script>\n<!-- \/ Yoast SEO plugin. -->","yoast_head_json":{"title":"Nectar Shampoo coloreados 500 ml - Art Work Professional","description":"For a hydrating and luminous action. With nourishing and moisturizing active ingredients such as Taman\u00fa oil, Macadamia, Argan and Silk Extract.","robots":{"index":"index","follow":"follow","max-snippet":"max-snippet:-1","max-image-preview":"max-image-preview:large","max-video-preview":"max-video-preview:-1"},"canonical":"https:\/\/artworkprofesional.com\/en\/product\/nectar-shampoo\/","og_locale":"en_US","og_type":"article","og_title":"Nectar Shampoo coloreados 500 ml - Art Work Professional","og_description":"Para una acci\u00f3n hidratante y luminosa. Con activos nutritivos e hidratantes como el aceite de Taman\u00fa, Macadamia, Arg\u00e1n y Extracto de Seda.","og_url":"https:\/\/artworkprofesional.com\/en\/product\/nectar-shampoo\/","og_site_name":"Art Work Professional","article_publisher":"https:\/\/www.facebook.com\/artworkprofessional\/","article_modified_time":"2026-04-17T11:37:37+00:00","og_image":[{"width":800,"height":1200,"url":"https:\/\/artworkprofesional.com\/wp-content\/uploads\/2021\/03\/Nectar-Shampoo.jpg","type":"image\/jpeg"}],"twitter_card":"summary_large_image","twitter_misc":{"Est. reading time":"1 minute"},"schema":{"@context":"https:\/\/schema.org","@graph":[{"@type":"WebPage","@id":"https:\/\/artworkprofesional.com\/producto\/nectar-shampoo\/","url":"https:\/\/artworkprofesional.com\/producto\/nectar-shampoo\/","name":"Nectar Shampoo coloreados 500 ml - Art Work Professional","isPartOf":{"@id":"https:\/\/artworkprofesional.com\/#website"},"primaryImageOfPage":{"@id":"https:\/\/artworkprofesional.com\/producto\/nectar-shampoo\/#primaryimage"},"image":{"@id":"https:\/\/artworkprofesional.com\/producto\/nectar-shampoo\/#primaryimage"},"thumbnailUrl":"https:\/\/artworkprofesional.com\/wp-content\/uploads\/2021\/03\/Nectar-Shampoo.jpg","datePublished":"2021-03-14T14:31:01+00:00","dateModified":"2026-04-17T11:37:37+00:00","description":"For a hydrating and luminous action. With nourishing and moisturizing active ingredients such as Taman\u00fa oil, Macadamia, Argan and Silk Extract.","breadcrumb":{"@id":"https:\/\/artworkprofesional.com\/producto\/nectar-shampoo\/#breadcrumb"},"inLanguage":"en-US","potentialAction":[{"@type":"ReadAction","target":["https:\/\/artworkprofesional.com\/producto\/nectar-shampoo\/"]}]},{"@type":"ImageObject","inLanguage":"en-US","@id":"https:\/\/artworkprofesional.com\/producto\/nectar-shampoo\/#primaryimage","url":"https:\/\/artworkprofesional.com\/wp-content\/uploads\/2021\/03\/Nectar-Shampoo.jpg","contentUrl":"https:\/\/artworkprofesional.com\/wp-content\/uploads\/2021\/03\/Nectar-Shampoo.jpg","width":800,"height":1200},{"@type":"BreadcrumbList","@id":"https:\/\/artworkprofesional.com\/producto\/nectar-shampoo\/#breadcrumb","itemListElement":[{"@type":"ListItem","position":1,"name":"Portada","item":"https:\/\/artworkprofesional.com\/"},{"@type":"ListItem","position":2,"name":"Tienda","item":"https:\/\/artworkprofesional.com\/tienda\/"},{"@type":"ListItem","position":3,"name":"Nectar Shampoo coloreados 500 ml"}]},{"@type":"WebSite","@id":"https:\/\/artworkprofesional.com\/#website","url":"https:\/\/artworkprofesional.com\/","name":"Art Work Professional","description":"Hair Creativity","publisher":{"@id":"https:\/\/artworkprofesional.com\/#organization"},"potentialAction":[{"@type":"SearchAction","target":{"@type":"EntryPoint","urlTemplate":"https:\/\/artworkprofesional.com\/?s={search_term_string}"},"query-input":{"@type":"PropertyValueSpecification","valueRequired":true,"valueName":"search_term_string"}}],"inLanguage":"en-US"},{"@type":"Organization","@id":"https:\/\/artworkprofesional.com\/#organization","name":"ArtWork Professional","url":"https:\/\/artworkprofesional.com\/","logo":{"@type":"ImageObject","inLanguage":"en-US","@id":"https:\/\/artworkprofesional.com\/#\/schema\/logo\/image\/","url":"https:\/\/artworkprofesional.com\/wp-content\/uploads\/2021\/03\/LOGO-ARTWORK-negro-sinfondo.png","contentUrl":"https:\/\/artworkprofesional.com\/wp-content\/uploads\/2021\/03\/LOGO-ARTWORK-negro-sinfondo.png","width":749,"height":389,"caption":"ArtWork Professional"},"image":{"@id":"https:\/\/artworkprofesional.com\/#\/schema\/logo\/image\/"},"sameAs":["https:\/\/www.facebook.com\/artworkprofessional\/","https:\/\/www.instagram.com\/artwork.profesional\/?hl=es"]}]}},"_links":{"self":[{"href":"https:\/\/artworkprofesional.com\/en\/wp-json\/wp\/v2\/product\/1574","targetHints":{"allow":["GET"]}}],"collection":[{"href":"https:\/\/artworkprofesional.com\/en\/wp-json\/wp\/v2\/product"}],"about":[{"href":"https:\/\/artworkprofesional.com\/en\/wp-json\/wp\/v2\/types\/product"}],"wp:featuredmedia":[{"embeddable":true,"href":"https:\/\/artworkprofesional.com\/en\/wp-json\/wp\/v2\/media\/1924"}],"wp:attachment":[{"href":"https:\/\/artworkprofesional.com\/en\/wp-json\/wp\/v2\/media?parent=1574"}],"wp:term":[{"taxonomy":"product_brand","embeddable":true,"href":"https:\/\/artworkprofesional.com\/en\/wp-json\/wp\/v2\/product_brand?post=1574"},{"taxonomy":"product_cat","embeddable":true,"href":"https:\/\/artworkprofesional.com\/en\/wp-json\/wp\/v2\/product_cat?post=1574"},{"taxonomy":"product_tag","embeddable":true,"href":"https:\/\/artworkprofesional.com\/en\/wp-json\/wp\/v2\/product_tag?post=1574"}],"curies":[{"name":"wp","href":"https:\/\/api.w.org\/{rel}","templated":true}]}}