{"id":1566,"date":"2021-03-14T13:41:40","date_gmt":"2021-03-14T13:41:40","guid":{"rendered":"https:\/\/artworkprofesional.dreamhosters.com\/?post_type=product&#038;p=1566"},"modified":"2026-04-17T11:56:12","modified_gmt":"2026-04-17T11:56:12","slug":"mascarilla-regeneradora","status":"publish","type":"product","link":"https:\/\/artworkprofesional.com\/fr\/produit\/mascarilla-regeneradora\/","title":{"rendered":"Masque R\u00e9g\u00e9n\u00e9rant"},"content":{"rendered":"<p>Formato 500 ml<\/p>\n<ul>\n<li>Convient aux cuirs chevelus sensibles.<\/li>\n<li>Con 83% de ingredientes de origen natural.<\/li>\n<li>Sin sulfatos. Sin siliconas<\/li>\n<li>F\u00f3rmula vegana<\/li>\n<\/ul>\n<p><strong>Ingredientes Mascarilla Regeneradora:<\/strong><\/p>\n<p><span class=\"OYPEnA font-feature-liga-off font-feature-clig-off font-feature-calt-off text-decoration-none text-strikethrough-none\">AQUA\/WATER, CETEARYL ALCOHOL, BEHENTRIMONIUM CHLORIDE, GLYCERIN, CAPRYLIC\/CAPRIC TRIGLYCERIDES, LINUM USITATISSIMUM (LINSEED) OIL, COCODIMONIUM HYDROXYPROPYL HYDROLYZED WHEAT PROTEIN, BUTYROSPERMUM PARKII (KARITE SHEA) BUTTER, PARFUM\/FRAGRANCE, LINALOOL, HEXYL CINNAMAL, GUAR HYDROXYPROPYLTRIMONIUM CHLORIDE, OLEA EUROPAEA FRUIT OIL , PHENOXYETHANOL, CAPRYLYL GLYCOL, CITRIC ACID, TOCOPHERYL ACETATE (VITAMIN E)<\/span><\/p>","protected":false},"excerpt":{"rendered":"<p><strong>Mascarilla regeneradora<\/strong> para reparar cabellos da\u00f1ados y desfibrados. Acci\u00f3n regeneradora del col\u00e1geno y la fibra capilar. <span class=\"OYPEnA font-feature-liga-off font-feature-clig-off font-feature-calt-off text-decoration-none text-strikethrough-none\">Gracias a su f\u00f3rmula a base de<strong> prote\u00edna\u00a0 hidrolizada de Trigo, manteca de Karit\u00e9, glicerina vegetal, aceite de lino (rico en Omega-3)<\/strong> Oui <\/span><strong><span class=\"OYPEnA font-feature-liga-off font-feature-clig-off font-feature-calt-off text-decoration-none text-strikethrough-none\">ACEITE DE OLIVA<\/span><\/strong><span class=\"OYPEnA font-feature-liga-off font-feature-clig-off font-feature-calt-off text-decoration-none text-strikethrough-none\">, ricos en \u00e1cidos grasos y vitaminas, e<\/span>spec\u00edficamente formulada para revitalizar el cabello da\u00f1ado y desfibrado.<\/p>\n<p>El extracto de ACEITE DE OLIVA es un ef<span class=\"OYPEnA font-feature-liga-off font-feature-clig-off font-feature-calt-off text-decoration-none text-strikethrough-none\">icaz antioxidante con un potente efecto regenerador por su elevado contenido en vitamina A y E, y \u00e1cidos grasos saturados e insaturados.\u00a0<\/span><\/p>","protected":false},"featured_media":1864,"template":"","meta":[],"product_brand":[],"product_cat":[49],"product_tag":[],"class_list":{"0":"post-1566","1":"product","2":"type-product","3":"status-publish","4":"has-post-thumbnail","6":"product_cat-tratamiento-bio-true-nature","7":"pa_linea-true-nature","9":"first","10":"instock","11":"taxable","12":"shipping-taxable","13":"purchasable","14":"product-type-simple"},"yoast_head":"<!-- This site is optimized with the Yoast SEO plugin v27.4 - https:\/\/yoast.com\/product\/yoast-seo-wordpress\/ -->\n<title>Mascarilla Regeneradora - Art Work Professional<\/title>\n<meta name=\"robots\" content=\"index, follow, max-snippet:-1, max-image-preview:large, max-video-preview:-1\" \/>\n<link rel=\"canonical\" href=\"https:\/\/artworkprofesional.com\/fr\/produit\/mascarilla-regeneradora\/\" \/>\n<meta property=\"og:locale\" content=\"fr_FR\" \/>\n<meta property=\"og:type\" content=\"article\" \/>\n<meta property=\"og:title\" content=\"Mascarilla Regeneradora - Art Work Professional\" \/>\n<meta property=\"og:description\" content=\"Mascarilla regeneradora para reparar cabellos da\u00f1ados y desfibrados. Acci\u00f3n regeneradora del col\u00e1geno y la fibra capilar. Gracias a su f\u00f3rmula a base de prote\u00edna\u00a0 hidrolizada de Trigo, manteca de Karit\u00e9, glicerina vegetal, aceite de lino (rico en Omega-3) y ACEITE DE OLIVA, ricos en \u00e1cidos grasos y vitaminas, espec\u00edficamente formulada para revitalizar el cabello da\u00f1ado y desfibrado.  El extracto de ACEITE DE OLIVA es un eficaz antioxidante con un potente efecto regenerador por su elevado contenido en vitamina A y E, y \u00e1cidos grasos saturados e insaturados.\u00a0\" \/>\n<meta property=\"og:url\" content=\"https:\/\/artworkprofesional.com\/fr\/produit\/mascarilla-regeneradora\/\" \/>\n<meta property=\"og:site_name\" content=\"Art Work Professional\" \/>\n<meta property=\"article:publisher\" content=\"https:\/\/www.facebook.com\/artworkprofessional\/\" \/>\n<meta property=\"article:modified_time\" content=\"2026-04-17T11:56:12+00:00\" \/>\n<meta property=\"og:image\" content=\"https:\/\/artworkprofesional.com\/wp-content\/uploads\/2021\/03\/TrueNature-Mascarilla-Regenerante.jpg\" \/>\n\t<meta property=\"og:image:width\" content=\"800\" \/>\n\t<meta property=\"og:image:height\" content=\"1200\" \/>\n\t<meta property=\"og:image:type\" content=\"image\/jpeg\" \/>\n<meta name=\"twitter:card\" content=\"summary_large_image\" \/>\n<meta name=\"twitter:label1\" content=\"Dur\u00e9e de lecture estim\u00e9e\" \/>\n\t<meta name=\"twitter:data1\" content=\"1 minute\" \/>\n<script type=\"application\/ld+json\" class=\"yoast-schema-graph\">{\"@context\":\"https:\\\/\\\/schema.org\",\"@graph\":[{\"@type\":\"WebPage\",\"@id\":\"https:\\\/\\\/artworkprofesional.com\\\/producto\\\/mascarilla-regeneradora\\\/\",\"url\":\"https:\\\/\\\/artworkprofesional.com\\\/producto\\\/mascarilla-regeneradora\\\/\",\"name\":\"Mascarilla Regeneradora - Art Work Professional\",\"isPartOf\":{\"@id\":\"https:\\\/\\\/artworkprofesional.com\\\/#website\"},\"primaryImageOfPage\":{\"@id\":\"https:\\\/\\\/artworkprofesional.com\\\/producto\\\/mascarilla-regeneradora\\\/#primaryimage\"},\"image\":{\"@id\":\"https:\\\/\\\/artworkprofesional.com\\\/producto\\\/mascarilla-regeneradora\\\/#primaryimage\"},\"thumbnailUrl\":\"https:\\\/\\\/artworkprofesional.com\\\/wp-content\\\/uploads\\\/2021\\\/03\\\/TrueNature-Mascarilla-Regenerante.jpg\",\"datePublished\":\"2021-03-14T13:41:40+00:00\",\"dateModified\":\"2026-04-17T11:56:12+00:00\",\"breadcrumb\":{\"@id\":\"https:\\\/\\\/artworkprofesional.com\\\/producto\\\/mascarilla-regeneradora\\\/#breadcrumb\"},\"inLanguage\":\"fr-FR\",\"potentialAction\":[{\"@type\":\"ReadAction\",\"target\":[\"https:\\\/\\\/artworkprofesional.com\\\/producto\\\/mascarilla-regeneradora\\\/\"]}]},{\"@type\":\"ImageObject\",\"inLanguage\":\"fr-FR\",\"@id\":\"https:\\\/\\\/artworkprofesional.com\\\/producto\\\/mascarilla-regeneradora\\\/#primaryimage\",\"url\":\"https:\\\/\\\/artworkprofesional.com\\\/wp-content\\\/uploads\\\/2021\\\/03\\\/TrueNature-Mascarilla-Regenerante.jpg\",\"contentUrl\":\"https:\\\/\\\/artworkprofesional.com\\\/wp-content\\\/uploads\\\/2021\\\/03\\\/TrueNature-Mascarilla-Regenerante.jpg\",\"width\":800,\"height\":1200},{\"@type\":\"BreadcrumbList\",\"@id\":\"https:\\\/\\\/artworkprofesional.com\\\/producto\\\/mascarilla-regeneradora\\\/#breadcrumb\",\"itemListElement\":[{\"@type\":\"ListItem\",\"position\":1,\"name\":\"Portada\",\"item\":\"https:\\\/\\\/artworkprofesional.com\\\/\"},{\"@type\":\"ListItem\",\"position\":2,\"name\":\"Tienda\",\"item\":\"https:\\\/\\\/artworkprofesional.com\\\/tienda\\\/\"},{\"@type\":\"ListItem\",\"position\":3,\"name\":\"Mascarilla Regeneradora\"}]},{\"@type\":\"WebSite\",\"@id\":\"https:\\\/\\\/artworkprofesional.com\\\/#website\",\"url\":\"https:\\\/\\\/artworkprofesional.com\\\/\",\"name\":\"Art Work Professional\",\"description\":\"Hair Creativity\",\"publisher\":{\"@id\":\"https:\\\/\\\/artworkprofesional.com\\\/#organization\"},\"potentialAction\":[{\"@type\":\"SearchAction\",\"target\":{\"@type\":\"EntryPoint\",\"urlTemplate\":\"https:\\\/\\\/artworkprofesional.com\\\/?s={search_term_string}\"},\"query-input\":{\"@type\":\"PropertyValueSpecification\",\"valueRequired\":true,\"valueName\":\"search_term_string\"}}],\"inLanguage\":\"fr-FR\"},{\"@type\":\"Organization\",\"@id\":\"https:\\\/\\\/artworkprofesional.com\\\/#organization\",\"name\":\"ArtWork Professional\",\"url\":\"https:\\\/\\\/artworkprofesional.com\\\/\",\"logo\":{\"@type\":\"ImageObject\",\"inLanguage\":\"fr-FR\",\"@id\":\"https:\\\/\\\/artworkprofesional.com\\\/#\\\/schema\\\/logo\\\/image\\\/\",\"url\":\"https:\\\/\\\/artworkprofesional.com\\\/wp-content\\\/uploads\\\/2021\\\/03\\\/LOGO-ARTWORK-negro-sinfondo.png\",\"contentUrl\":\"https:\\\/\\\/artworkprofesional.com\\\/wp-content\\\/uploads\\\/2021\\\/03\\\/LOGO-ARTWORK-negro-sinfondo.png\",\"width\":749,\"height\":389,\"caption\":\"ArtWork Professional\"},\"image\":{\"@id\":\"https:\\\/\\\/artworkprofesional.com\\\/#\\\/schema\\\/logo\\\/image\\\/\"},\"sameAs\":[\"https:\\\/\\\/www.facebook.com\\\/artworkprofessional\\\/\",\"https:\\\/\\\/www.instagram.com\\\/artwork.profesional\\\/?hl=es\"]}]}<\/script>\n<!-- \/ Yoast SEO plugin. -->","yoast_head_json":{"title":"Mascarilla Regeneradora - Art Work Professional","robots":{"index":"index","follow":"follow","max-snippet":"max-snippet:-1","max-image-preview":"max-image-preview:large","max-video-preview":"max-video-preview:-1"},"canonical":"https:\/\/artworkprofesional.com\/fr\/produit\/mascarilla-regeneradora\/","og_locale":"fr_FR","og_type":"article","og_title":"Mascarilla Regeneradora - Art Work Professional","og_description":"Mascarilla regeneradora para reparar cabellos da\u00f1ados y desfibrados. Acci\u00f3n regeneradora del col\u00e1geno y la fibra capilar. Gracias a su f\u00f3rmula a base de prote\u00edna\u00a0 hidrolizada de Trigo, manteca de Karit\u00e9, glicerina vegetal, aceite de lino (rico en Omega-3) y ACEITE DE OLIVA, ricos en \u00e1cidos grasos y vitaminas, espec\u00edficamente formulada para revitalizar el cabello da\u00f1ado y desfibrado.  El extracto de ACEITE DE OLIVA es un eficaz antioxidante con un potente efecto regenerador por su elevado contenido en vitamina A y E, y \u00e1cidos grasos saturados e insaturados.\u00a0","og_url":"https:\/\/artworkprofesional.com\/fr\/produit\/mascarilla-regeneradora\/","og_site_name":"Art Work Professional","article_publisher":"https:\/\/www.facebook.com\/artworkprofessional\/","article_modified_time":"2026-04-17T11:56:12+00:00","og_image":[{"width":800,"height":1200,"url":"https:\/\/artworkprofesional.com\/wp-content\/uploads\/2021\/03\/TrueNature-Mascarilla-Regenerante.jpg","type":"image\/jpeg"}],"twitter_card":"summary_large_image","twitter_misc":{"Dur\u00e9e de lecture estim\u00e9e":"1 minute"},"schema":{"@context":"https:\/\/schema.org","@graph":[{"@type":"WebPage","@id":"https:\/\/artworkprofesional.com\/producto\/mascarilla-regeneradora\/","url":"https:\/\/artworkprofesional.com\/producto\/mascarilla-regeneradora\/","name":"Mascarilla Regeneradora - Art Work Professional","isPartOf":{"@id":"https:\/\/artworkprofesional.com\/#website"},"primaryImageOfPage":{"@id":"https:\/\/artworkprofesional.com\/producto\/mascarilla-regeneradora\/#primaryimage"},"image":{"@id":"https:\/\/artworkprofesional.com\/producto\/mascarilla-regeneradora\/#primaryimage"},"thumbnailUrl":"https:\/\/artworkprofesional.com\/wp-content\/uploads\/2021\/03\/TrueNature-Mascarilla-Regenerante.jpg","datePublished":"2021-03-14T13:41:40+00:00","dateModified":"2026-04-17T11:56:12+00:00","breadcrumb":{"@id":"https:\/\/artworkprofesional.com\/producto\/mascarilla-regeneradora\/#breadcrumb"},"inLanguage":"fr-FR","potentialAction":[{"@type":"ReadAction","target":["https:\/\/artworkprofesional.com\/producto\/mascarilla-regeneradora\/"]}]},{"@type":"ImageObject","inLanguage":"fr-FR","@id":"https:\/\/artworkprofesional.com\/producto\/mascarilla-regeneradora\/#primaryimage","url":"https:\/\/artworkprofesional.com\/wp-content\/uploads\/2021\/03\/TrueNature-Mascarilla-Regenerante.jpg","contentUrl":"https:\/\/artworkprofesional.com\/wp-content\/uploads\/2021\/03\/TrueNature-Mascarilla-Regenerante.jpg","width":800,"height":1200},{"@type":"BreadcrumbList","@id":"https:\/\/artworkprofesional.com\/producto\/mascarilla-regeneradora\/#breadcrumb","itemListElement":[{"@type":"ListItem","position":1,"name":"Portada","item":"https:\/\/artworkprofesional.com\/"},{"@type":"ListItem","position":2,"name":"Tienda","item":"https:\/\/artworkprofesional.com\/tienda\/"},{"@type":"ListItem","position":3,"name":"Mascarilla Regeneradora"}]},{"@type":"WebSite","@id":"https:\/\/artworkprofesional.com\/#website","url":"https:\/\/artworkprofesional.com\/","name":"Professionnel de l&#039;art","description":"Cr\u00e9ativit\u00e9 capillaire","publisher":{"@id":"https:\/\/artworkprofesional.com\/#organization"},"potentialAction":[{"@type":"SearchAction","target":{"@type":"EntryPoint","urlTemplate":"https:\/\/artworkprofesional.com\/?s={search_term_string}"},"query-input":{"@type":"PropertyValueSpecification","valueRequired":true,"valueName":"search_term_string"}}],"inLanguage":"fr-FR"},{"@type":"Organization","@id":"https:\/\/artworkprofesional.com\/#organization","name":"ArtWork Professionnel","url":"https:\/\/artworkprofesional.com\/","logo":{"@type":"ImageObject","inLanguage":"fr-FR","@id":"https:\/\/artworkprofesional.com\/#\/schema\/logo\/image\/","url":"https:\/\/artworkprofesional.com\/wp-content\/uploads\/2021\/03\/LOGO-ARTWORK-negro-sinfondo.png","contentUrl":"https:\/\/artworkprofesional.com\/wp-content\/uploads\/2021\/03\/LOGO-ARTWORK-negro-sinfondo.png","width":749,"height":389,"caption":"ArtWork Professional"},"image":{"@id":"https:\/\/artworkprofesional.com\/#\/schema\/logo\/image\/"},"sameAs":["https:\/\/www.facebook.com\/artworkprofessional\/","https:\/\/www.instagram.com\/artwork.profesional\/?hl=es"]}]}},"_links":{"self":[{"href":"https:\/\/artworkprofesional.com\/fr\/wp-json\/wp\/v2\/product\/1566","targetHints":{"allow":["GET"]}}],"collection":[{"href":"https:\/\/artworkprofesional.com\/fr\/wp-json\/wp\/v2\/product"}],"about":[{"href":"https:\/\/artworkprofesional.com\/fr\/wp-json\/wp\/v2\/types\/product"}],"wp:featuredmedia":[{"embeddable":true,"href":"https:\/\/artworkprofesional.com\/fr\/wp-json\/wp\/v2\/media\/1864"}],"wp:attachment":[{"href":"https:\/\/artworkprofesional.com\/fr\/wp-json\/wp\/v2\/media?parent=1566"}],"wp:term":[{"taxonomy":"product_brand","embeddable":true,"href":"https:\/\/artworkprofesional.com\/fr\/wp-json\/wp\/v2\/product_brand?post=1566"},{"taxonomy":"product_cat","embeddable":true,"href":"https:\/\/artworkprofesional.com\/fr\/wp-json\/wp\/v2\/product_cat?post=1566"},{"taxonomy":"product_tag","embeddable":true,"href":"https:\/\/artworkprofesional.com\/fr\/wp-json\/wp\/v2\/product_tag?post=1566"}],"curies":[{"name":"wp","href":"https:\/\/api.w.org\/{rel}","templated":true}]}}