{"id":1917,"date":"2023-12-01T08:25:41","date_gmt":"2023-12-01T08:25:41","guid":{"rendered":"https:\/\/artworkprofesional.dreamhosters.com\/?post_type=product&#038;p=1917"},"modified":"2025-10-01T07:52:28","modified_gmt":"2025-10-01T07:52:28","slug":"pack-cabello-seco","status":"publish","type":"product","link":"https:\/\/artworkprofesional.com\/fr\/produit\/pack-cabello-seco\/","title":{"rendered":"D\u00fao Cabello Seco o Da\u00f1ado True Nature"},"content":{"rendered":"<ul>\n<li>Soin complet pour soigner et r\u00e9g\u00e9n\u00e9rer les cheveux secs et cassants.<\/li>\n<li>Redonne brillance et volume aux cheveux tout en les nourrissant et en les hydratant.<\/li>\n<li>Convient aux cuirs chevelus sensibles.<\/li>\n<li>Sin Sulfatos, Sin Siliconas<\/li>\n<li>83% de ingredientes de origen natural<\/li>\n<li>Envase reciclado, elaborado en el pl\u00e1stico de mayor facilidad para el reciclaje ( R PET)<\/li>\n<\/ul>\n<p><strong><span class=\"OYPEnA font-feature-liga-off font-feature-clig-off font-feature-calt-off text-decoration-none text-strikethrough-none\">INGREDIENTES SHAMPOO NUTRITIVO: <\/span><\/strong><span class=\"OYPEnA font-feature-liga-off font-feature-clig-off font-feature-calt-off text-decoration-none text-strikethrough-none\">AQUA\/WATER, COCAMIDOPROPYL BETAINE, DISODIUM LAURETH SULFOSUCCINATE, LAURYL GLUCOSIDE, COCAMIDE DEA, PEG-200 HYDROGENATED GLYCERYL PALMATE, PEG-7 GLYCERYL COCOATE, GLYCERIN, GUAR HYDROXYPROPYLTRIMONIUM CHLORIDE, COCODIMONIUM HYDROXYPROPYL HYDROLYZED WHEAT PROTEIN, THYMUS VULGARIS (THYME) EXTRACT, ALOE BARBADENSIS LEAF EXTRACT, LINUM USITATISSIMUM (LINSEED) OIL, PARFUM\/FRAGRANCE, PHENOXYETHANOL, CAPRYLYL GLYCOL, SODIUM BENZOATE, POTASSIUM SORBATE, CITRIC ACID.<\/span><\/p>\n<p><span class=\"OYPEnA font-feature-liga-off font-feature-clig-off font-feature-calt-off text-decoration-none text-strikethrough-none\"><strong>INGREDIENTES MASCARILLA NUTRITIVA:<\/strong>AQUA\/WATER, CETEARYL ALCOHOL, BEHENTRIMONIUM CHLORIDE, GLYCERIN, BUTYROSPERMUM PARKII (KARITE SHEA) BUTTER, CAPRYLIC\/CAPRIC TRIGLYCERIDES, LINUM USITATISSIMUM (LINSEED) OIL, COCODIMONIUM HYDROXYPROPYL HYDROLYZED WHEAT PROTEIN, PARFUM\/FRAGRANCE, GUAR HYDROXYPROPYLTRIMONIUM CHLORIDE, THYMUS VULGARIS EXTRACT, PHENOXYETHANOL, CAPRYLYL GLYCOL, CITRIC ACID, TOCOPHERYL ACETATE (VITAMIN E)<\/span><\/p>","protected":false},"excerpt":{"rendered":"<p>Shampoo Nutritivo 500 ml + Mascarilla Nutritiva 500 ml<\/p>\n<p>Con<span class=\"OYPEnA font-feature-liga-off font-feature-clig-off font-feature-calt-off text-decoration-none text-strikethrough-none\"> prote\u00ednas vegetales, manteca de karit\u00e9, glicerina vegetal, aceite de lino (rico omega-3) y <strong>extracto de Tomillo<\/strong>.<\/span><\/p>\n<ul>\n<li class=\"cvGsUA direction-ltr align-start para-style-body\"><span class=\"OYPEnA text-decoration-none text-strikethrough-none\">MANTECA DE KARIT\u00c9 ECOL\u00d3GICA:<\/span><span class=\"OYPEnA text-decoration-none text-strikethrough-none\"> protege y nutre el cabello creando una pel\u00edcula protectora. Es rica en vitaminas y antioxidantes, regenerando la nutrici\u00f3n del cabello seco y devolvi\u00e9ndole su volumen.<\/span><\/li>\n<li class=\"cvGsUA direction-ltr align-start para-style-body\"><span class=\"OYPEnA text-decoration-none text-strikethrough-none\">PROTE\u00cdNAS DE SOJA Y EXTRACTO DE MALVA: <\/span><span class=\"OYPEnA text-decoration-none text-strikethrough-none\">ayuda a devolver el tono, volumen y brillo gracias a sus propiedades hidratantes y antioxidantes.<\/span><\/li>\n<li class=\"cvGsUA direction-ltr align-start para-style-body\"><span class=\"OYPEnA text-decoration-none text-strikethrough-none\">ACEITES DE LINO <\/span><span class=\"OYPEnA text-decoration-none text-strikethrough-none\">cabello suave, nutrido y lleno de brillo gracias a su elevado contenido en vitaminas y \u00e1cidos grasos.<\/span><\/li>\n<li class=\"cvGsUA direction-ltr align-start para-style-body\"><span class=\"OYPEnA text-decoration-none text-strikethrough-none\">EXTRACTO DE TOMILLO:<\/span><span class=\"OYPEnA text-decoration-none text-strikethrough-none\"> fortalece el cabello, estimula su crecimiento, aporta brillo y mejora la circulaci\u00f3n capilar. Ideal para cabellos fr\u00e1giles<\/span><\/li>\n<\/ul>","protected":false},"featured_media":4428,"template":"","meta":[],"product_brand":[],"product_cat":[49],"product_tag":[],"class_list":{"0":"post-1917","1":"product","2":"type-product","3":"status-publish","4":"has-post-thumbnail","6":"product_cat-tratamiento-bio-true-nature","7":"pa_linea-true-nature","9":"first","10":"instock","11":"sale","12":"taxable","13":"shipping-taxable","14":"purchasable","15":"product-type-simple"},"yoast_head":"<!-- This site is optimized with the Yoast SEO plugin v27.4 - https:\/\/yoast.com\/product\/yoast-seo-wordpress\/ -->\n<title>D\u00fao Cabello Seco o Da\u00f1ado True Nature - Art Work Professional<\/title>\n<meta name=\"description\" content=\"tratamiento capilar profesional, con extractos naturales, sin sulfatos, ni siliconas, compuesto por shampoo y mascarilla 500 ml\" \/>\n<meta name=\"robots\" content=\"index, follow, max-snippet:-1, max-image-preview:large, max-video-preview:-1\" \/>\n<link rel=\"canonical\" href=\"https:\/\/artworkprofesional.com\/fr\/produit\/pack-cabello-seco\/\" \/>\n<meta property=\"og:locale\" content=\"fr_FR\" \/>\n<meta property=\"og:type\" content=\"article\" \/>\n<meta property=\"og:title\" content=\"D\u00fao Cabello Seco o Da\u00f1ado True Nature - Art Work Professional\" \/>\n<meta property=\"og:description\" content=\"tratamiento capilar profesional, con extractos naturales, sin sulfatos, ni siliconas, compuesto por shampoo y mascarilla 500 ml\" \/>\n<meta property=\"og:url\" content=\"https:\/\/artworkprofesional.com\/fr\/produit\/pack-cabello-seco\/\" \/>\n<meta property=\"og:site_name\" content=\"Art Work Professional\" \/>\n<meta property=\"article:publisher\" content=\"https:\/\/www.facebook.com\/artworkprofessional\/\" \/>\n<meta property=\"article:modified_time\" content=\"2025-10-01T07:52:28+00:00\" \/>\n<meta property=\"og:image\" content=\"https:\/\/artworkprofesional.com\/wp-content\/uploads\/2023\/12\/Pack-TrueNature-Secos-Danados-Nutritivo.jpg\" \/>\n\t<meta property=\"og:image:width\" content=\"800\" \/>\n\t<meta property=\"og:image:height\" content=\"1200\" \/>\n\t<meta property=\"og:image:type\" content=\"image\/jpeg\" \/>\n<meta name=\"twitter:card\" content=\"summary_large_image\" \/>\n<script type=\"application\/ld+json\" class=\"yoast-schema-graph\">{\"@context\":\"https:\\\/\\\/schema.org\",\"@graph\":[{\"@type\":\"WebPage\",\"@id\":\"https:\\\/\\\/artworkprofesional.com\\\/producto\\\/pack-cabello-seco\\\/\",\"url\":\"https:\\\/\\\/artworkprofesional.com\\\/producto\\\/pack-cabello-seco\\\/\",\"name\":\"D\u00fao Cabello Seco o Da\u00f1ado True Nature - Art Work Professional\",\"isPartOf\":{\"@id\":\"https:\\\/\\\/artworkprofesional.com\\\/#website\"},\"primaryImageOfPage\":{\"@id\":\"https:\\\/\\\/artworkprofesional.com\\\/producto\\\/pack-cabello-seco\\\/#primaryimage\"},\"image\":{\"@id\":\"https:\\\/\\\/artworkprofesional.com\\\/producto\\\/pack-cabello-seco\\\/#primaryimage\"},\"thumbnailUrl\":\"https:\\\/\\\/artworkprofesional.com\\\/wp-content\\\/uploads\\\/2023\\\/12\\\/Pack-TrueNature-Secos-Danados-Nutritivo.jpg\",\"datePublished\":\"2023-12-01T08:25:41+00:00\",\"dateModified\":\"2025-10-01T07:52:28+00:00\",\"description\":\"tratamiento capilar profesional, con extractos naturales, sin sulfatos, ni siliconas, compuesto por shampoo y mascarilla 500 ml\",\"breadcrumb\":{\"@id\":\"https:\\\/\\\/artworkprofesional.com\\\/producto\\\/pack-cabello-seco\\\/#breadcrumb\"},\"inLanguage\":\"fr-FR\",\"potentialAction\":[{\"@type\":\"ReadAction\",\"target\":[\"https:\\\/\\\/artworkprofesional.com\\\/producto\\\/pack-cabello-seco\\\/\"]}]},{\"@type\":\"ImageObject\",\"inLanguage\":\"fr-FR\",\"@id\":\"https:\\\/\\\/artworkprofesional.com\\\/producto\\\/pack-cabello-seco\\\/#primaryimage\",\"url\":\"https:\\\/\\\/artworkprofesional.com\\\/wp-content\\\/uploads\\\/2023\\\/12\\\/Pack-TrueNature-Secos-Danados-Nutritivo.jpg\",\"contentUrl\":\"https:\\\/\\\/artworkprofesional.com\\\/wp-content\\\/uploads\\\/2023\\\/12\\\/Pack-TrueNature-Secos-Danados-Nutritivo.jpg\",\"width\":800,\"height\":1200},{\"@type\":\"BreadcrumbList\",\"@id\":\"https:\\\/\\\/artworkprofesional.com\\\/producto\\\/pack-cabello-seco\\\/#breadcrumb\",\"itemListElement\":[{\"@type\":\"ListItem\",\"position\":1,\"name\":\"Portada\",\"item\":\"https:\\\/\\\/artworkprofesional.com\\\/\"},{\"@type\":\"ListItem\",\"position\":2,\"name\":\"Tienda\",\"item\":\"https:\\\/\\\/artworkprofesional.com\\\/tienda\\\/\"},{\"@type\":\"ListItem\",\"position\":3,\"name\":\"D\u00fao Cabello Seco o Da\u00f1ado True Nature\"}]},{\"@type\":\"WebSite\",\"@id\":\"https:\\\/\\\/artworkprofesional.com\\\/#website\",\"url\":\"https:\\\/\\\/artworkprofesional.com\\\/\",\"name\":\"Art Work Professional\",\"description\":\"Hair Creativity\",\"publisher\":{\"@id\":\"https:\\\/\\\/artworkprofesional.com\\\/#organization\"},\"potentialAction\":[{\"@type\":\"SearchAction\",\"target\":{\"@type\":\"EntryPoint\",\"urlTemplate\":\"https:\\\/\\\/artworkprofesional.com\\\/?s={search_term_string}\"},\"query-input\":{\"@type\":\"PropertyValueSpecification\",\"valueRequired\":true,\"valueName\":\"search_term_string\"}}],\"inLanguage\":\"fr-FR\"},{\"@type\":\"Organization\",\"@id\":\"https:\\\/\\\/artworkprofesional.com\\\/#organization\",\"name\":\"ArtWork Professional\",\"url\":\"https:\\\/\\\/artworkprofesional.com\\\/\",\"logo\":{\"@type\":\"ImageObject\",\"inLanguage\":\"fr-FR\",\"@id\":\"https:\\\/\\\/artworkprofesional.com\\\/#\\\/schema\\\/logo\\\/image\\\/\",\"url\":\"https:\\\/\\\/artworkprofesional.com\\\/wp-content\\\/uploads\\\/2021\\\/03\\\/LOGO-ARTWORK-negro-sinfondo.png\",\"contentUrl\":\"https:\\\/\\\/artworkprofesional.com\\\/wp-content\\\/uploads\\\/2021\\\/03\\\/LOGO-ARTWORK-negro-sinfondo.png\",\"width\":749,\"height\":389,\"caption\":\"ArtWork Professional\"},\"image\":{\"@id\":\"https:\\\/\\\/artworkprofesional.com\\\/#\\\/schema\\\/logo\\\/image\\\/\"},\"sameAs\":[\"https:\\\/\\\/www.facebook.com\\\/artworkprofessional\\\/\",\"https:\\\/\\\/www.instagram.com\\\/artwork.profesional\\\/?hl=es\"]}]}<\/script>\n<!-- \/ Yoast SEO plugin. -->","yoast_head_json":{"title":"D\u00fao Cabello Seco o Da\u00f1ado True Nature - Art Work Professional","description":"tratamiento capilar profesional, con extractos naturales, sin sulfatos, ni siliconas, compuesto por shampoo y mascarilla 500 ml","robots":{"index":"index","follow":"follow","max-snippet":"max-snippet:-1","max-image-preview":"max-image-preview:large","max-video-preview":"max-video-preview:-1"},"canonical":"https:\/\/artworkprofesional.com\/fr\/produit\/pack-cabello-seco\/","og_locale":"fr_FR","og_type":"article","og_title":"D\u00fao Cabello Seco o Da\u00f1ado True Nature - Art Work Professional","og_description":"tratamiento capilar profesional, con extractos naturales, sin sulfatos, ni siliconas, compuesto por shampoo y mascarilla 500 ml","og_url":"https:\/\/artworkprofesional.com\/fr\/produit\/pack-cabello-seco\/","og_site_name":"Art Work Professional","article_publisher":"https:\/\/www.facebook.com\/artworkprofessional\/","article_modified_time":"2025-10-01T07:52:28+00:00","og_image":[{"width":800,"height":1200,"url":"https:\/\/artworkprofesional.com\/wp-content\/uploads\/2023\/12\/Pack-TrueNature-Secos-Danados-Nutritivo.jpg","type":"image\/jpeg"}],"twitter_card":"summary_large_image","schema":{"@context":"https:\/\/schema.org","@graph":[{"@type":"WebPage","@id":"https:\/\/artworkprofesional.com\/producto\/pack-cabello-seco\/","url":"https:\/\/artworkprofesional.com\/producto\/pack-cabello-seco\/","name":"D\u00fao Cabello Seco o Da\u00f1ado True Nature - Art Work Professional","isPartOf":{"@id":"https:\/\/artworkprofesional.com\/#website"},"primaryImageOfPage":{"@id":"https:\/\/artworkprofesional.com\/producto\/pack-cabello-seco\/#primaryimage"},"image":{"@id":"https:\/\/artworkprofesional.com\/producto\/pack-cabello-seco\/#primaryimage"},"thumbnailUrl":"https:\/\/artworkprofesional.com\/wp-content\/uploads\/2023\/12\/Pack-TrueNature-Secos-Danados-Nutritivo.jpg","datePublished":"2023-12-01T08:25:41+00:00","dateModified":"2025-10-01T07:52:28+00:00","description":"tratamiento capilar profesional, con extractos naturales, sin sulfatos, ni siliconas, compuesto por shampoo y mascarilla 500 ml","breadcrumb":{"@id":"https:\/\/artworkprofesional.com\/producto\/pack-cabello-seco\/#breadcrumb"},"inLanguage":"fr-FR","potentialAction":[{"@type":"ReadAction","target":["https:\/\/artworkprofesional.com\/producto\/pack-cabello-seco\/"]}]},{"@type":"ImageObject","inLanguage":"fr-FR","@id":"https:\/\/artworkprofesional.com\/producto\/pack-cabello-seco\/#primaryimage","url":"https:\/\/artworkprofesional.com\/wp-content\/uploads\/2023\/12\/Pack-TrueNature-Secos-Danados-Nutritivo.jpg","contentUrl":"https:\/\/artworkprofesional.com\/wp-content\/uploads\/2023\/12\/Pack-TrueNature-Secos-Danados-Nutritivo.jpg","width":800,"height":1200},{"@type":"BreadcrumbList","@id":"https:\/\/artworkprofesional.com\/producto\/pack-cabello-seco\/#breadcrumb","itemListElement":[{"@type":"ListItem","position":1,"name":"Portada","item":"https:\/\/artworkprofesional.com\/"},{"@type":"ListItem","position":2,"name":"Tienda","item":"https:\/\/artworkprofesional.com\/tienda\/"},{"@type":"ListItem","position":3,"name":"D\u00fao Cabello Seco o Da\u00f1ado True Nature"}]},{"@type":"WebSite","@id":"https:\/\/artworkprofesional.com\/#website","url":"https:\/\/artworkprofesional.com\/","name":"Professionnel de l&#039;art","description":"Cr\u00e9ativit\u00e9 capillaire","publisher":{"@id":"https:\/\/artworkprofesional.com\/#organization"},"potentialAction":[{"@type":"SearchAction","target":{"@type":"EntryPoint","urlTemplate":"https:\/\/artworkprofesional.com\/?s={search_term_string}"},"query-input":{"@type":"PropertyValueSpecification","valueRequired":true,"valueName":"search_term_string"}}],"inLanguage":"fr-FR"},{"@type":"Organization","@id":"https:\/\/artworkprofesional.com\/#organization","name":"ArtWork Professionnel","url":"https:\/\/artworkprofesional.com\/","logo":{"@type":"ImageObject","inLanguage":"fr-FR","@id":"https:\/\/artworkprofesional.com\/#\/schema\/logo\/image\/","url":"https:\/\/artworkprofesional.com\/wp-content\/uploads\/2021\/03\/LOGO-ARTWORK-negro-sinfondo.png","contentUrl":"https:\/\/artworkprofesional.com\/wp-content\/uploads\/2021\/03\/LOGO-ARTWORK-negro-sinfondo.png","width":749,"height":389,"caption":"ArtWork Professional"},"image":{"@id":"https:\/\/artworkprofesional.com\/#\/schema\/logo\/image\/"},"sameAs":["https:\/\/www.facebook.com\/artworkprofessional\/","https:\/\/www.instagram.com\/artwork.profesional\/?hl=es"]}]}},"_links":{"self":[{"href":"https:\/\/artworkprofesional.com\/fr\/wp-json\/wp\/v2\/product\/1917","targetHints":{"allow":["GET"]}}],"collection":[{"href":"https:\/\/artworkprofesional.com\/fr\/wp-json\/wp\/v2\/product"}],"about":[{"href":"https:\/\/artworkprofesional.com\/fr\/wp-json\/wp\/v2\/types\/product"}],"wp:featuredmedia":[{"embeddable":true,"href":"https:\/\/artworkprofesional.com\/fr\/wp-json\/wp\/v2\/media\/4428"}],"wp:attachment":[{"href":"https:\/\/artworkprofesional.com\/fr\/wp-json\/wp\/v2\/media?parent=1917"}],"wp:term":[{"taxonomy":"product_brand","embeddable":true,"href":"https:\/\/artworkprofesional.com\/fr\/wp-json\/wp\/v2\/product_brand?post=1917"},{"taxonomy":"product_cat","embeddable":true,"href":"https:\/\/artworkprofesional.com\/fr\/wp-json\/wp\/v2\/product_cat?post=1917"},{"taxonomy":"product_tag","embeddable":true,"href":"https:\/\/artworkprofesional.com\/fr\/wp-json\/wp\/v2\/product_tag?post=1917"}],"curies":[{"name":"wp","href":"https:\/\/api.w.org\/{rel}","templated":true}]}}