{"id":3571,"date":"2023-01-23T10:25:02","date_gmt":"2023-01-23T10:25:02","guid":{"rendered":"https:\/\/artworkprofesional.com\/?post_type=product&#038;p=3571"},"modified":"2026-04-17T12:16:09","modified_gmt":"2026-04-17T12:16:09","slug":"shampoo-energizante-truenature-derma","status":"publish","type":"product","link":"https:\/\/artworkprofesional.com\/fr\/produit\/shampoo-energizante-truenature-derma\/","title":{"rendered":"True Nature Derma Shampoo Energizante"},"content":{"rendered":"<ul>\n<li><b>Ra\u00edz de Gingsen:<\/b> rica en antioxidantes, vitaminas y minerales, fortalece el fol\u00edculo piloso y da vigor al cuero cabelludo.<span class=\"Apple-converted-space\">\u00a0<\/span>Adem\u00e1s, es rica en <i>saponina<\/i>, una sustancia antibacteriana que ayuda a eliminar la caspa y evita que vuelva a aparecer.<\/li>\n<li><b>Extracto de Ortiga: <\/b>rica en oligoelementos, amino\u00e1cidos esenciales, prote\u00ednas y vitaminas que estimulan el crecimiento del cabello.<b><span class=\"Apple-converted-space\">\u00a0<\/span><\/b>Tiene propiedades calmantes y regula la secreci\u00f3n de sebo.<\/li>\n<li><b>Menta y Eucaliptus:<\/b> con propiedades regeneradoras que estimulan el crecimiento del cabello, eliminan las impurezas y la grasa del cuero cabelludo y ayudan a evitar la caspa.<\/li>\n<\/ul>","protected":false},"excerpt":{"rendered":"<p>Con <strong>Ra\u00edz de Gingsen, Extracto de Ortiga, menta y eucaliptus.<\/strong><\/p>\n<p>Los activos vegetales y aceites esenciales presentes en la f\u00f3rmula purifican y revitalizan el cuero cabelludo.<span class=\"Apple-converted-space\">\u00a0<\/span><\/p>\n<p>Estimula el crecimiento del cabello activando el fol\u00edculo. Aporta nutrici\u00f3n prote\u00ednica, consiguiendo un cabello fortalecido, previniendo su ca\u00edda.<\/p>\n<p>\u00a0<\/p>","protected":false},"featured_media":3569,"template":"","meta":[],"product_brand":[],"product_cat":[49,53],"product_tag":[],"class_list":{"0":"post-3571","1":"product","2":"type-product","3":"status-publish","4":"has-post-thumbnail","6":"product_cat-tratamiento-bio-true-nature","7":"product_cat-tratamiento-preventivo-anticaida","9":"first","10":"instock","11":"taxable","12":"shipping-taxable","13":"purchasable","14":"product-type-variable"},"yoast_head":"<!-- This site is optimized with the Yoast SEO plugin v27.4 - https:\/\/yoast.com\/product\/yoast-seo-wordpress\/ -->\n<title>True Nature Derma Shampoo Energizante - Art Work Professional<\/title>\n<meta name=\"robots\" content=\"index, follow, max-snippet:-1, max-image-preview:large, max-video-preview:-1\" \/>\n<link rel=\"canonical\" href=\"https:\/\/artworkprofesional.com\/fr\/produit\/shampoo-energizante-truenature-derma\/\" \/>\n<meta property=\"og:locale\" content=\"fr_FR\" \/>\n<meta property=\"og:type\" content=\"article\" \/>\n<meta property=\"og:title\" content=\"True Nature Derma Shampoo Energizante - Art Work Professional\" \/>\n<meta property=\"og:description\" content=\"Con Ra\u00edz de Gingsen, Extracto de Ortiga, menta y eucaliptus.  Los activos vegetales y aceites esenciales presentes en la f\u00f3rmula purifican y revitalizan el cuero cabelludo.\u00a0  Estimula el crecimiento del cabello activando el fol\u00edculo. Aporta nutrici\u00f3n prote\u00ednica, consiguiendo un cabello fortalecido, previniendo su ca\u00edda.  \u00a0\" \/>\n<meta property=\"og:url\" content=\"https:\/\/artworkprofesional.com\/fr\/produit\/shampoo-energizante-truenature-derma\/\" \/>\n<meta property=\"og:site_name\" content=\"Art Work Professional\" \/>\n<meta property=\"article:publisher\" content=\"https:\/\/www.facebook.com\/artworkprofessional\/\" \/>\n<meta property=\"article:modified_time\" content=\"2026-04-17T12:16:09+00:00\" \/>\n<meta property=\"og:image\" content=\"https:\/\/artworkprofesional.com\/wp-content\/uploads\/2023\/01\/TrueDerma-Shampoo-Energizante-Familia.jpg\" \/>\n\t<meta property=\"og:image:width\" content=\"800\" \/>\n\t<meta property=\"og:image:height\" content=\"1200\" \/>\n\t<meta property=\"og:image:type\" content=\"image\/jpeg\" \/>\n<meta name=\"twitter:card\" content=\"summary_large_image\" \/>\n<meta name=\"twitter:label1\" content=\"Dur\u00e9e de lecture estim\u00e9e\" \/>\n\t<meta name=\"twitter:data1\" content=\"1 minute\" \/>\n<script type=\"application\/ld+json\" class=\"yoast-schema-graph\">{\"@context\":\"https:\\\/\\\/schema.org\",\"@graph\":[{\"@type\":\"WebPage\",\"@id\":\"https:\\\/\\\/artworkprofesional.com\\\/producto\\\/shampoo-energizante-truenature-derma\\\/\",\"url\":\"https:\\\/\\\/artworkprofesional.com\\\/producto\\\/shampoo-energizante-truenature-derma\\\/\",\"name\":\"True Nature Derma Shampoo Energizante - Art Work Professional\",\"isPartOf\":{\"@id\":\"https:\\\/\\\/artworkprofesional.com\\\/#website\"},\"primaryImageOfPage\":{\"@id\":\"https:\\\/\\\/artworkprofesional.com\\\/producto\\\/shampoo-energizante-truenature-derma\\\/#primaryimage\"},\"image\":{\"@id\":\"https:\\\/\\\/artworkprofesional.com\\\/producto\\\/shampoo-energizante-truenature-derma\\\/#primaryimage\"},\"thumbnailUrl\":\"https:\\\/\\\/artworkprofesional.com\\\/wp-content\\\/uploads\\\/2023\\\/01\\\/TrueDerma-Shampoo-Energizante-Familia.jpg\",\"datePublished\":\"2023-01-23T10:25:02+00:00\",\"dateModified\":\"2026-04-17T12:16:09+00:00\",\"breadcrumb\":{\"@id\":\"https:\\\/\\\/artworkprofesional.com\\\/producto\\\/shampoo-energizante-truenature-derma\\\/#breadcrumb\"},\"inLanguage\":\"fr-FR\",\"potentialAction\":[{\"@type\":\"ReadAction\",\"target\":[\"https:\\\/\\\/artworkprofesional.com\\\/producto\\\/shampoo-energizante-truenature-derma\\\/\"]}]},{\"@type\":\"ImageObject\",\"inLanguage\":\"fr-FR\",\"@id\":\"https:\\\/\\\/artworkprofesional.com\\\/producto\\\/shampoo-energizante-truenature-derma\\\/#primaryimage\",\"url\":\"https:\\\/\\\/artworkprofesional.com\\\/wp-content\\\/uploads\\\/2023\\\/01\\\/TrueDerma-Shampoo-Energizante-Familia.jpg\",\"contentUrl\":\"https:\\\/\\\/artworkprofesional.com\\\/wp-content\\\/uploads\\\/2023\\\/01\\\/TrueDerma-Shampoo-Energizante-Familia.jpg\",\"width\":800,\"height\":1200},{\"@type\":\"BreadcrumbList\",\"@id\":\"https:\\\/\\\/artworkprofesional.com\\\/producto\\\/shampoo-energizante-truenature-derma\\\/#breadcrumb\",\"itemListElement\":[{\"@type\":\"ListItem\",\"position\":1,\"name\":\"Portada\",\"item\":\"https:\\\/\\\/artworkprofesional.com\\\/\"},{\"@type\":\"ListItem\",\"position\":2,\"name\":\"Tienda\",\"item\":\"https:\\\/\\\/artworkprofesional.com\\\/tienda\\\/\"},{\"@type\":\"ListItem\",\"position\":3,\"name\":\"True Nature Derma Shampoo Energizante\"}]},{\"@type\":\"WebSite\",\"@id\":\"https:\\\/\\\/artworkprofesional.com\\\/#website\",\"url\":\"https:\\\/\\\/artworkprofesional.com\\\/\",\"name\":\"Art Work Professional\",\"description\":\"Hair Creativity\",\"publisher\":{\"@id\":\"https:\\\/\\\/artworkprofesional.com\\\/#organization\"},\"potentialAction\":[{\"@type\":\"SearchAction\",\"target\":{\"@type\":\"EntryPoint\",\"urlTemplate\":\"https:\\\/\\\/artworkprofesional.com\\\/?s={search_term_string}\"},\"query-input\":{\"@type\":\"PropertyValueSpecification\",\"valueRequired\":true,\"valueName\":\"search_term_string\"}}],\"inLanguage\":\"fr-FR\"},{\"@type\":\"Organization\",\"@id\":\"https:\\\/\\\/artworkprofesional.com\\\/#organization\",\"name\":\"ArtWork Professional\",\"url\":\"https:\\\/\\\/artworkprofesional.com\\\/\",\"logo\":{\"@type\":\"ImageObject\",\"inLanguage\":\"fr-FR\",\"@id\":\"https:\\\/\\\/artworkprofesional.com\\\/#\\\/schema\\\/logo\\\/image\\\/\",\"url\":\"https:\\\/\\\/artworkprofesional.com\\\/wp-content\\\/uploads\\\/2021\\\/03\\\/LOGO-ARTWORK-negro-sinfondo.png\",\"contentUrl\":\"https:\\\/\\\/artworkprofesional.com\\\/wp-content\\\/uploads\\\/2021\\\/03\\\/LOGO-ARTWORK-negro-sinfondo.png\",\"width\":749,\"height\":389,\"caption\":\"ArtWork Professional\"},\"image\":{\"@id\":\"https:\\\/\\\/artworkprofesional.com\\\/#\\\/schema\\\/logo\\\/image\\\/\"},\"sameAs\":[\"https:\\\/\\\/www.facebook.com\\\/artworkprofessional\\\/\",\"https:\\\/\\\/www.instagram.com\\\/artwork.profesional\\\/?hl=es\"]}]}<\/script>\n<!-- \/ Yoast SEO plugin. -->","yoast_head_json":{"title":"True Nature Derma Shampoo Energizante - Art Work Professional","robots":{"index":"index","follow":"follow","max-snippet":"max-snippet:-1","max-image-preview":"max-image-preview:large","max-video-preview":"max-video-preview:-1"},"canonical":"https:\/\/artworkprofesional.com\/fr\/produit\/shampoo-energizante-truenature-derma\/","og_locale":"fr_FR","og_type":"article","og_title":"True Nature Derma Shampoo Energizante - Art Work Professional","og_description":"Con Ra\u00edz de Gingsen, Extracto de Ortiga, menta y eucaliptus.  Los activos vegetales y aceites esenciales presentes en la f\u00f3rmula purifican y revitalizan el cuero cabelludo.\u00a0  Estimula el crecimiento del cabello activando el fol\u00edculo. Aporta nutrici\u00f3n prote\u00ednica, consiguiendo un cabello fortalecido, previniendo su ca\u00edda.  \u00a0","og_url":"https:\/\/artworkprofesional.com\/fr\/produit\/shampoo-energizante-truenature-derma\/","og_site_name":"Art Work Professional","article_publisher":"https:\/\/www.facebook.com\/artworkprofessional\/","article_modified_time":"2026-04-17T12:16:09+00:00","og_image":[{"width":800,"height":1200,"url":"https:\/\/artworkprofesional.com\/wp-content\/uploads\/2023\/01\/TrueDerma-Shampoo-Energizante-Familia.jpg","type":"image\/jpeg"}],"twitter_card":"summary_large_image","twitter_misc":{"Dur\u00e9e de lecture estim\u00e9e":"1 minute"},"schema":{"@context":"https:\/\/schema.org","@graph":[{"@type":"WebPage","@id":"https:\/\/artworkprofesional.com\/producto\/shampoo-energizante-truenature-derma\/","url":"https:\/\/artworkprofesional.com\/producto\/shampoo-energizante-truenature-derma\/","name":"True Nature Derma Shampoo Energizante - Art Work Professional","isPartOf":{"@id":"https:\/\/artworkprofesional.com\/#website"},"primaryImageOfPage":{"@id":"https:\/\/artworkprofesional.com\/producto\/shampoo-energizante-truenature-derma\/#primaryimage"},"image":{"@id":"https:\/\/artworkprofesional.com\/producto\/shampoo-energizante-truenature-derma\/#primaryimage"},"thumbnailUrl":"https:\/\/artworkprofesional.com\/wp-content\/uploads\/2023\/01\/TrueDerma-Shampoo-Energizante-Familia.jpg","datePublished":"2023-01-23T10:25:02+00:00","dateModified":"2026-04-17T12:16:09+00:00","breadcrumb":{"@id":"https:\/\/artworkprofesional.com\/producto\/shampoo-energizante-truenature-derma\/#breadcrumb"},"inLanguage":"fr-FR","potentialAction":[{"@type":"ReadAction","target":["https:\/\/artworkprofesional.com\/producto\/shampoo-energizante-truenature-derma\/"]}]},{"@type":"ImageObject","inLanguage":"fr-FR","@id":"https:\/\/artworkprofesional.com\/producto\/shampoo-energizante-truenature-derma\/#primaryimage","url":"https:\/\/artworkprofesional.com\/wp-content\/uploads\/2023\/01\/TrueDerma-Shampoo-Energizante-Familia.jpg","contentUrl":"https:\/\/artworkprofesional.com\/wp-content\/uploads\/2023\/01\/TrueDerma-Shampoo-Energizante-Familia.jpg","width":800,"height":1200},{"@type":"BreadcrumbList","@id":"https:\/\/artworkprofesional.com\/producto\/shampoo-energizante-truenature-derma\/#breadcrumb","itemListElement":[{"@type":"ListItem","position":1,"name":"Portada","item":"https:\/\/artworkprofesional.com\/"},{"@type":"ListItem","position":2,"name":"Tienda","item":"https:\/\/artworkprofesional.com\/tienda\/"},{"@type":"ListItem","position":3,"name":"True Nature Derma Shampoo Energizante"}]},{"@type":"WebSite","@id":"https:\/\/artworkprofesional.com\/#website","url":"https:\/\/artworkprofesional.com\/","name":"Professionnel de l&#039;art","description":"Cr\u00e9ativit\u00e9 capillaire","publisher":{"@id":"https:\/\/artworkprofesional.com\/#organization"},"potentialAction":[{"@type":"SearchAction","target":{"@type":"EntryPoint","urlTemplate":"https:\/\/artworkprofesional.com\/?s={search_term_string}"},"query-input":{"@type":"PropertyValueSpecification","valueRequired":true,"valueName":"search_term_string"}}],"inLanguage":"fr-FR"},{"@type":"Organization","@id":"https:\/\/artworkprofesional.com\/#organization","name":"ArtWork Professionnel","url":"https:\/\/artworkprofesional.com\/","logo":{"@type":"ImageObject","inLanguage":"fr-FR","@id":"https:\/\/artworkprofesional.com\/#\/schema\/logo\/image\/","url":"https:\/\/artworkprofesional.com\/wp-content\/uploads\/2021\/03\/LOGO-ARTWORK-negro-sinfondo.png","contentUrl":"https:\/\/artworkprofesional.com\/wp-content\/uploads\/2021\/03\/LOGO-ARTWORK-negro-sinfondo.png","width":749,"height":389,"caption":"ArtWork Professional"},"image":{"@id":"https:\/\/artworkprofesional.com\/#\/schema\/logo\/image\/"},"sameAs":["https:\/\/www.facebook.com\/artworkprofessional\/","https:\/\/www.instagram.com\/artwork.profesional\/?hl=es"]}]}},"_links":{"self":[{"href":"https:\/\/artworkprofesional.com\/fr\/wp-json\/wp\/v2\/product\/3571","targetHints":{"allow":["GET"]}}],"collection":[{"href":"https:\/\/artworkprofesional.com\/fr\/wp-json\/wp\/v2\/product"}],"about":[{"href":"https:\/\/artworkprofesional.com\/fr\/wp-json\/wp\/v2\/types\/product"}],"wp:featuredmedia":[{"embeddable":true,"href":"https:\/\/artworkprofesional.com\/fr\/wp-json\/wp\/v2\/media\/3569"}],"wp:attachment":[{"href":"https:\/\/artworkprofesional.com\/fr\/wp-json\/wp\/v2\/media?parent=3571"}],"wp:term":[{"taxonomy":"product_brand","embeddable":true,"href":"https:\/\/artworkprofesional.com\/fr\/wp-json\/wp\/v2\/product_brand?post=3571"},{"taxonomy":"product_cat","embeddable":true,"href":"https:\/\/artworkprofesional.com\/fr\/wp-json\/wp\/v2\/product_cat?post=3571"},{"taxonomy":"product_tag","embeddable":true,"href":"https:\/\/artworkprofesional.com\/fr\/wp-json\/wp\/v2\/product_tag?post=3571"}],"curies":[{"name":"wp","href":"https:\/\/api.w.org\/{rel}","templated":true}]}}