{"id":3692,"date":"2023-06-02T10:45:04","date_gmt":"2023-06-02T10:45:04","guid":{"rendered":"https:\/\/artworkprofesional.com\/?post_type=product&#038;p=3692"},"modified":"2026-04-17T12:18:10","modified_gmt":"2026-04-17T12:18:10","slug":"mascarila-sebonormalizante-purificante","status":"publish","type":"product","link":"https:\/\/artworkprofesional.com\/fr\/produit\/mascarila-sebonormalizante-purificante\/","title":{"rendered":"Mascarilla Sebonormalizante Purificante True Nature"},"content":{"rendered":"<ul>\n<li><strong>Arcilla verde (Tierras de Fuller)<\/strong>\u200b: con gran poder de absorci\u00f3n y propiedades bactericidas. Limpia, estimula la circulaci\u00f3n y aporta suavidad y luminosidad al cabello.<\/li>\n<li><strong>Avellanas y Almendras dulces:<\/strong> con altas cantidades de vitamina E, son antioxidantes naturales, que fortalecen el fol\u00edculo piloso, mejorando las condiciones para el crecimiento \u00f3ptimo del cabello.<\/li>\n<li><strong>C\u00e1scara de Lim\u00f3n y Naranja:<\/strong> purifican en profundidad y aportan una inyecci\u00f3n extra de vitaminas y brillo al cabello.<br \/>\nCon propiedades antis\u00e9pticas y astringentes, ayudan a evitar que los fol\u00edculos se obstruyan con sebo capilar y la formaci\u00f3n de caspa.<\/li>\n<\/ul>","protected":false},"excerpt":{"rendered":"<p>Con <strong>Arcilla verde, avellanas y almendras dulces y c\u00e1scara de L\u00edm\u00f3n y Naranja<\/strong><\/p>\n<p>Con gran poder de absorci\u00f3n del exceso de sebo y propiedades antis\u00e9pticas. Limpia, estimula la circulaci\u00f3n y normaliza el manto hidrolip\u00eddico, equilibrando el cuero cabelludo. Purifica en profundidad y aportan una inyecci\u00f3n extra de vitaminas y brillo al cabello. Su uso continuado ayuda a evitar que los fol\u00edculos se obstruyan con sebo capilar y la formaci\u00f3n de caspa.<\/p>","protected":false},"featured_media":3552,"template":"","meta":[],"product_brand":[],"product_cat":[49],"product_tag":[],"class_list":{"0":"post-3692","1":"product","2":"type-product","3":"status-publish","4":"has-post-thumbnail","6":"product_cat-tratamiento-bio-true-nature","8":"first","9":"instock","10":"taxable","11":"shipping-taxable","12":"purchasable","13":"product-type-variable"},"yoast_head":"<!-- This site is optimized with the Yoast SEO plugin v27.4 - https:\/\/yoast.com\/product\/yoast-seo-wordpress\/ -->\n<title>Mascarilla Sebonormalizante Purificante True Nature - Art Work Professional<\/title>\n<meta name=\"robots\" content=\"index, follow, max-snippet:-1, max-image-preview:large, max-video-preview:-1\" \/>\n<link rel=\"canonical\" href=\"https:\/\/artworkprofesional.com\/fr\/produit\/mascarila-sebonormalizante-purificante\/\" \/>\n<meta property=\"og:locale\" content=\"fr_FR\" \/>\n<meta property=\"og:type\" content=\"article\" \/>\n<meta property=\"og:title\" content=\"Mascarilla Sebonormalizante Purificante True Nature - Art Work Professional\" \/>\n<meta property=\"og:description\" content=\"Con Arcilla verde, avellanas y almendras dulces y c\u00e1scara de L\u00edm\u00f3n y Naranja  Con gran poder de absorci\u00f3n del exceso de sebo y propiedades antis\u00e9pticas. Limpia, estimula la circulaci\u00f3n y normaliza el manto hidrolip\u00eddico, equilibrando el cuero cabelludo. Purifica en profundidad y aportan una inyecci\u00f3n extra de vitaminas y brillo al cabello. Su uso continuado ayuda a evitar que los fol\u00edculos se obstruyan con sebo capilar y la formaci\u00f3n de caspa.\" \/>\n<meta property=\"og:url\" content=\"https:\/\/artworkprofesional.com\/fr\/produit\/mascarila-sebonormalizante-purificante\/\" \/>\n<meta property=\"og:site_name\" content=\"Art Work Professional\" \/>\n<meta property=\"article:publisher\" content=\"https:\/\/www.facebook.com\/artworkprofessional\/\" \/>\n<meta property=\"article:modified_time\" content=\"2026-04-17T12:18:10+00:00\" \/>\n<meta property=\"og:image\" content=\"https:\/\/artworkprofesional.com\/wp-content\/uploads\/2023\/01\/Mascarilla-Sebonormalizante.jpg\" \/>\n\t<meta property=\"og:image:width\" content=\"800\" \/>\n\t<meta property=\"og:image:height\" content=\"1200\" \/>\n\t<meta property=\"og:image:type\" content=\"image\/jpeg\" \/>\n<meta name=\"twitter:card\" content=\"summary_large_image\" \/>\n<meta name=\"twitter:label1\" content=\"Dur\u00e9e de lecture estim\u00e9e\" \/>\n\t<meta name=\"twitter:data1\" content=\"1 minute\" \/>\n<script type=\"application\/ld+json\" class=\"yoast-schema-graph\">{\"@context\":\"https:\\\/\\\/schema.org\",\"@graph\":[{\"@type\":\"WebPage\",\"@id\":\"https:\\\/\\\/artworkprofesional.com\\\/producto\\\/mascarila-sebonormalizante-purificante\\\/\",\"url\":\"https:\\\/\\\/artworkprofesional.com\\\/producto\\\/mascarila-sebonormalizante-purificante\\\/\",\"name\":\"Mascarilla Sebonormalizante Purificante True Nature - Art Work Professional\",\"isPartOf\":{\"@id\":\"https:\\\/\\\/artworkprofesional.com\\\/#website\"},\"primaryImageOfPage\":{\"@id\":\"https:\\\/\\\/artworkprofesional.com\\\/producto\\\/mascarila-sebonormalizante-purificante\\\/#primaryimage\"},\"image\":{\"@id\":\"https:\\\/\\\/artworkprofesional.com\\\/producto\\\/mascarila-sebonormalizante-purificante\\\/#primaryimage\"},\"thumbnailUrl\":\"https:\\\/\\\/artworkprofesional.com\\\/wp-content\\\/uploads\\\/2023\\\/01\\\/Mascarilla-Sebonormalizante.jpg\",\"datePublished\":\"2023-06-02T10:45:04+00:00\",\"dateModified\":\"2026-04-17T12:18:10+00:00\",\"breadcrumb\":{\"@id\":\"https:\\\/\\\/artworkprofesional.com\\\/producto\\\/mascarila-sebonormalizante-purificante\\\/#breadcrumb\"},\"inLanguage\":\"fr-FR\",\"potentialAction\":[{\"@type\":\"ReadAction\",\"target\":[\"https:\\\/\\\/artworkprofesional.com\\\/producto\\\/mascarila-sebonormalizante-purificante\\\/\"]}]},{\"@type\":\"ImageObject\",\"inLanguage\":\"fr-FR\",\"@id\":\"https:\\\/\\\/artworkprofesional.com\\\/producto\\\/mascarila-sebonormalizante-purificante\\\/#primaryimage\",\"url\":\"https:\\\/\\\/artworkprofesional.com\\\/wp-content\\\/uploads\\\/2023\\\/01\\\/Mascarilla-Sebonormalizante.jpg\",\"contentUrl\":\"https:\\\/\\\/artworkprofesional.com\\\/wp-content\\\/uploads\\\/2023\\\/01\\\/Mascarilla-Sebonormalizante.jpg\",\"width\":800,\"height\":1200},{\"@type\":\"BreadcrumbList\",\"@id\":\"https:\\\/\\\/artworkprofesional.com\\\/producto\\\/mascarila-sebonormalizante-purificante\\\/#breadcrumb\",\"itemListElement\":[{\"@type\":\"ListItem\",\"position\":1,\"name\":\"Portada\",\"item\":\"https:\\\/\\\/artworkprofesional.com\\\/\"},{\"@type\":\"ListItem\",\"position\":2,\"name\":\"Tienda\",\"item\":\"https:\\\/\\\/artworkprofesional.com\\\/tienda\\\/\"},{\"@type\":\"ListItem\",\"position\":3,\"name\":\"Mascarilla Sebonormalizante Purificante True Nature\"}]},{\"@type\":\"WebSite\",\"@id\":\"https:\\\/\\\/artworkprofesional.com\\\/#website\",\"url\":\"https:\\\/\\\/artworkprofesional.com\\\/\",\"name\":\"Art Work Professional\",\"description\":\"Hair Creativity\",\"publisher\":{\"@id\":\"https:\\\/\\\/artworkprofesional.com\\\/#organization\"},\"potentialAction\":[{\"@type\":\"SearchAction\",\"target\":{\"@type\":\"EntryPoint\",\"urlTemplate\":\"https:\\\/\\\/artworkprofesional.com\\\/?s={search_term_string}\"},\"query-input\":{\"@type\":\"PropertyValueSpecification\",\"valueRequired\":true,\"valueName\":\"search_term_string\"}}],\"inLanguage\":\"fr-FR\"},{\"@type\":\"Organization\",\"@id\":\"https:\\\/\\\/artworkprofesional.com\\\/#organization\",\"name\":\"ArtWork Professional\",\"url\":\"https:\\\/\\\/artworkprofesional.com\\\/\",\"logo\":{\"@type\":\"ImageObject\",\"inLanguage\":\"fr-FR\",\"@id\":\"https:\\\/\\\/artworkprofesional.com\\\/#\\\/schema\\\/logo\\\/image\\\/\",\"url\":\"https:\\\/\\\/artworkprofesional.com\\\/wp-content\\\/uploads\\\/2021\\\/03\\\/LOGO-ARTWORK-negro-sinfondo.png\",\"contentUrl\":\"https:\\\/\\\/artworkprofesional.com\\\/wp-content\\\/uploads\\\/2021\\\/03\\\/LOGO-ARTWORK-negro-sinfondo.png\",\"width\":749,\"height\":389,\"caption\":\"ArtWork Professional\"},\"image\":{\"@id\":\"https:\\\/\\\/artworkprofesional.com\\\/#\\\/schema\\\/logo\\\/image\\\/\"},\"sameAs\":[\"https:\\\/\\\/www.facebook.com\\\/artworkprofessional\\\/\",\"https:\\\/\\\/www.instagram.com\\\/artwork.profesional\\\/?hl=es\"]}]}<\/script>\n<!-- \/ Yoast SEO plugin. -->","yoast_head_json":{"title":"Mascarilla Sebonormalizante Purificante True Nature - Art Work Professional","robots":{"index":"index","follow":"follow","max-snippet":"max-snippet:-1","max-image-preview":"max-image-preview:large","max-video-preview":"max-video-preview:-1"},"canonical":"https:\/\/artworkprofesional.com\/fr\/produit\/mascarila-sebonormalizante-purificante\/","og_locale":"fr_FR","og_type":"article","og_title":"Mascarilla Sebonormalizante Purificante True Nature - Art Work Professional","og_description":"Con Arcilla verde, avellanas y almendras dulces y c\u00e1scara de L\u00edm\u00f3n y Naranja  Con gran poder de absorci\u00f3n del exceso de sebo y propiedades antis\u00e9pticas. Limpia, estimula la circulaci\u00f3n y normaliza el manto hidrolip\u00eddico, equilibrando el cuero cabelludo. Purifica en profundidad y aportan una inyecci\u00f3n extra de vitaminas y brillo al cabello. Su uso continuado ayuda a evitar que los fol\u00edculos se obstruyan con sebo capilar y la formaci\u00f3n de caspa.","og_url":"https:\/\/artworkprofesional.com\/fr\/produit\/mascarila-sebonormalizante-purificante\/","og_site_name":"Art Work Professional","article_publisher":"https:\/\/www.facebook.com\/artworkprofessional\/","article_modified_time":"2026-04-17T12:18:10+00:00","og_image":[{"width":800,"height":1200,"url":"https:\/\/artworkprofesional.com\/wp-content\/uploads\/2023\/01\/Mascarilla-Sebonormalizante.jpg","type":"image\/jpeg"}],"twitter_card":"summary_large_image","twitter_misc":{"Dur\u00e9e de lecture estim\u00e9e":"1 minute"},"schema":{"@context":"https:\/\/schema.org","@graph":[{"@type":"WebPage","@id":"https:\/\/artworkprofesional.com\/producto\/mascarila-sebonormalizante-purificante\/","url":"https:\/\/artworkprofesional.com\/producto\/mascarila-sebonormalizante-purificante\/","name":"Mascarilla Sebonormalizante Purificante True Nature - Art Work Professional","isPartOf":{"@id":"https:\/\/artworkprofesional.com\/#website"},"primaryImageOfPage":{"@id":"https:\/\/artworkprofesional.com\/producto\/mascarila-sebonormalizante-purificante\/#primaryimage"},"image":{"@id":"https:\/\/artworkprofesional.com\/producto\/mascarila-sebonormalizante-purificante\/#primaryimage"},"thumbnailUrl":"https:\/\/artworkprofesional.com\/wp-content\/uploads\/2023\/01\/Mascarilla-Sebonormalizante.jpg","datePublished":"2023-06-02T10:45:04+00:00","dateModified":"2026-04-17T12:18:10+00:00","breadcrumb":{"@id":"https:\/\/artworkprofesional.com\/producto\/mascarila-sebonormalizante-purificante\/#breadcrumb"},"inLanguage":"fr-FR","potentialAction":[{"@type":"ReadAction","target":["https:\/\/artworkprofesional.com\/producto\/mascarila-sebonormalizante-purificante\/"]}]},{"@type":"ImageObject","inLanguage":"fr-FR","@id":"https:\/\/artworkprofesional.com\/producto\/mascarila-sebonormalizante-purificante\/#primaryimage","url":"https:\/\/artworkprofesional.com\/wp-content\/uploads\/2023\/01\/Mascarilla-Sebonormalizante.jpg","contentUrl":"https:\/\/artworkprofesional.com\/wp-content\/uploads\/2023\/01\/Mascarilla-Sebonormalizante.jpg","width":800,"height":1200},{"@type":"BreadcrumbList","@id":"https:\/\/artworkprofesional.com\/producto\/mascarila-sebonormalizante-purificante\/#breadcrumb","itemListElement":[{"@type":"ListItem","position":1,"name":"Portada","item":"https:\/\/artworkprofesional.com\/"},{"@type":"ListItem","position":2,"name":"Tienda","item":"https:\/\/artworkprofesional.com\/tienda\/"},{"@type":"ListItem","position":3,"name":"Mascarilla Sebonormalizante Purificante True Nature"}]},{"@type":"WebSite","@id":"https:\/\/artworkprofesional.com\/#website","url":"https:\/\/artworkprofesional.com\/","name":"Professionnel de l&#039;art","description":"Cr\u00e9ativit\u00e9 capillaire","publisher":{"@id":"https:\/\/artworkprofesional.com\/#organization"},"potentialAction":[{"@type":"SearchAction","target":{"@type":"EntryPoint","urlTemplate":"https:\/\/artworkprofesional.com\/?s={search_term_string}"},"query-input":{"@type":"PropertyValueSpecification","valueRequired":true,"valueName":"search_term_string"}}],"inLanguage":"fr-FR"},{"@type":"Organization","@id":"https:\/\/artworkprofesional.com\/#organization","name":"ArtWork Professionnel","url":"https:\/\/artworkprofesional.com\/","logo":{"@type":"ImageObject","inLanguage":"fr-FR","@id":"https:\/\/artworkprofesional.com\/#\/schema\/logo\/image\/","url":"https:\/\/artworkprofesional.com\/wp-content\/uploads\/2021\/03\/LOGO-ARTWORK-negro-sinfondo.png","contentUrl":"https:\/\/artworkprofesional.com\/wp-content\/uploads\/2021\/03\/LOGO-ARTWORK-negro-sinfondo.png","width":749,"height":389,"caption":"ArtWork Professional"},"image":{"@id":"https:\/\/artworkprofesional.com\/#\/schema\/logo\/image\/"},"sameAs":["https:\/\/www.facebook.com\/artworkprofessional\/","https:\/\/www.instagram.com\/artwork.profesional\/?hl=es"]}]}},"_links":{"self":[{"href":"https:\/\/artworkprofesional.com\/fr\/wp-json\/wp\/v2\/product\/3692","targetHints":{"allow":["GET"]}}],"collection":[{"href":"https:\/\/artworkprofesional.com\/fr\/wp-json\/wp\/v2\/product"}],"about":[{"href":"https:\/\/artworkprofesional.com\/fr\/wp-json\/wp\/v2\/types\/product"}],"wp:featuredmedia":[{"embeddable":true,"href":"https:\/\/artworkprofesional.com\/fr\/wp-json\/wp\/v2\/media\/3552"}],"wp:attachment":[{"href":"https:\/\/artworkprofesional.com\/fr\/wp-json\/wp\/v2\/media?parent=3692"}],"wp:term":[{"taxonomy":"product_brand","embeddable":true,"href":"https:\/\/artworkprofesional.com\/fr\/wp-json\/wp\/v2\/product_brand?post=3692"},{"taxonomy":"product_cat","embeddable":true,"href":"https:\/\/artworkprofesional.com\/fr\/wp-json\/wp\/v2\/product_cat?post=3692"},{"taxonomy":"product_tag","embeddable":true,"href":"https:\/\/artworkprofesional.com\/fr\/wp-json\/wp\/v2\/product_tag?post=3692"}],"curies":[{"name":"wp","href":"https:\/\/api.w.org\/{rel}","templated":true}]}}