{"id":3822,"date":"2023-10-10T07:12:12","date_gmt":"2023-10-10T07:12:12","guid":{"rendered":"https:\/\/artworkprofesional.com\/?post_type=product&#038;p=3822"},"modified":"2026-04-17T11:05:11","modified_gmt":"2026-04-17T11:05:11","slug":"tratamiento-lamelar-reparador-cabello-hair-doctor","status":"publish","type":"product","link":"https:\/\/artworkprofesional.com\/fr\/produit\/tratamiento-lamelar-reparador-cabello-hair-doctor\/","title":{"rendered":"Hair Doctor Lamelar"},"content":{"rendered":"<p><b>Modo de uso<\/b><\/p>\n<ul>\n<li>Aplicar despu\u00e9s de lavar el cabello, pulverizando sobre el cabello h\u00famedo de medias a puntas y masajear durante 9 \u00a0segundos.<\/li>\n<li>Aclarar completamente evitando que entre en contacto con los ojos.<\/li>\n<li>Para obtener un resultado extrasedoso, se recomienda realizar un ligero brushing del cabello.<\/li>\n<li>Es un producto que los clientes podr\u00e1n utilizar en casa. Su uso continuado, consigue un cabello brillante, sedoso y sin frizz.<\/li>\n<\/ul>\n<div style=\"width: 480px;\" class=\"wp-video\"><video class=\"wp-video-shortcode\" id=\"video-3822-1\" width=\"480\" height=\"854\" poster=\"https:\/\/artworkprofesional.com\/wp-content\/uploads\/2023\/10\/Video-Movil-Hair-Doctor-imagen.jpg\" preload=\"metadata\" controls=\"controls\"><source type=\"video\/mp4\" src=\"https:\/\/artworkprofesional.com\/wp-content\/uploads\/2023\/10\/video-movil.hair-doctor-web.mp4?_=1\" \/><a href=\"https:\/\/artworkprofesional.com\/wp-content\/uploads\/2023\/10\/video-movil.hair-doctor-web.mp4\">https:\/\/artworkprofesional.com\/wp-content\/uploads\/2023\/10\/video-movil.hair-doctor-web.mp4<\/a><\/video><\/div>","protected":false},"excerpt":{"rendered":"<p><strong>Un spray de tratamiento lamelar que repara el cabello al instante, en tan s\u00f3lo 9 segundos.\u00a0<\/strong><\/p>\n<p>Los activos reparadores a base de amino\u00e1cidos y prote\u00ednas vegetales, se activan de forma inmediata en contacto con el cabello h\u00famedo, se reparten y recubren las zonas da\u00f1adas de la fibra capilar con unas <b>capas ultrafinas de lamelas.<\/b><\/p>\n<p>Consigue un cabello sedoso, brillante y sin frizz,\u00a0<b>en tan s\u00f3lo unos 9 segundos<\/b>.<\/p>\n<p>Es eficaz sobre <strong>todo tipo de cabello<\/strong>,\u00a0no importa su textura o grosor.\u00a0Apto para cabello natural, te\u00f1ido o<span class=\"Apple-converted-space\">\u00a0<\/span>incluso tratado qu\u00edmicamente.<\/p>","protected":false},"featured_media":3823,"template":"","meta":[],"product_brand":[],"product_cat":[44,54,50],"product_tag":[],"class_list":{"0":"post-3822","1":"product","2":"type-product","3":"status-publish","4":"has-post-thumbnail","6":"product_cat-reconstruccion-procesos-quimicos","7":"product_cat-styling","8":"product_cat-tratamiento-hair-rescue","10":"first","11":"instock","12":"taxable","13":"shipping-taxable","14":"purchasable","15":"product-type-simple"},"yoast_head":"<!-- This site is optimized with the Yoast SEO plugin v27.4 - https:\/\/yoast.com\/product\/yoast-seo-wordpress\/ -->\n<title>Hair Doctor Lamelar - Art Work Professional<\/title>\n<meta name=\"robots\" content=\"index, follow, max-snippet:-1, max-image-preview:large, max-video-preview:-1\" \/>\n<link rel=\"canonical\" href=\"https:\/\/artworkprofesional.com\/fr\/produit\/tratamiento-lamelar-reparador-cabello-hair-doctor\/\" \/>\n<meta property=\"og:locale\" content=\"fr_FR\" \/>\n<meta property=\"og:type\" content=\"article\" \/>\n<meta property=\"og:title\" content=\"Hair Doctor Lamelar - Art Work Professional\" \/>\n<meta property=\"og:description\" content=\"Un spray de tratamiento lamelar que repara el cabello al instante, en tan s\u00f3lo 9 segundos.\u00a0  Los activos reparadores a base de amino\u00e1cidos y prote\u00ednas vegetales, se activan de forma inmediata en contacto con el cabello h\u00famedo, se reparten y recubren las zonas da\u00f1adas de la fibra capilar con unas capas ultrafinas de lamelas.  Consigue un cabello sedoso, brillante y sin frizz,\u00a0en tan s\u00f3lo unos 9 segundos.  Es eficaz sobre todo tipo de cabello,\u00a0no importa su textura o grosor.\u00a0Apto para cabello natural, te\u00f1ido o\u00a0incluso tratado qu\u00edmicamente.\" \/>\n<meta property=\"og:url\" content=\"https:\/\/artworkprofesional.com\/fr\/produit\/tratamiento-lamelar-reparador-cabello-hair-doctor\/\" \/>\n<meta property=\"og:site_name\" content=\"Art Work Professional\" \/>\n<meta property=\"article:publisher\" content=\"https:\/\/www.facebook.com\/artworkprofessional\/\" \/>\n<meta property=\"article:modified_time\" content=\"2026-04-17T11:05:11+00:00\" \/>\n<meta property=\"og:image\" content=\"https:\/\/artworkprofesional.com\/wp-content\/uploads\/2023\/10\/Spray-HairDoctor-reparador-250.jpg\" \/>\n\t<meta property=\"og:image:width\" content=\"800\" \/>\n\t<meta property=\"og:image:height\" content=\"1200\" \/>\n\t<meta property=\"og:image:type\" content=\"image\/jpeg\" \/>\n<meta name=\"twitter:card\" content=\"summary_large_image\" \/>\n<meta name=\"twitter:label1\" content=\"Dur\u00e9e de lecture estim\u00e9e\" \/>\n\t<meta name=\"twitter:data1\" content=\"1 minute\" \/>\n<script type=\"application\/ld+json\" class=\"yoast-schema-graph\">{\"@context\":\"https:\\\/\\\/schema.org\",\"@graph\":[{\"@type\":\"WebPage\",\"@id\":\"https:\\\/\\\/artworkprofesional.com\\\/producto\\\/tratamiento-lamelar-reparador-cabello-hair-doctor\\\/\",\"url\":\"https:\\\/\\\/artworkprofesional.com\\\/producto\\\/tratamiento-lamelar-reparador-cabello-hair-doctor\\\/\",\"name\":\"Hair Doctor Lamelar - Art Work Professional\",\"isPartOf\":{\"@id\":\"https:\\\/\\\/artworkprofesional.com\\\/#website\"},\"primaryImageOfPage\":{\"@id\":\"https:\\\/\\\/artworkprofesional.com\\\/producto\\\/tratamiento-lamelar-reparador-cabello-hair-doctor\\\/#primaryimage\"},\"image\":{\"@id\":\"https:\\\/\\\/artworkprofesional.com\\\/producto\\\/tratamiento-lamelar-reparador-cabello-hair-doctor\\\/#primaryimage\"},\"thumbnailUrl\":\"https:\\\/\\\/artworkprofesional.com\\\/wp-content\\\/uploads\\\/2023\\\/10\\\/Spray-HairDoctor-reparador-250.jpg\",\"datePublished\":\"2023-10-10T07:12:12+00:00\",\"dateModified\":\"2026-04-17T11:05:11+00:00\",\"breadcrumb\":{\"@id\":\"https:\\\/\\\/artworkprofesional.com\\\/producto\\\/tratamiento-lamelar-reparador-cabello-hair-doctor\\\/#breadcrumb\"},\"inLanguage\":\"fr-FR\",\"potentialAction\":[{\"@type\":\"ReadAction\",\"target\":[\"https:\\\/\\\/artworkprofesional.com\\\/producto\\\/tratamiento-lamelar-reparador-cabello-hair-doctor\\\/\"]}]},{\"@type\":\"ImageObject\",\"inLanguage\":\"fr-FR\",\"@id\":\"https:\\\/\\\/artworkprofesional.com\\\/producto\\\/tratamiento-lamelar-reparador-cabello-hair-doctor\\\/#primaryimage\",\"url\":\"https:\\\/\\\/artworkprofesional.com\\\/wp-content\\\/uploads\\\/2023\\\/10\\\/Spray-HairDoctor-reparador-250.jpg\",\"contentUrl\":\"https:\\\/\\\/artworkprofesional.com\\\/wp-content\\\/uploads\\\/2023\\\/10\\\/Spray-HairDoctor-reparador-250.jpg\",\"width\":800,\"height\":1200},{\"@type\":\"BreadcrumbList\",\"@id\":\"https:\\\/\\\/artworkprofesional.com\\\/producto\\\/tratamiento-lamelar-reparador-cabello-hair-doctor\\\/#breadcrumb\",\"itemListElement\":[{\"@type\":\"ListItem\",\"position\":1,\"name\":\"Portada\",\"item\":\"https:\\\/\\\/artworkprofesional.com\\\/\"},{\"@type\":\"ListItem\",\"position\":2,\"name\":\"Tienda\",\"item\":\"https:\\\/\\\/artworkprofesional.com\\\/tienda\\\/\"},{\"@type\":\"ListItem\",\"position\":3,\"name\":\"Hair Doctor Lamelar\"}]},{\"@type\":\"WebSite\",\"@id\":\"https:\\\/\\\/artworkprofesional.com\\\/#website\",\"url\":\"https:\\\/\\\/artworkprofesional.com\\\/\",\"name\":\"Art Work Professional\",\"description\":\"Hair Creativity\",\"publisher\":{\"@id\":\"https:\\\/\\\/artworkprofesional.com\\\/#organization\"},\"potentialAction\":[{\"@type\":\"SearchAction\",\"target\":{\"@type\":\"EntryPoint\",\"urlTemplate\":\"https:\\\/\\\/artworkprofesional.com\\\/?s={search_term_string}\"},\"query-input\":{\"@type\":\"PropertyValueSpecification\",\"valueRequired\":true,\"valueName\":\"search_term_string\"}}],\"inLanguage\":\"fr-FR\"},{\"@type\":\"Organization\",\"@id\":\"https:\\\/\\\/artworkprofesional.com\\\/#organization\",\"name\":\"ArtWork Professional\",\"url\":\"https:\\\/\\\/artworkprofesional.com\\\/\",\"logo\":{\"@type\":\"ImageObject\",\"inLanguage\":\"fr-FR\",\"@id\":\"https:\\\/\\\/artworkprofesional.com\\\/#\\\/schema\\\/logo\\\/image\\\/\",\"url\":\"https:\\\/\\\/artworkprofesional.com\\\/wp-content\\\/uploads\\\/2021\\\/03\\\/LOGO-ARTWORK-negro-sinfondo.png\",\"contentUrl\":\"https:\\\/\\\/artworkprofesional.com\\\/wp-content\\\/uploads\\\/2021\\\/03\\\/LOGO-ARTWORK-negro-sinfondo.png\",\"width\":749,\"height\":389,\"caption\":\"ArtWork Professional\"},\"image\":{\"@id\":\"https:\\\/\\\/artworkprofesional.com\\\/#\\\/schema\\\/logo\\\/image\\\/\"},\"sameAs\":[\"https:\\\/\\\/www.facebook.com\\\/artworkprofessional\\\/\",\"https:\\\/\\\/www.instagram.com\\\/artwork.profesional\\\/?hl=es\"]}]}<\/script>\n<!-- \/ Yoast SEO plugin. -->","yoast_head_json":{"title":"Hair Doctor Lamelar - Art Work Professional","robots":{"index":"index","follow":"follow","max-snippet":"max-snippet:-1","max-image-preview":"max-image-preview:large","max-video-preview":"max-video-preview:-1"},"canonical":"https:\/\/artworkprofesional.com\/fr\/produit\/tratamiento-lamelar-reparador-cabello-hair-doctor\/","og_locale":"fr_FR","og_type":"article","og_title":"Hair Doctor Lamelar - Art Work Professional","og_description":"Un spray de tratamiento lamelar que repara el cabello al instante, en tan s\u00f3lo 9 segundos.\u00a0  Los activos reparadores a base de amino\u00e1cidos y prote\u00ednas vegetales, se activan de forma inmediata en contacto con el cabello h\u00famedo, se reparten y recubren las zonas da\u00f1adas de la fibra capilar con unas capas ultrafinas de lamelas.  Consigue un cabello sedoso, brillante y sin frizz,\u00a0en tan s\u00f3lo unos 9 segundos.  Es eficaz sobre todo tipo de cabello,\u00a0no importa su textura o grosor.\u00a0Apto para cabello natural, te\u00f1ido o\u00a0incluso tratado qu\u00edmicamente.","og_url":"https:\/\/artworkprofesional.com\/fr\/produit\/tratamiento-lamelar-reparador-cabello-hair-doctor\/","og_site_name":"Art Work Professional","article_publisher":"https:\/\/www.facebook.com\/artworkprofessional\/","article_modified_time":"2026-04-17T11:05:11+00:00","og_image":[{"width":800,"height":1200,"url":"https:\/\/artworkprofesional.com\/wp-content\/uploads\/2023\/10\/Spray-HairDoctor-reparador-250.jpg","type":"image\/jpeg"}],"twitter_card":"summary_large_image","twitter_misc":{"Dur\u00e9e de lecture estim\u00e9e":"1 minute"},"schema":{"@context":"https:\/\/schema.org","@graph":[{"@type":"WebPage","@id":"https:\/\/artworkprofesional.com\/producto\/tratamiento-lamelar-reparador-cabello-hair-doctor\/","url":"https:\/\/artworkprofesional.com\/producto\/tratamiento-lamelar-reparador-cabello-hair-doctor\/","name":"Hair Doctor Lamelar - Art Work Professional","isPartOf":{"@id":"https:\/\/artworkprofesional.com\/#website"},"primaryImageOfPage":{"@id":"https:\/\/artworkprofesional.com\/producto\/tratamiento-lamelar-reparador-cabello-hair-doctor\/#primaryimage"},"image":{"@id":"https:\/\/artworkprofesional.com\/producto\/tratamiento-lamelar-reparador-cabello-hair-doctor\/#primaryimage"},"thumbnailUrl":"https:\/\/artworkprofesional.com\/wp-content\/uploads\/2023\/10\/Spray-HairDoctor-reparador-250.jpg","datePublished":"2023-10-10T07:12:12+00:00","dateModified":"2026-04-17T11:05:11+00:00","breadcrumb":{"@id":"https:\/\/artworkprofesional.com\/producto\/tratamiento-lamelar-reparador-cabello-hair-doctor\/#breadcrumb"},"inLanguage":"fr-FR","potentialAction":[{"@type":"ReadAction","target":["https:\/\/artworkprofesional.com\/producto\/tratamiento-lamelar-reparador-cabello-hair-doctor\/"]}]},{"@type":"ImageObject","inLanguage":"fr-FR","@id":"https:\/\/artworkprofesional.com\/producto\/tratamiento-lamelar-reparador-cabello-hair-doctor\/#primaryimage","url":"https:\/\/artworkprofesional.com\/wp-content\/uploads\/2023\/10\/Spray-HairDoctor-reparador-250.jpg","contentUrl":"https:\/\/artworkprofesional.com\/wp-content\/uploads\/2023\/10\/Spray-HairDoctor-reparador-250.jpg","width":800,"height":1200},{"@type":"BreadcrumbList","@id":"https:\/\/artworkprofesional.com\/producto\/tratamiento-lamelar-reparador-cabello-hair-doctor\/#breadcrumb","itemListElement":[{"@type":"ListItem","position":1,"name":"Portada","item":"https:\/\/artworkprofesional.com\/"},{"@type":"ListItem","position":2,"name":"Tienda","item":"https:\/\/artworkprofesional.com\/tienda\/"},{"@type":"ListItem","position":3,"name":"Hair Doctor Lamelar"}]},{"@type":"WebSite","@id":"https:\/\/artworkprofesional.com\/#website","url":"https:\/\/artworkprofesional.com\/","name":"Professionnel de l&#039;art","description":"Cr\u00e9ativit\u00e9 capillaire","publisher":{"@id":"https:\/\/artworkprofesional.com\/#organization"},"potentialAction":[{"@type":"SearchAction","target":{"@type":"EntryPoint","urlTemplate":"https:\/\/artworkprofesional.com\/?s={search_term_string}"},"query-input":{"@type":"PropertyValueSpecification","valueRequired":true,"valueName":"search_term_string"}}],"inLanguage":"fr-FR"},{"@type":"Organization","@id":"https:\/\/artworkprofesional.com\/#organization","name":"ArtWork Professionnel","url":"https:\/\/artworkprofesional.com\/","logo":{"@type":"ImageObject","inLanguage":"fr-FR","@id":"https:\/\/artworkprofesional.com\/#\/schema\/logo\/image\/","url":"https:\/\/artworkprofesional.com\/wp-content\/uploads\/2021\/03\/LOGO-ARTWORK-negro-sinfondo.png","contentUrl":"https:\/\/artworkprofesional.com\/wp-content\/uploads\/2021\/03\/LOGO-ARTWORK-negro-sinfondo.png","width":749,"height":389,"caption":"ArtWork Professional"},"image":{"@id":"https:\/\/artworkprofesional.com\/#\/schema\/logo\/image\/"},"sameAs":["https:\/\/www.facebook.com\/artworkprofessional\/","https:\/\/www.instagram.com\/artwork.profesional\/?hl=es"]}]}},"_links":{"self":[{"href":"https:\/\/artworkprofesional.com\/fr\/wp-json\/wp\/v2\/product\/3822","targetHints":{"allow":["GET"]}}],"collection":[{"href":"https:\/\/artworkprofesional.com\/fr\/wp-json\/wp\/v2\/product"}],"about":[{"href":"https:\/\/artworkprofesional.com\/fr\/wp-json\/wp\/v2\/types\/product"}],"wp:featuredmedia":[{"embeddable":true,"href":"https:\/\/artworkprofesional.com\/fr\/wp-json\/wp\/v2\/media\/3823"}],"wp:attachment":[{"href":"https:\/\/artworkprofesional.com\/fr\/wp-json\/wp\/v2\/media?parent=3822"}],"wp:term":[{"taxonomy":"product_brand","embeddable":true,"href":"https:\/\/artworkprofesional.com\/fr\/wp-json\/wp\/v2\/product_brand?post=3822"},{"taxonomy":"product_cat","embeddable":true,"href":"https:\/\/artworkprofesional.com\/fr\/wp-json\/wp\/v2\/product_cat?post=3822"},{"taxonomy":"product_tag","embeddable":true,"href":"https:\/\/artworkprofesional.com\/fr\/wp-json\/wp\/v2\/product_tag?post=3822"}],"curies":[{"name":"wp","href":"https:\/\/api.w.org\/{rel}","templated":true}]}}