{"id":4761,"date":"2025-11-04T10:04:45","date_gmt":"2025-11-04T10:04:45","guid":{"rendered":"https:\/\/artworkprofesional.com\/?post_type=product&#038;p=4761"},"modified":"2025-11-04T10:21:12","modified_gmt":"2025-11-04T10:21:12","slug":"pack-salon-true-nature-cabello","status":"publish","type":"product","link":"https:\/\/artworkprofesional.com\/fr\/produit\/pack-salon-true-nature-cabello\/","title":{"rendered":"Pack Sal\u00f3n True Nature Cabello"},"content":{"rendered":"","protected":false},"excerpt":{"rendered":"<h2>Con un 50% DTO y un Expositor mini de\u00a0<strong>OBSEQUIO!\u00a0<\/strong><\/h2>\n<p>TRUE NATURE es una l\u00ednea vegana de cuidado capilar profesional, formulada c<strong>on un alto porcentaje de ingredientes naturales y activos funcionales espec\u00edficos<\/strong> para tratar cada necesidad del cabello y del cuero cabelludo. Descubre m\u00e1s <a href=\"https:\/\/artworkprofesional.com\/fr\/true-nature-derma-cuidado-microbioma-capilar\/\"><strong>AQUI!<\/strong><\/a><\/p>\n<p>Este Pack incluye los Shampoos y Mascarillas TRUE NATURE de 500 ml, para mimar el cabello de tus clientes, aportando resultados visibles y una experiencia sensorial \u00fanica. No contiene Sulfatos ni siliconas y est\u00e1n elaborados <strong>con extractos org\u00e1nicos<\/strong> <strong>y aceites esenciales para el cuidado del cabello<\/strong>.<\/p>\n<p>El Pack incluye:<\/p>\n<ul>\n<li>3 uds x 3 Shampoos 500 ml: Antioxidante\/Uso Frecuente, Cabellos Coloreados y Cabellos Secos\/Da\u00f1ados<br \/>\n3 uds x 4 Mascarillas 500 ml: Antioxidante\/Uso Frecuente, Color, Nutritiva, Anti Encrespamiento<\/li>\n<li>Mini Expositor<\/li>\n<\/ul>\n<div class=\"page\" title=\"Page 6\">\n<div class=\"layoutArea\">\n<div class=\"column\"><\/div>\n<\/div>\n<\/div>\n<p>&nbsp;<\/p>","protected":false},"featured_media":4762,"template":"","meta":[],"product_brand":[],"product_cat":[49],"product_tag":[],"class_list":{"0":"post-4761","1":"product","2":"type-product","3":"status-publish","4":"has-post-thumbnail","6":"product_cat-tratamiento-bio-true-nature","7":"pa_linea-true-nature","9":"first","10":"instock","11":"taxable","12":"shipping-taxable","13":"purchasable","14":"product-type-simple"},"yoast_head":"<!-- This site is optimized with the Yoast SEO plugin v27.4 - https:\/\/yoast.com\/product\/yoast-seo-wordpress\/ -->\n<title>Pack Sal\u00f3n True Nature Cabello - Art Work Professional<\/title>\n<meta name=\"description\" content=\"Incluye Shampoos y Mascarillas TRUE NATURE, para mimar el cabello, aportando resultados y una experiencia sensorial \u00fanica. No contiene Sulfatos ni siliconas y est\u00e1n elaborados con extractos org\u00e1nicos y aceites esenciales.\" \/>\n<meta name=\"robots\" content=\"index, follow, max-snippet:-1, max-image-preview:large, max-video-preview:-1\" \/>\n<link rel=\"canonical\" href=\"https:\/\/artworkprofesional.com\/fr\/produit\/pack-salon-true-nature-cabello\/\" \/>\n<meta property=\"og:locale\" content=\"fr_FR\" \/>\n<meta property=\"og:type\" content=\"article\" \/>\n<meta property=\"og:title\" content=\"Pack Sal\u00f3n True Nature Cabello - Art Work Professional\" \/>\n<meta property=\"og:description\" content=\"Incluye Shampoos y Mascarillas TRUE NATURE, para mimar el cabello, aportando resultados y una experiencia sensorial \u00fanica. No contiene Sulfatos ni siliconas y est\u00e1n elaborados con extractos org\u00e1nicos y aceites esenciales.\" \/>\n<meta property=\"og:url\" content=\"https:\/\/artworkprofesional.com\/fr\/produit\/pack-salon-true-nature-cabello\/\" \/>\n<meta property=\"og:site_name\" content=\"Art Work Professional\" \/>\n<meta property=\"article:publisher\" content=\"https:\/\/www.facebook.com\/artworkprofessional\/\" \/>\n<meta property=\"article:modified_time\" content=\"2025-11-04T10:21:12+00:00\" \/>\n<meta property=\"og:image\" content=\"https:\/\/artworkprofesional.com\/wp-content\/uploads\/2025\/11\/pack-true-nature-cabello-Salon.png\" \/>\n\t<meta property=\"og:image:width\" content=\"800\" \/>\n\t<meta property=\"og:image:height\" content=\"1200\" \/>\n\t<meta property=\"og:image:type\" content=\"image\/png\" \/>\n<meta name=\"twitter:card\" content=\"summary_large_image\" \/>\n<meta name=\"twitter:label1\" content=\"Dur\u00e9e de lecture estim\u00e9e\" \/>\n\t<meta name=\"twitter:data1\" content=\"1 minute\" \/>\n<script type=\"application\/ld+json\" class=\"yoast-schema-graph\">{\"@context\":\"https:\\\/\\\/schema.org\",\"@graph\":[{\"@type\":\"WebPage\",\"@id\":\"https:\\\/\\\/artworkprofesional.com\\\/producto\\\/pack-salon-true-nature-cabello\\\/\",\"url\":\"https:\\\/\\\/artworkprofesional.com\\\/producto\\\/pack-salon-true-nature-cabello\\\/\",\"name\":\"Pack Sal\u00f3n True Nature Cabello - Art Work Professional\",\"isPartOf\":{\"@id\":\"https:\\\/\\\/artworkprofesional.com\\\/#website\"},\"primaryImageOfPage\":{\"@id\":\"https:\\\/\\\/artworkprofesional.com\\\/producto\\\/pack-salon-true-nature-cabello\\\/#primaryimage\"},\"image\":{\"@id\":\"https:\\\/\\\/artworkprofesional.com\\\/producto\\\/pack-salon-true-nature-cabello\\\/#primaryimage\"},\"thumbnailUrl\":\"https:\\\/\\\/artworkprofesional.com\\\/wp-content\\\/uploads\\\/2025\\\/11\\\/pack-true-nature-cabello-Salon.png\",\"datePublished\":\"2025-11-04T10:04:45+00:00\",\"dateModified\":\"2025-11-04T10:21:12+00:00\",\"description\":\"Incluye Shampoos y Mascarillas TRUE NATURE, para mimar el cabello, aportando resultados y una experiencia sensorial \u00fanica. No contiene Sulfatos ni siliconas y est\u00e1n elaborados con extractos org\u00e1nicos y aceites esenciales.\",\"breadcrumb\":{\"@id\":\"https:\\\/\\\/artworkprofesional.com\\\/producto\\\/pack-salon-true-nature-cabello\\\/#breadcrumb\"},\"inLanguage\":\"fr-FR\",\"potentialAction\":[{\"@type\":\"ReadAction\",\"target\":[\"https:\\\/\\\/artworkprofesional.com\\\/producto\\\/pack-salon-true-nature-cabello\\\/\"]}]},{\"@type\":\"ImageObject\",\"inLanguage\":\"fr-FR\",\"@id\":\"https:\\\/\\\/artworkprofesional.com\\\/producto\\\/pack-salon-true-nature-cabello\\\/#primaryimage\",\"url\":\"https:\\\/\\\/artworkprofesional.com\\\/wp-content\\\/uploads\\\/2025\\\/11\\\/pack-true-nature-cabello-Salon.png\",\"contentUrl\":\"https:\\\/\\\/artworkprofesional.com\\\/wp-content\\\/uploads\\\/2025\\\/11\\\/pack-true-nature-cabello-Salon.png\",\"width\":800,\"height\":1200},{\"@type\":\"BreadcrumbList\",\"@id\":\"https:\\\/\\\/artworkprofesional.com\\\/producto\\\/pack-salon-true-nature-cabello\\\/#breadcrumb\",\"itemListElement\":[{\"@type\":\"ListItem\",\"position\":1,\"name\":\"Portada\",\"item\":\"https:\\\/\\\/artworkprofesional.com\\\/\"},{\"@type\":\"ListItem\",\"position\":2,\"name\":\"Tienda\",\"item\":\"https:\\\/\\\/artworkprofesional.com\\\/tienda\\\/\"},{\"@type\":\"ListItem\",\"position\":3,\"name\":\"Pack Sal\u00f3n True Nature Cabello\"}]},{\"@type\":\"WebSite\",\"@id\":\"https:\\\/\\\/artworkprofesional.com\\\/#website\",\"url\":\"https:\\\/\\\/artworkprofesional.com\\\/\",\"name\":\"Art Work Professional\",\"description\":\"Hair Creativity\",\"publisher\":{\"@id\":\"https:\\\/\\\/artworkprofesional.com\\\/#organization\"},\"potentialAction\":[{\"@type\":\"SearchAction\",\"target\":{\"@type\":\"EntryPoint\",\"urlTemplate\":\"https:\\\/\\\/artworkprofesional.com\\\/?s={search_term_string}\"},\"query-input\":{\"@type\":\"PropertyValueSpecification\",\"valueRequired\":true,\"valueName\":\"search_term_string\"}}],\"inLanguage\":\"fr-FR\"},{\"@type\":\"Organization\",\"@id\":\"https:\\\/\\\/artworkprofesional.com\\\/#organization\",\"name\":\"ArtWork Professional\",\"url\":\"https:\\\/\\\/artworkprofesional.com\\\/\",\"logo\":{\"@type\":\"ImageObject\",\"inLanguage\":\"fr-FR\",\"@id\":\"https:\\\/\\\/artworkprofesional.com\\\/#\\\/schema\\\/logo\\\/image\\\/\",\"url\":\"https:\\\/\\\/artworkprofesional.com\\\/wp-content\\\/uploads\\\/2021\\\/03\\\/LOGO-ARTWORK-negro-sinfondo.png\",\"contentUrl\":\"https:\\\/\\\/artworkprofesional.com\\\/wp-content\\\/uploads\\\/2021\\\/03\\\/LOGO-ARTWORK-negro-sinfondo.png\",\"width\":749,\"height\":389,\"caption\":\"ArtWork Professional\"},\"image\":{\"@id\":\"https:\\\/\\\/artworkprofesional.com\\\/#\\\/schema\\\/logo\\\/image\\\/\"},\"sameAs\":[\"https:\\\/\\\/www.facebook.com\\\/artworkprofessional\\\/\",\"https:\\\/\\\/www.instagram.com\\\/artwork.profesional\\\/?hl=es\"]}]}<\/script>\n<!-- \/ Yoast SEO plugin. -->","yoast_head_json":{"title":"Pack Sal\u00f3n True Nature Cabello - Art Work Professional","description":"Incluye Shampoos y Mascarillas TRUE NATURE, para mimar el cabello, aportando resultados y una experiencia sensorial \u00fanica. No contiene Sulfatos ni siliconas y est\u00e1n elaborados con extractos org\u00e1nicos y aceites esenciales.","robots":{"index":"index","follow":"follow","max-snippet":"max-snippet:-1","max-image-preview":"max-image-preview:large","max-video-preview":"max-video-preview:-1"},"canonical":"https:\/\/artworkprofesional.com\/fr\/produit\/pack-salon-true-nature-cabello\/","og_locale":"fr_FR","og_type":"article","og_title":"Pack Sal\u00f3n True Nature Cabello - Art Work Professional","og_description":"Incluye Shampoos y Mascarillas TRUE NATURE, para mimar el cabello, aportando resultados y una experiencia sensorial \u00fanica. No contiene Sulfatos ni siliconas y est\u00e1n elaborados con extractos org\u00e1nicos y aceites esenciales.","og_url":"https:\/\/artworkprofesional.com\/fr\/produit\/pack-salon-true-nature-cabello\/","og_site_name":"Art Work Professional","article_publisher":"https:\/\/www.facebook.com\/artworkprofessional\/","article_modified_time":"2025-11-04T10:21:12+00:00","og_image":[{"width":800,"height":1200,"url":"https:\/\/artworkprofesional.com\/wp-content\/uploads\/2025\/11\/pack-true-nature-cabello-Salon.png","type":"image\/png"}],"twitter_card":"summary_large_image","twitter_misc":{"Dur\u00e9e de lecture estim\u00e9e":"1 minute"},"schema":{"@context":"https:\/\/schema.org","@graph":[{"@type":"WebPage","@id":"https:\/\/artworkprofesional.com\/producto\/pack-salon-true-nature-cabello\/","url":"https:\/\/artworkprofesional.com\/producto\/pack-salon-true-nature-cabello\/","name":"Pack Sal\u00f3n True Nature Cabello - Art Work Professional","isPartOf":{"@id":"https:\/\/artworkprofesional.com\/#website"},"primaryImageOfPage":{"@id":"https:\/\/artworkprofesional.com\/producto\/pack-salon-true-nature-cabello\/#primaryimage"},"image":{"@id":"https:\/\/artworkprofesional.com\/producto\/pack-salon-true-nature-cabello\/#primaryimage"},"thumbnailUrl":"https:\/\/artworkprofesional.com\/wp-content\/uploads\/2025\/11\/pack-true-nature-cabello-Salon.png","datePublished":"2025-11-04T10:04:45+00:00","dateModified":"2025-11-04T10:21:12+00:00","description":"Incluye Shampoos y Mascarillas TRUE NATURE, para mimar el cabello, aportando resultados y una experiencia sensorial \u00fanica. No contiene Sulfatos ni siliconas y est\u00e1n elaborados con extractos org\u00e1nicos y aceites esenciales.","breadcrumb":{"@id":"https:\/\/artworkprofesional.com\/producto\/pack-salon-true-nature-cabello\/#breadcrumb"},"inLanguage":"fr-FR","potentialAction":[{"@type":"ReadAction","target":["https:\/\/artworkprofesional.com\/producto\/pack-salon-true-nature-cabello\/"]}]},{"@type":"ImageObject","inLanguage":"fr-FR","@id":"https:\/\/artworkprofesional.com\/producto\/pack-salon-true-nature-cabello\/#primaryimage","url":"https:\/\/artworkprofesional.com\/wp-content\/uploads\/2025\/11\/pack-true-nature-cabello-Salon.png","contentUrl":"https:\/\/artworkprofesional.com\/wp-content\/uploads\/2025\/11\/pack-true-nature-cabello-Salon.png","width":800,"height":1200},{"@type":"BreadcrumbList","@id":"https:\/\/artworkprofesional.com\/producto\/pack-salon-true-nature-cabello\/#breadcrumb","itemListElement":[{"@type":"ListItem","position":1,"name":"Portada","item":"https:\/\/artworkprofesional.com\/"},{"@type":"ListItem","position":2,"name":"Tienda","item":"https:\/\/artworkprofesional.com\/tienda\/"},{"@type":"ListItem","position":3,"name":"Pack Sal\u00f3n True Nature Cabello"}]},{"@type":"WebSite","@id":"https:\/\/artworkprofesional.com\/#website","url":"https:\/\/artworkprofesional.com\/","name":"Professionnel de l&#039;art","description":"Cr\u00e9ativit\u00e9 capillaire","publisher":{"@id":"https:\/\/artworkprofesional.com\/#organization"},"potentialAction":[{"@type":"SearchAction","target":{"@type":"EntryPoint","urlTemplate":"https:\/\/artworkprofesional.com\/?s={search_term_string}"},"query-input":{"@type":"PropertyValueSpecification","valueRequired":true,"valueName":"search_term_string"}}],"inLanguage":"fr-FR"},{"@type":"Organization","@id":"https:\/\/artworkprofesional.com\/#organization","name":"ArtWork Professionnel","url":"https:\/\/artworkprofesional.com\/","logo":{"@type":"ImageObject","inLanguage":"fr-FR","@id":"https:\/\/artworkprofesional.com\/#\/schema\/logo\/image\/","url":"https:\/\/artworkprofesional.com\/wp-content\/uploads\/2021\/03\/LOGO-ARTWORK-negro-sinfondo.png","contentUrl":"https:\/\/artworkprofesional.com\/wp-content\/uploads\/2021\/03\/LOGO-ARTWORK-negro-sinfondo.png","width":749,"height":389,"caption":"ArtWork Professional"},"image":{"@id":"https:\/\/artworkprofesional.com\/#\/schema\/logo\/image\/"},"sameAs":["https:\/\/www.facebook.com\/artworkprofessional\/","https:\/\/www.instagram.com\/artwork.profesional\/?hl=es"]}]}},"_links":{"self":[{"href":"https:\/\/artworkprofesional.com\/fr\/wp-json\/wp\/v2\/product\/4761","targetHints":{"allow":["GET"]}}],"collection":[{"href":"https:\/\/artworkprofesional.com\/fr\/wp-json\/wp\/v2\/product"}],"about":[{"href":"https:\/\/artworkprofesional.com\/fr\/wp-json\/wp\/v2\/types\/product"}],"wp:featuredmedia":[{"embeddable":true,"href":"https:\/\/artworkprofesional.com\/fr\/wp-json\/wp\/v2\/media\/4762"}],"wp:attachment":[{"href":"https:\/\/artworkprofesional.com\/fr\/wp-json\/wp\/v2\/media?parent=4761"}],"wp:term":[{"taxonomy":"product_brand","embeddable":true,"href":"https:\/\/artworkprofesional.com\/fr\/wp-json\/wp\/v2\/product_brand?post=4761"},{"taxonomy":"product_cat","embeddable":true,"href":"https:\/\/artworkprofesional.com\/fr\/wp-json\/wp\/v2\/product_cat?post=4761"},{"taxonomy":"product_tag","embeddable":true,"href":"https:\/\/artworkprofesional.com\/fr\/wp-json\/wp\/v2\/product_tag?post=4761"}],"curies":[{"name":"wp","href":"https:\/\/api.w.org\/{rel}","templated":true}]}}