{"id":1816,"date":"2021-05-12T04:34:38","date_gmt":"2021-05-12T04:34:38","guid":{"rendered":"https:\/\/artworkprofesional.dreamhosters.com\/?page_id=1816"},"modified":"2021-05-12T04:34:38","modified_gmt":"2021-05-12T04:34:38","slug":"politica-de-cookies","status":"publish","type":"page","link":"https:\/\/artworkprofesional.com\/pt\/politica-de-cookies\/","title":{"rendered":"Pol\u00edtica de cookies"},"content":{"rendered":"<div class=\"wpb-content-wrapper\"><div class=\"vc_row wpb_row vc_row-fluid\"><div class=\"wpb_column vc_column_container vc_col-sm-12\"><div class=\"vc_column-inner\"><div class=\"wpb_wrapper\">\n\t<div class=\"wpb_text_column wpb_content_element\" >\n\t\t<div class=\"wpb_wrapper\">\n\t\t\t<p>Nesta se\u00e7\u00e3o, tentamos oferecer-lhe informa\u00e7\u00f5es sobre o uso que fazemos de cookies e dispositivos semelhantes que est\u00e3o instalados em seu terminal.<\/p>\n<p>Por vezes, a utiliza\u00e7\u00e3o de cookies pode estar relacionada com o processamento de dados pessoais, por isso recomendamos que consulte a nossa Pol\u00edtica de Privacidade, caso pretenda obter informa\u00e7\u00f5es sobre como utilizamos os dados pessoais dos nossos clientes e utilizadores, como exercer os seus direitos.<\/p>\n\n\t\t<\/div>\n\t<\/div>\n<div  class=\"vc_do_toggle vc_toggle vc_toggle_default vc_toggle_color_default vc_toggle_size_md vc_toggle_active\"><div class=\"vc_toggle_title\"><h4>O que \u00e9 um biscoito?<\/h4><i class=\"vc_toggle_icon\"><\/i><\/div><div class=\"vc_toggle_content\"><p>Una Cookie es un peque\u00f1o fichero de texto que un sitio web, app u otra plataforma almacena en tu ordenador, tel\u00e9fono inteligente o dispositivo similar, con informaci\u00f3n sobre tu navegaci\u00f3n. Son necesarias por ejemplo para facilitar la navegaci\u00f3n y conocer la manera en que interact\u00faan los usuarios . Tambi\u00e9n son \u00fatiles para poder ofrecer publicidad seg\u00fan las preferencias del usuario, as\u00ed como para otras finalidades que se detallan m\u00e1s adelante. Las Cookies no da\u00f1an tu ordenador o dispositivo.\u00bbCookies\u00bb tambi\u00e9n son otras tecnolog\u00edas similares de recogida de informaci\u00f3n en o sobre tu dispositivo . \u201cCookies\u201d tambi\u00e9n resulta de aplicaci\u00f3n al uso de t\u00e9cnicas de fingerprinting, es decir, aquellas t\u00e9cnicas de combinaci\u00f3n de informaci\u00f3n que nos ayudan a identificar tu dispositivo. En ocasiones, estas tecnolog\u00edas funcionan de manera conjunta con cookies para recopilar y almacenar informaci\u00f3n, bien para proporcionarte ciertas funcionalidades o servicios en nuestra Plataforma, o bien para mostrarte publicidad en las plataformas de terceros, teniendo en cuenta tu navegaci\u00f3n.<\/p>\n<\/div><\/div><div  class=\"vc_do_toggle vc_toggle vc_toggle_default vc_toggle_color_default vc_toggle_size_md\"><div class=\"vc_toggle_title\"><h4>Que cookies existem?<\/h4><i class=\"vc_toggle_icon\"><\/i><\/div><div class=\"vc_toggle_content\"><p><strong>Esta explica\u00e7\u00e3o \u00e9 apenas para fins informativos.<\/strong><\/p>\n<p>Podem ser classificados Cookies pr\u00f3prios, que s\u00e3o enviados para o computador ou dispositivo do usu\u00e1rio a partir de um computador ou dom\u00ednio administrado pelo pr\u00f3prio editor e a partir do qual \u00e9 oferecida a plataforma ou servi\u00e7o solicitado pelo usu\u00e1rio, e Cookies de terceiros: S\u00e3o aqueles que s\u00e3o enviados para o computador ou dispositivo do usu\u00e1rio a partir de um computador ou dom\u00ednio que n\u00e3o \u00e9 gerenciado pelo editor, mas por outra entidade que processa os dados obtidos por meio de cookies.<\/p>\n<p>Os cookies estritamente necess\u00e1rios (t\u00e9cnicos) podem ser classificados como aqueles que permitem ao usu\u00e1rio navegar por uma p\u00e1gina web, plataforma ou aplicativo e utilizar as diferentes op\u00e7\u00f5es ou servi\u00e7os neles existentes, como, por exemplo, controle de tr\u00e1fego, identifica\u00e7\u00e3o de dados. Ou a sess\u00e3o, aceder a sec\u00e7\u00f5es ou conte\u00fados de acesso restrito, recordar os elementos que constituem uma encomenda, efetuar o processo de compra da encomenda, gerir o pagamento, controlar as fraudes ligadas \u00e0 seguran\u00e7a do servi\u00e7o, s. Os cookies t\u00e9cnicos, sendo estritamente necess\u00e1rios, s\u00e3o descarregados por defeito quando permitem a apresenta\u00e7\u00e3o da plataforma ou a presta\u00e7\u00e3o do servi\u00e7o solicitado pelo utilizador.<\/p>\n<p>Cookies de funcionalidade, s\u00e3o aqueles que permitem ao usu\u00e1rio lembrar de informa\u00e7\u00f5es para que ele acesse o servi\u00e7o ou plataforma com certas caracter\u00edsticas que podem diferenciar sua experi\u00eancia da de outros usu\u00e1rios, como, por exemplo, o idioma. A n\u00e3o aceita\u00e7\u00e3o desses Cookies pode gerar desempenho lento da p\u00e1gina da web.<\/p>\n<p>Cookies de an\u00e1lise: s\u00e3o aqueles que permitem quantificar o n\u00famero de utilizadores, os tro\u00e7os visitados na plataforma e a forma como interagem com ela, de forma a realizar medi\u00e7\u00f5es e an\u00e1lises estat\u00edsticas de forma a introduzir melhorias.<\/p>\n<p>Cookies de publicidade comportamental: S\u00e3o aqueles que armazenam o comportamento dos usu\u00e1rios obtido atrav\u00e9s da observa\u00e7\u00e3o cont\u00ednua de seus h\u00e1bitos de navega\u00e7\u00e3o, o que permite o desenvolvimento de um perfil espec\u00edfico para exibi\u00e7\u00e3o de publicidade. Permitem a gest\u00e3o mais eficiente poss\u00edvel dos espa\u00e7os publicit\u00e1rios que, se for caso disso, o editor incluiu diretamente ou em colabora\u00e7\u00e3o com terceiros.<\/p>\n<\/div><\/div><div  class=\"vc_do_toggle vc_toggle vc_toggle_default vc_toggle_color_default vc_toggle_size_md\"><div class=\"vc_toggle_title\"><h4>Para que s\u00e3o usados os cookies em nossa p\u00e1gina?<\/h4><i class=\"vc_toggle_icon\"><\/i><\/div><div class=\"vc_toggle_content\"><p>O principal objetivo dos nossos Cookies \u00e9 tornar a experi\u00eancia de navega\u00e7\u00e3o confort\u00e1vel e eficiente. Utilizamos os nossos Cookies para melhorar os nossos servi\u00e7os e Plataforma, bem como para poder oferecer publicidade personalizada de acordo com os seus h\u00e1bitos de navega\u00e7\u00e3o. A informa\u00e7\u00e3o recolhida nos Cookies permite-nos tamb\u00e9m melhorar a nossa Plataforma estimando dados estat\u00edsticos e padr\u00f5es de utiliza\u00e7\u00e3o (n\u00famero de visitas, tro\u00e7os mais visitados, tempo de visita, etc.), sabendo de forma estat\u00edstica como os utilizadores interagem com a Plataforma para melhorar os nossos servi\u00e7os, bem como adaptar a Plataforma aos seus interesses individuais, acelerar as pesquisas, etc. Em qualquer caso, nos cookies que utilizamos, nunca armazenamos informa\u00e7\u00f5es confidenciais, como senhas, detalhes de cart\u00e3o de cr\u00e9dito ou d\u00e9bito, etc.<\/p>\n<\/div><\/div><div  class=\"vc_do_toggle vc_toggle vc_toggle_default vc_toggle_color_default vc_toggle_size_md\"><div class=\"vc_toggle_title\"><h4>Como posso gerenciar o uso de Cookies nesta Plataforma?<\/h4><i class=\"vc_toggle_icon\"><\/i><\/div><div class=\"vc_toggle_content\"><p>No painel de configura\u00e7\u00e3o dos Cookies, acess\u00edvel a qualquer momento, pode gerir a activa\u00e7\u00e3o e desactiva\u00e7\u00e3o da utiliza\u00e7\u00e3o dos Cookies que n\u00e3o sejam estritamente necess\u00e1rios ao funcionamento da Plataforma. Alternativamente, se voc\u00ea estiver navegando na Internet, voc\u00ea pode desabilitar o uso de Cookies em seu navegador.<\/p>\n<\/div><\/div>\n\t<div class=\"wpb_text_column wpb_content_element\" >\n\t\t<div class=\"wpb_wrapper\">\n\t\t\t<p>Mais informa\u00e7\u00f5es no painel de configura\u00e7\u00e3o de Cookies sempre acess\u00edvel em nossa Plataforma. Para obter informa\u00e7\u00f5es mais detalhadas sobre o processamento de seus dados pessoais em nossa colabora\u00e7\u00e3o com terceiros, recomendamos que voc\u00ea leia nosso <a href=\"http:\/\/politica-de-privacidad\">Pol\u00edtica de privacidade<\/a>.<\/p>\n\n\t\t<\/div>\n\t<\/div>\n<\/div><\/div><\/div><\/div>\n<\/div>","protected":false},"excerpt":{"rendered":"En este apartado intentamos ofrecerte informaci\u00f3n sobre el uso que realizamos de las cookies y dispositivos similares que se instalan","protected":false},"author":1,"featured_media":0,"parent":0,"menu_order":0,"comment_status":"closed","ping_status":"closed","template":"","meta":{"footnotes":""},"class_list":["post-1816","page","type-page","status-publish","hentry"],"yoast_head":"<!-- This site is optimized with the Yoast SEO plugin v27.4 - https:\/\/yoast.com\/product\/yoast-seo-wordpress\/ -->\n<title>Pol\u00edtica de Cookies - Art Work Professional<\/title>\n<meta name=\"robots\" content=\"index, follow, max-snippet:-1, max-image-preview:large, max-video-preview:-1\" \/>\n<link rel=\"canonical\" href=\"https:\/\/artworkprofesional.com\/pt\/politica-de-cookies\/\" \/>\n<meta property=\"og:locale\" content=\"pt_PT\" \/>\n<meta property=\"og:type\" content=\"article\" \/>\n<meta property=\"og:title\" content=\"Pol\u00edtica de Cookies - Art Work Professional\" \/>\n<meta property=\"og:url\" content=\"https:\/\/artworkprofesional.com\/pt\/politica-de-cookies\/\" \/>\n<meta property=\"og:site_name\" content=\"Art Work Professional\" \/>\n<meta property=\"article:publisher\" content=\"https:\/\/www.facebook.com\/artworkprofessional\/\" \/>\n<meta name=\"twitter:card\" content=\"summary_large_image\" \/>\n<meta name=\"twitter:label1\" content=\"Tempo estimado de leitura\" \/>\n\t<meta name=\"twitter:data1\" content=\"4 minutos\" \/>\n<script type=\"application\/ld+json\" class=\"yoast-schema-graph\">{\"@context\":\"https:\\\/\\\/schema.org\",\"@graph\":[{\"@type\":\"WebPage\",\"@id\":\"https:\\\/\\\/artworkprofesional.com\\\/politica-de-cookies\\\/\",\"url\":\"https:\\\/\\\/artworkprofesional.com\\\/politica-de-cookies\\\/\",\"name\":\"Pol\u00edtica de Cookies - Art Work Professional\",\"isPartOf\":{\"@id\":\"https:\\\/\\\/artworkprofesional.com\\\/#website\"},\"datePublished\":\"2021-05-12T04:34:38+00:00\",\"breadcrumb\":{\"@id\":\"https:\\\/\\\/artworkprofesional.com\\\/politica-de-cookies\\\/#breadcrumb\"},\"inLanguage\":\"pt-PT\",\"potentialAction\":[{\"@type\":\"ReadAction\",\"target\":[\"https:\\\/\\\/artworkprofesional.com\\\/politica-de-cookies\\\/\"]}]},{\"@type\":\"BreadcrumbList\",\"@id\":\"https:\\\/\\\/artworkprofesional.com\\\/politica-de-cookies\\\/#breadcrumb\",\"itemListElement\":[{\"@type\":\"ListItem\",\"position\":1,\"name\":\"Portada\",\"item\":\"https:\\\/\\\/artworkprofesional.com\\\/\"},{\"@type\":\"ListItem\",\"position\":2,\"name\":\"Pol\u00edtica de Cookies\"}]},{\"@type\":\"WebSite\",\"@id\":\"https:\\\/\\\/artworkprofesional.com\\\/#website\",\"url\":\"https:\\\/\\\/artworkprofesional.com\\\/\",\"name\":\"Art Work Professional\",\"description\":\"Hair Creativity\",\"publisher\":{\"@id\":\"https:\\\/\\\/artworkprofesional.com\\\/#organization\"},\"potentialAction\":[{\"@type\":\"SearchAction\",\"target\":{\"@type\":\"EntryPoint\",\"urlTemplate\":\"https:\\\/\\\/artworkprofesional.com\\\/?s={search_term_string}\"},\"query-input\":{\"@type\":\"PropertyValueSpecification\",\"valueRequired\":true,\"valueName\":\"search_term_string\"}}],\"inLanguage\":\"pt-PT\"},{\"@type\":\"Organization\",\"@id\":\"https:\\\/\\\/artworkprofesional.com\\\/#organization\",\"name\":\"ArtWork Professional\",\"url\":\"https:\\\/\\\/artworkprofesional.com\\\/\",\"logo\":{\"@type\":\"ImageObject\",\"inLanguage\":\"pt-PT\",\"@id\":\"https:\\\/\\\/artworkprofesional.com\\\/#\\\/schema\\\/logo\\\/image\\\/\",\"url\":\"https:\\\/\\\/artworkprofesional.com\\\/wp-content\\\/uploads\\\/2021\\\/03\\\/LOGO-ARTWORK-negro-sinfondo.png\",\"contentUrl\":\"https:\\\/\\\/artworkprofesional.com\\\/wp-content\\\/uploads\\\/2021\\\/03\\\/LOGO-ARTWORK-negro-sinfondo.png\",\"width\":749,\"height\":389,\"caption\":\"ArtWork Professional\"},\"image\":{\"@id\":\"https:\\\/\\\/artworkprofesional.com\\\/#\\\/schema\\\/logo\\\/image\\\/\"},\"sameAs\":[\"https:\\\/\\\/www.facebook.com\\\/artworkprofessional\\\/\",\"https:\\\/\\\/www.instagram.com\\\/artwork.profesional\\\/?hl=es\"]}]}<\/script>\n<!-- \/ Yoast SEO plugin. -->","yoast_head_json":{"title":"Pol\u00edtica de Cookies - Art Work Professional","robots":{"index":"index","follow":"follow","max-snippet":"max-snippet:-1","max-image-preview":"max-image-preview:large","max-video-preview":"max-video-preview:-1"},"canonical":"https:\/\/artworkprofesional.com\/pt\/politica-de-cookies\/","og_locale":"pt_PT","og_type":"article","og_title":"Pol\u00edtica de Cookies - Art Work Professional","og_url":"https:\/\/artworkprofesional.com\/pt\/politica-de-cookies\/","og_site_name":"Art Work Professional","article_publisher":"https:\/\/www.facebook.com\/artworkprofessional\/","twitter_card":"summary_large_image","twitter_misc":{"Tempo estimado de leitura":"4 minutos"},"schema":{"@context":"https:\/\/schema.org","@graph":[{"@type":"WebPage","@id":"https:\/\/artworkprofesional.com\/politica-de-cookies\/","url":"https:\/\/artworkprofesional.com\/politica-de-cookies\/","name":"Pol\u00edtica de Cookies - Art Work Professional","isPartOf":{"@id":"https:\/\/artworkprofesional.com\/#website"},"datePublished":"2021-05-12T04:34:38+00:00","breadcrumb":{"@id":"https:\/\/artworkprofesional.com\/politica-de-cookies\/#breadcrumb"},"inLanguage":"pt-PT","potentialAction":[{"@type":"ReadAction","target":["https:\/\/artworkprofesional.com\/politica-de-cookies\/"]}]},{"@type":"BreadcrumbList","@id":"https:\/\/artworkprofesional.com\/politica-de-cookies\/#breadcrumb","itemListElement":[{"@type":"ListItem","position":1,"name":"Portada","item":"https:\/\/artworkprofesional.com\/"},{"@type":"ListItem","position":2,"name":"Pol\u00edtica de Cookies"}]},{"@type":"WebSite","@id":"https:\/\/artworkprofesional.com\/#website","url":"https:\/\/artworkprofesional.com\/","name":"Art Work Professional","description":"Criatividade Capilar","publisher":{"@id":"https:\/\/artworkprofesional.com\/#organization"},"potentialAction":[{"@type":"SearchAction","target":{"@type":"EntryPoint","urlTemplate":"https:\/\/artworkprofesional.com\/?s={search_term_string}"},"query-input":{"@type":"PropertyValueSpecification","valueRequired":true,"valueName":"search_term_string"}}],"inLanguage":"pt-PT"},{"@type":"Organization","@id":"https:\/\/artworkprofesional.com\/#organization","name":"ArtWork Professional","url":"https:\/\/artworkprofesional.com\/","logo":{"@type":"ImageObject","inLanguage":"pt-PT","@id":"https:\/\/artworkprofesional.com\/#\/schema\/logo\/image\/","url":"https:\/\/artworkprofesional.com\/wp-content\/uploads\/2021\/03\/LOGO-ARTWORK-negro-sinfondo.png","contentUrl":"https:\/\/artworkprofesional.com\/wp-content\/uploads\/2021\/03\/LOGO-ARTWORK-negro-sinfondo.png","width":749,"height":389,"caption":"ArtWork Professional"},"image":{"@id":"https:\/\/artworkprofesional.com\/#\/schema\/logo\/image\/"},"sameAs":["https:\/\/www.facebook.com\/artworkprofessional\/","https:\/\/www.instagram.com\/artwork.profesional\/?hl=es"]}]}},"_links":{"self":[{"href":"https:\/\/artworkprofesional.com\/pt\/wp-json\/wp\/v2\/pages\/1816","targetHints":{"allow":["GET"]}}],"collection":[{"href":"https:\/\/artworkprofesional.com\/pt\/wp-json\/wp\/v2\/pages"}],"about":[{"href":"https:\/\/artworkprofesional.com\/pt\/wp-json\/wp\/v2\/types\/page"}],"author":[{"embeddable":true,"href":"https:\/\/artworkprofesional.com\/pt\/wp-json\/wp\/v2\/users\/1"}],"replies":[{"embeddable":true,"href":"https:\/\/artworkprofesional.com\/pt\/wp-json\/wp\/v2\/comments?post=1816"}],"version-history":[{"count":0,"href":"https:\/\/artworkprofesional.com\/pt\/wp-json\/wp\/v2\/pages\/1816\/revisions"}],"wp:attachment":[{"href":"https:\/\/artworkprofesional.com\/pt\/wp-json\/wp\/v2\/media?parent=1816"}],"curies":[{"name":"wp","href":"https:\/\/api.w.org\/{rel}","templated":true}]}}