{"id":1510,"date":"2021-03-14T11:44:39","date_gmt":"2021-03-14T11:44:39","guid":{"rendered":"https:\/\/artworkprofesional.dreamhosters.com\/?post_type=product&#038;p=1510"},"modified":"2026-04-15T13:52:50","modified_gmt":"2026-04-15T13:52:50","slug":"colour-be-advanced","status":"publish","type":"product","link":"https:\/\/artworkprofesional.com\/pt\/produto\/colour-be-advanced\/","title":{"rendered":"Colour Be Advanced coloracion sin PPD"},"content":{"rendered":"<ul>\n<li>Una paleta de colores vibrantes con una cobertura de cana impecable. Bases Naturales Fr\u00edas y C\u00e1lidas,72 matices, Boosters potenciadores del Color, 7 super aclarantes, 3 tonalizadores post de coloraci\u00f3n y 7 soft tones sin amoniaco.<\/li>\n<\/ul>","protected":false},"excerpt":{"rendered":"<ul>\n<li>Uma paleta de cores vibrantes com cobertura perfeita.<\/li>\n<li>Formulado com CCSystem, aperfei\u00e7oa a penetra\u00e7\u00e3o do pigmento no interior do cabelo para prolongar a intensidade e dura\u00e7\u00e3o da cor.<\/li>\n<li>Con \u00e1cido hialur\u00f3nico y extractos naturales de Omega 9, protege y otorga elasticidad al cabello.<\/li>\n<li>Acalma o couro cabeludo e restaura seu grau de hidrata\u00e7\u00e3o.<\/li>\n<li>PPD gr\u00e1tis. Livre de Parafenilenodiaminas. Miximiza o risco de alergias.<\/li>\n<\/ul>\n<h3>Aprovecha nuestras Promociones de verano!<\/h3>\n<p>Comprando 36 tubos, 40% DTO + Regalo a elegir!<br \/>\nUn tratamiento Reconstructor FIBER o 2 packs Post Color Nectar (Beauty Balm+Serum Oil)<\/p>\n<p>Comprando 72 tubos, 50% DTO + Regalo a elegir!<br \/>\nUn tratamiento Reconstructor FIBER o 4 packs Post Color Nectar (Beauty Balm+Serum Oil)<\/p>\n<p><a href=\"http:\/\/wa.me\/34676387468\">Cons\u00faltanos para realizar esta compra (Whastapp: \u00a0676 38 74 68)<\/a><\/p>","protected":false},"featured_media":3225,"template":"","meta":[],"product_brand":[],"product_cat":[41],"product_tag":[],"class_list":{"0":"post-1510","1":"product","2":"type-product","3":"status-publish","4":"has-post-thumbnail","6":"product_cat-crema-colorante-sin-ppds","7":"pa_linea-colour-be","9":"first","10":"instock","11":"taxable","12":"shipping-taxable","13":"purchasable","14":"product-type-variable"},"yoast_head":"<!-- This site is optimized with the Yoast SEO plugin v27.4 - https:\/\/yoast.com\/product\/yoast-seo-wordpress\/ -->\n<title>Colour Be Advanced coloracion sin PPD - Art Work Professional<\/title>\n<meta name=\"robots\" content=\"index, follow, max-snippet:-1, max-image-preview:large, max-video-preview:-1\" \/>\n<link rel=\"canonical\" href=\"https:\/\/artworkprofesional.com\/pt\/produto\/colour-be-advanced\/\" \/>\n<meta property=\"og:locale\" content=\"pt_PT\" \/>\n<meta property=\"og:type\" content=\"article\" \/>\n<meta property=\"og:title\" content=\"Colour Be Advanced coloracion sin PPD - Art Work Professional\" \/>\n<meta property=\"og:description\" content=\"Una paleta de colores vibrantes con una cobertura impecable.  Formulado con CCSystem, perfecciona la penetraci\u00f3n del pigmento en el interior del cabello para prolongar la intensidad y la duraci\u00f3n del color.  Con \u00e1cido hialur\u00f3nico y extractos naturales de Omega 9, protege y otorga elasticidad al cabello.  Calma el cuero cabelludo y restaura su grado de hidrataci\u00f3n.  PPD Free. Libre de Parafenilendiaminas. Miximiza el riesgo de alergias.  Aprovecha nuestras Promociones de verano! Comprando 36 tubos, 40% DTO + Regalo a elegir! Un tratamiento Reconstructor FIBER o 2 packs Post Color Nectar (Beauty Balm+Serum Oil)  Comprando 72 tubos, 50% DTO + Regalo a elegir! Un tratamiento Reconstructor FIBER o 4 packs Post Color Nectar (Beauty Balm+Serum Oil)  Cons\u00faltanos para realizar esta compra (Whastapp: \u00a0676 38 74 68)\" \/>\n<meta property=\"og:url\" content=\"https:\/\/artworkprofesional.com\/pt\/produto\/colour-be-advanced\/\" \/>\n<meta property=\"og:site_name\" content=\"Art Work Professional\" \/>\n<meta property=\"article:publisher\" content=\"https:\/\/www.facebook.com\/artworkprofessional\/\" \/>\n<meta property=\"article:modified_time\" content=\"2026-04-15T13:52:50+00:00\" \/>\n<meta property=\"og:image\" content=\"https:\/\/artworkprofesional.com\/wp-content\/uploads\/2021\/03\/tubos-colourbe.jpg\" \/>\n\t<meta property=\"og:image:width\" content=\"800\" \/>\n\t<meta property=\"og:image:height\" content=\"1200\" \/>\n\t<meta property=\"og:image:type\" content=\"image\/jpeg\" \/>\n<meta name=\"twitter:card\" content=\"summary_large_image\" \/>\n<meta name=\"twitter:label1\" content=\"Tempo estimado de leitura\" \/>\n\t<meta name=\"twitter:data1\" content=\"1 minuto\" \/>\n<script type=\"application\/ld+json\" class=\"yoast-schema-graph\">{\"@context\":\"https:\\\/\\\/schema.org\",\"@graph\":[{\"@type\":\"WebPage\",\"@id\":\"https:\\\/\\\/artworkprofesional.com\\\/producto\\\/colour-be-advanced\\\/\",\"url\":\"https:\\\/\\\/artworkprofesional.com\\\/producto\\\/colour-be-advanced\\\/\",\"name\":\"Colour Be Advanced coloracion sin PPD - Art Work Professional\",\"isPartOf\":{\"@id\":\"https:\\\/\\\/artworkprofesional.com\\\/#website\"},\"primaryImageOfPage\":{\"@id\":\"https:\\\/\\\/artworkprofesional.com\\\/producto\\\/colour-be-advanced\\\/#primaryimage\"},\"image\":{\"@id\":\"https:\\\/\\\/artworkprofesional.com\\\/producto\\\/colour-be-advanced\\\/#primaryimage\"},\"thumbnailUrl\":\"https:\\\/\\\/artworkprofesional.com\\\/wp-content\\\/uploads\\\/2021\\\/03\\\/tubos-colourbe.jpg\",\"datePublished\":\"2021-03-14T11:44:39+00:00\",\"dateModified\":\"2026-04-15T13:52:50+00:00\",\"breadcrumb\":{\"@id\":\"https:\\\/\\\/artworkprofesional.com\\\/producto\\\/colour-be-advanced\\\/#breadcrumb\"},\"inLanguage\":\"pt-PT\",\"potentialAction\":[{\"@type\":\"ReadAction\",\"target\":[\"https:\\\/\\\/artworkprofesional.com\\\/producto\\\/colour-be-advanced\\\/\"]}]},{\"@type\":\"ImageObject\",\"inLanguage\":\"pt-PT\",\"@id\":\"https:\\\/\\\/artworkprofesional.com\\\/producto\\\/colour-be-advanced\\\/#primaryimage\",\"url\":\"https:\\\/\\\/artworkprofesional.com\\\/wp-content\\\/uploads\\\/2021\\\/03\\\/tubos-colourbe.jpg\",\"contentUrl\":\"https:\\\/\\\/artworkprofesional.com\\\/wp-content\\\/uploads\\\/2021\\\/03\\\/tubos-colourbe.jpg\",\"width\":800,\"height\":1200},{\"@type\":\"BreadcrumbList\",\"@id\":\"https:\\\/\\\/artworkprofesional.com\\\/producto\\\/colour-be-advanced\\\/#breadcrumb\",\"itemListElement\":[{\"@type\":\"ListItem\",\"position\":1,\"name\":\"Portada\",\"item\":\"https:\\\/\\\/artworkprofesional.com\\\/\"},{\"@type\":\"ListItem\",\"position\":2,\"name\":\"Tienda\",\"item\":\"https:\\\/\\\/artworkprofesional.com\\\/tienda\\\/\"},{\"@type\":\"ListItem\",\"position\":3,\"name\":\"Colour Be Advanced coloracion sin PPD\"}]},{\"@type\":\"WebSite\",\"@id\":\"https:\\\/\\\/artworkprofesional.com\\\/#website\",\"url\":\"https:\\\/\\\/artworkprofesional.com\\\/\",\"name\":\"Art Work Professional\",\"description\":\"Hair Creativity\",\"publisher\":{\"@id\":\"https:\\\/\\\/artworkprofesional.com\\\/#organization\"},\"potentialAction\":[{\"@type\":\"SearchAction\",\"target\":{\"@type\":\"EntryPoint\",\"urlTemplate\":\"https:\\\/\\\/artworkprofesional.com\\\/?s={search_term_string}\"},\"query-input\":{\"@type\":\"PropertyValueSpecification\",\"valueRequired\":true,\"valueName\":\"search_term_string\"}}],\"inLanguage\":\"pt-PT\"},{\"@type\":\"Organization\",\"@id\":\"https:\\\/\\\/artworkprofesional.com\\\/#organization\",\"name\":\"ArtWork Professional\",\"url\":\"https:\\\/\\\/artworkprofesional.com\\\/\",\"logo\":{\"@type\":\"ImageObject\",\"inLanguage\":\"pt-PT\",\"@id\":\"https:\\\/\\\/artworkprofesional.com\\\/#\\\/schema\\\/logo\\\/image\\\/\",\"url\":\"https:\\\/\\\/artworkprofesional.com\\\/wp-content\\\/uploads\\\/2021\\\/03\\\/LOGO-ARTWORK-negro-sinfondo.png\",\"contentUrl\":\"https:\\\/\\\/artworkprofesional.com\\\/wp-content\\\/uploads\\\/2021\\\/03\\\/LOGO-ARTWORK-negro-sinfondo.png\",\"width\":749,\"height\":389,\"caption\":\"ArtWork Professional\"},\"image\":{\"@id\":\"https:\\\/\\\/artworkprofesional.com\\\/#\\\/schema\\\/logo\\\/image\\\/\"},\"sameAs\":[\"https:\\\/\\\/www.facebook.com\\\/artworkprofessional\\\/\",\"https:\\\/\\\/www.instagram.com\\\/artwork.profesional\\\/?hl=es\"]}]}<\/script>\n<!-- \/ Yoast SEO plugin. -->","yoast_head_json":{"title":"Colour Be Advanced coloracion sin PPD - Art Work Professional","robots":{"index":"index","follow":"follow","max-snippet":"max-snippet:-1","max-image-preview":"max-image-preview:large","max-video-preview":"max-video-preview:-1"},"canonical":"https:\/\/artworkprofesional.com\/pt\/produto\/colour-be-advanced\/","og_locale":"pt_PT","og_type":"article","og_title":"Colour Be Advanced coloracion sin PPD - Art Work Professional","og_description":"Una paleta de colores vibrantes con una cobertura impecable.  Formulado con CCSystem, perfecciona la penetraci\u00f3n del pigmento en el interior del cabello para prolongar la intensidad y la duraci\u00f3n del color.  Con \u00e1cido hialur\u00f3nico y extractos naturales de Omega 9, protege y otorga elasticidad al cabello.  Calma el cuero cabelludo y restaura su grado de hidrataci\u00f3n.  PPD Free. Libre de Parafenilendiaminas. Miximiza el riesgo de alergias.  Aprovecha nuestras Promociones de verano! Comprando 36 tubos, 40% DTO + Regalo a elegir! Un tratamiento Reconstructor FIBER o 2 packs Post Color Nectar (Beauty Balm+Serum Oil)  Comprando 72 tubos, 50% DTO + Regalo a elegir! Un tratamiento Reconstructor FIBER o 4 packs Post Color Nectar (Beauty Balm+Serum Oil)  Cons\u00faltanos para realizar esta compra (Whastapp: \u00a0676 38 74 68)","og_url":"https:\/\/artworkprofesional.com\/pt\/produto\/colour-be-advanced\/","og_site_name":"Art Work Professional","article_publisher":"https:\/\/www.facebook.com\/artworkprofessional\/","article_modified_time":"2026-04-15T13:52:50+00:00","og_image":[{"width":800,"height":1200,"url":"https:\/\/artworkprofesional.com\/wp-content\/uploads\/2021\/03\/tubos-colourbe.jpg","type":"image\/jpeg"}],"twitter_card":"summary_large_image","twitter_misc":{"Tempo estimado de leitura":"1 minuto"},"schema":{"@context":"https:\/\/schema.org","@graph":[{"@type":"WebPage","@id":"https:\/\/artworkprofesional.com\/producto\/colour-be-advanced\/","url":"https:\/\/artworkprofesional.com\/producto\/colour-be-advanced\/","name":"Colour Be Advanced coloracion sin PPD - Art Work Professional","isPartOf":{"@id":"https:\/\/artworkprofesional.com\/#website"},"primaryImageOfPage":{"@id":"https:\/\/artworkprofesional.com\/producto\/colour-be-advanced\/#primaryimage"},"image":{"@id":"https:\/\/artworkprofesional.com\/producto\/colour-be-advanced\/#primaryimage"},"thumbnailUrl":"https:\/\/artworkprofesional.com\/wp-content\/uploads\/2021\/03\/tubos-colourbe.jpg","datePublished":"2021-03-14T11:44:39+00:00","dateModified":"2026-04-15T13:52:50+00:00","breadcrumb":{"@id":"https:\/\/artworkprofesional.com\/producto\/colour-be-advanced\/#breadcrumb"},"inLanguage":"pt-PT","potentialAction":[{"@type":"ReadAction","target":["https:\/\/artworkprofesional.com\/producto\/colour-be-advanced\/"]}]},{"@type":"ImageObject","inLanguage":"pt-PT","@id":"https:\/\/artworkprofesional.com\/producto\/colour-be-advanced\/#primaryimage","url":"https:\/\/artworkprofesional.com\/wp-content\/uploads\/2021\/03\/tubos-colourbe.jpg","contentUrl":"https:\/\/artworkprofesional.com\/wp-content\/uploads\/2021\/03\/tubos-colourbe.jpg","width":800,"height":1200},{"@type":"BreadcrumbList","@id":"https:\/\/artworkprofesional.com\/producto\/colour-be-advanced\/#breadcrumb","itemListElement":[{"@type":"ListItem","position":1,"name":"Portada","item":"https:\/\/artworkprofesional.com\/"},{"@type":"ListItem","position":2,"name":"Tienda","item":"https:\/\/artworkprofesional.com\/tienda\/"},{"@type":"ListItem","position":3,"name":"Colour Be Advanced coloracion sin PPD"}]},{"@type":"WebSite","@id":"https:\/\/artworkprofesional.com\/#website","url":"https:\/\/artworkprofesional.com\/","name":"Art Work Professional","description":"Criatividade Capilar","publisher":{"@id":"https:\/\/artworkprofesional.com\/#organization"},"potentialAction":[{"@type":"SearchAction","target":{"@type":"EntryPoint","urlTemplate":"https:\/\/artworkprofesional.com\/?s={search_term_string}"},"query-input":{"@type":"PropertyValueSpecification","valueRequired":true,"valueName":"search_term_string"}}],"inLanguage":"pt-PT"},{"@type":"Organization","@id":"https:\/\/artworkprofesional.com\/#organization","name":"ArtWork Professional","url":"https:\/\/artworkprofesional.com\/","logo":{"@type":"ImageObject","inLanguage":"pt-PT","@id":"https:\/\/artworkprofesional.com\/#\/schema\/logo\/image\/","url":"https:\/\/artworkprofesional.com\/wp-content\/uploads\/2021\/03\/LOGO-ARTWORK-negro-sinfondo.png","contentUrl":"https:\/\/artworkprofesional.com\/wp-content\/uploads\/2021\/03\/LOGO-ARTWORK-negro-sinfondo.png","width":749,"height":389,"caption":"ArtWork Professional"},"image":{"@id":"https:\/\/artworkprofesional.com\/#\/schema\/logo\/image\/"},"sameAs":["https:\/\/www.facebook.com\/artworkprofessional\/","https:\/\/www.instagram.com\/artwork.profesional\/?hl=es"]}]}},"_links":{"self":[{"href":"https:\/\/artworkprofesional.com\/pt\/wp-json\/wp\/v2\/product\/1510","targetHints":{"allow":["GET"]}}],"collection":[{"href":"https:\/\/artworkprofesional.com\/pt\/wp-json\/wp\/v2\/product"}],"about":[{"href":"https:\/\/artworkprofesional.com\/pt\/wp-json\/wp\/v2\/types\/product"}],"wp:featuredmedia":[{"embeddable":true,"href":"https:\/\/artworkprofesional.com\/pt\/wp-json\/wp\/v2\/media\/3225"}],"wp:attachment":[{"href":"https:\/\/artworkprofesional.com\/pt\/wp-json\/wp\/v2\/media?parent=1510"}],"wp:term":[{"taxonomy":"product_brand","embeddable":true,"href":"https:\/\/artworkprofesional.com\/pt\/wp-json\/wp\/v2\/product_brand?post=1510"},{"taxonomy":"product_cat","embeddable":true,"href":"https:\/\/artworkprofesional.com\/pt\/wp-json\/wp\/v2\/product_cat?post=1510"},{"taxonomy":"product_tag","embeddable":true,"href":"https:\/\/artworkprofesional.com\/pt\/wp-json\/wp\/v2\/product_tag?post=1510"}],"curies":[{"name":"wp","href":"https:\/\/api.w.org\/{rel}","templated":true}]}}