{"id":1568,"date":"2021-03-14T14:22:22","date_gmt":"2021-03-14T14:22:22","guid":{"rendered":"https:\/\/artworkprofesional.dreamhosters.com\/?post_type=product&#038;p=1568"},"modified":"2026-04-17T11:53:58","modified_gmt":"2026-04-17T11:53:58","slug":"mascarilla-cabello-encrespado","status":"publish","type":"product","link":"https:\/\/artworkprofesional.com\/pt\/produto\/mascarilla-cabello-encrespado\/","title":{"rendered":"M\u00e1scara de cabelo crespo"},"content":{"rendered":"<ul>\n<li>Um tratamento completo para cuidar e regenerar os cabelos crespos.<\/li>\n<li>Repara e nutre.<\/li>\n<li>Hidrata os cabelos e acalma o couro cabeludo.<\/li>\n<li>Adequado para couro cabeludo sens\u00edvel.<\/li>\n<li>Con 83% de ingredientes de origen natural.<\/li>\n<\/ul>\n<p>Formato 500 ml<\/p>\n<p><span class=\"OYPEnA font-feature-liga-off font-feature-clig-off font-feature-calt-off text-decoration-none text-strikethrough-none\"><strong>Ingredientes Mascarilla para cabellos Encrespados:<\/strong> AQUA\/WATER, CETEARYL ALCOHOL, BEHENTRIMONIUM CHLORIDE, GLYCERIN, CAPRYLIC\/CAPRIC TRIGLYCERIDES, COCODIMONIUM HYDROXYPROPYL HYDROLYZED WHEAT PROTEIN, LINUM USITATISSIMUM (LINSEED) OIL, BUTYROSPERMUM PARKII (KARITE SHEA) BUTTER, AVENA SATIVA EXTRACT, PARFUM\/FRAGRANCE, EUGENOL, CITRAL, LIMONENE, GUAR HYDROXYPROPYLTRIMONIUM CHLORIDE, PHENOXYETHANOL, CAPRYLYL GLYCOL, CITRIC ACID, TOCOPHERYL ACETATE (VITAMIN E)<\/span><\/p>","protected":false},"excerpt":{"rendered":"<p>Mascarilla para cabellos encrespados. <span class=\"OYPEnA font-feature-liga-off font-feature-clig-off font-feature-calt-off text-decoration-none text-strikethrough-none\">Con prote\u00edna vegetal, manteca de karit\u00e9, glicerina vegetal, aceite de lino (rico omega-3) y <\/span><strong><span class=\"OYPEnA font-feature-liga-off font-feature-clig-off font-feature-calt-off text-decoration-none text-strikethrough-none\">extracto de Avena<\/span><\/strong><span class=\"OYPEnA font-feature-liga-off font-feature-clig-off font-feature-calt-off text-decoration-none text-strikethrough-none\">.\u00a0<\/span><span class=\"OYPEnA font-feature-liga-off font-feature-clig-off font-feature-calt-off text-decoration-none text-strikethrough-none\">Consigue hidratar y reconstruir la fibra capilar m\u00e1s rebelde.<\/span><\/p>\n<p class=\"cvGsUA direction-ltr align-start para-style-body\"><span class=\"OYPEnA font-feature-liga-off font-feature-clig-off font-feature-calt-off text-decoration-none text-strikethrough-none\">Ideal como tratamiento peri\u00f3dico intensivo para el cabello encrespado y dif\u00edcil de domar.<\/span><\/p>\n<p><span class=\"OYPEnA font-feature-liga-off font-feature-clig-off font-feature-calt-off text-decoration-none text-strikethrough-none\">Nutre y revitaliza el cabello, dej\u00e1ndolo fuerte, suave y el\u00e1stico.<\/span><\/p>\n<ul>\n<li>Repara y nutre la fibra capilar.<\/li>\n<li>Hidrata os cabelos e acalma o couro cabeludo.<\/li>\n<\/ul>","protected":false},"featured_media":3145,"template":"","meta":[],"product_brand":[],"product_cat":[49],"product_tag":[],"class_list":{"0":"post-1568","1":"product","2":"type-product","3":"status-publish","4":"has-post-thumbnail","6":"product_cat-tratamiento-bio-true-nature","7":"pa_linea-true-nature","9":"first","10":"instock","11":"taxable","12":"shipping-taxable","13":"purchasable","14":"product-type-simple"},"yoast_head":"<!-- This site is optimized with the Yoast SEO plugin v27.4 - https:\/\/yoast.com\/product\/yoast-seo-wordpress\/ -->\n<title>Mascarilla Cabello Encrespado - Art Work Professional<\/title>\n<meta name=\"robots\" content=\"index, follow, max-snippet:-1, max-image-preview:large, max-video-preview:-1\" \/>\n<link rel=\"canonical\" href=\"https:\/\/artworkprofesional.com\/pt\/produto\/mascarilla-cabello-encrespado\/\" \/>\n<meta property=\"og:locale\" content=\"pt_PT\" \/>\n<meta property=\"og:type\" content=\"article\" \/>\n<meta property=\"og:title\" content=\"Mascarilla Cabello Encrespado - Art Work Professional\" \/>\n<meta property=\"og:description\" content=\"Mascarilla para cabellos encrespados. Con prote\u00edna vegetal, manteca de karit\u00e9, glicerina vegetal, aceite de lino (rico omega-3) y extracto de Avena.\u00a0Consigue hidratar y reconstruir la fibra capilar m\u00e1s rebelde. Ideal como tratamiento peri\u00f3dico intensivo para el cabello encrespado y dif\u00edcil de domar. Nutre y revitaliza el cabello, dej\u00e1ndolo fuerte, suave y el\u00e1stico.   Repara y nutre la fibra capilar.  Hidrata el cabello y calma el cuero cabelludo.\" \/>\n<meta property=\"og:url\" content=\"https:\/\/artworkprofesional.com\/pt\/produto\/mascarilla-cabello-encrespado\/\" \/>\n<meta property=\"og:site_name\" content=\"Art Work Professional\" \/>\n<meta property=\"article:publisher\" content=\"https:\/\/www.facebook.com\/artworkprofessional\/\" \/>\n<meta property=\"article:modified_time\" content=\"2026-04-17T11:53:58+00:00\" \/>\n<meta property=\"og:image\" content=\"https:\/\/artworkprofesional.com\/wp-content\/uploads\/2022\/02\/TrueNature-Mascarilla-Encrespado.jpg\" \/>\n\t<meta property=\"og:image:width\" content=\"800\" \/>\n\t<meta property=\"og:image:height\" content=\"1200\" \/>\n\t<meta property=\"og:image:type\" content=\"image\/jpeg\" \/>\n<meta name=\"twitter:card\" content=\"summary_large_image\" \/>\n<meta name=\"twitter:label1\" content=\"Tempo estimado de leitura\" \/>\n\t<meta name=\"twitter:data1\" content=\"1 minuto\" \/>\n<script type=\"application\/ld+json\" class=\"yoast-schema-graph\">{\"@context\":\"https:\\\/\\\/schema.org\",\"@graph\":[{\"@type\":\"WebPage\",\"@id\":\"https:\\\/\\\/artworkprofesional.com\\\/producto\\\/mascarilla-cabello-encrespado\\\/\",\"url\":\"https:\\\/\\\/artworkprofesional.com\\\/producto\\\/mascarilla-cabello-encrespado\\\/\",\"name\":\"Mascarilla Cabello Encrespado - Art Work Professional\",\"isPartOf\":{\"@id\":\"https:\\\/\\\/artworkprofesional.com\\\/#website\"},\"primaryImageOfPage\":{\"@id\":\"https:\\\/\\\/artworkprofesional.com\\\/producto\\\/mascarilla-cabello-encrespado\\\/#primaryimage\"},\"image\":{\"@id\":\"https:\\\/\\\/artworkprofesional.com\\\/producto\\\/mascarilla-cabello-encrespado\\\/#primaryimage\"},\"thumbnailUrl\":\"https:\\\/\\\/artworkprofesional.com\\\/wp-content\\\/uploads\\\/2022\\\/02\\\/TrueNature-Mascarilla-Encrespado.jpg\",\"datePublished\":\"2021-03-14T14:22:22+00:00\",\"dateModified\":\"2026-04-17T11:53:58+00:00\",\"breadcrumb\":{\"@id\":\"https:\\\/\\\/artworkprofesional.com\\\/producto\\\/mascarilla-cabello-encrespado\\\/#breadcrumb\"},\"inLanguage\":\"pt-PT\",\"potentialAction\":[{\"@type\":\"ReadAction\",\"target\":[\"https:\\\/\\\/artworkprofesional.com\\\/producto\\\/mascarilla-cabello-encrespado\\\/\"]}]},{\"@type\":\"ImageObject\",\"inLanguage\":\"pt-PT\",\"@id\":\"https:\\\/\\\/artworkprofesional.com\\\/producto\\\/mascarilla-cabello-encrespado\\\/#primaryimage\",\"url\":\"https:\\\/\\\/artworkprofesional.com\\\/wp-content\\\/uploads\\\/2022\\\/02\\\/TrueNature-Mascarilla-Encrespado.jpg\",\"contentUrl\":\"https:\\\/\\\/artworkprofesional.com\\\/wp-content\\\/uploads\\\/2022\\\/02\\\/TrueNature-Mascarilla-Encrespado.jpg\",\"width\":800,\"height\":1200},{\"@type\":\"BreadcrumbList\",\"@id\":\"https:\\\/\\\/artworkprofesional.com\\\/producto\\\/mascarilla-cabello-encrespado\\\/#breadcrumb\",\"itemListElement\":[{\"@type\":\"ListItem\",\"position\":1,\"name\":\"Portada\",\"item\":\"https:\\\/\\\/artworkprofesional.com\\\/\"},{\"@type\":\"ListItem\",\"position\":2,\"name\":\"Tienda\",\"item\":\"https:\\\/\\\/artworkprofesional.com\\\/tienda\\\/\"},{\"@type\":\"ListItem\",\"position\":3,\"name\":\"Mascarilla Cabello Encrespado\"}]},{\"@type\":\"WebSite\",\"@id\":\"https:\\\/\\\/artworkprofesional.com\\\/#website\",\"url\":\"https:\\\/\\\/artworkprofesional.com\\\/\",\"name\":\"Art Work Professional\",\"description\":\"Hair Creativity\",\"publisher\":{\"@id\":\"https:\\\/\\\/artworkprofesional.com\\\/#organization\"},\"potentialAction\":[{\"@type\":\"SearchAction\",\"target\":{\"@type\":\"EntryPoint\",\"urlTemplate\":\"https:\\\/\\\/artworkprofesional.com\\\/?s={search_term_string}\"},\"query-input\":{\"@type\":\"PropertyValueSpecification\",\"valueRequired\":true,\"valueName\":\"search_term_string\"}}],\"inLanguage\":\"pt-PT\"},{\"@type\":\"Organization\",\"@id\":\"https:\\\/\\\/artworkprofesional.com\\\/#organization\",\"name\":\"ArtWork Professional\",\"url\":\"https:\\\/\\\/artworkprofesional.com\\\/\",\"logo\":{\"@type\":\"ImageObject\",\"inLanguage\":\"pt-PT\",\"@id\":\"https:\\\/\\\/artworkprofesional.com\\\/#\\\/schema\\\/logo\\\/image\\\/\",\"url\":\"https:\\\/\\\/artworkprofesional.com\\\/wp-content\\\/uploads\\\/2021\\\/03\\\/LOGO-ARTWORK-negro-sinfondo.png\",\"contentUrl\":\"https:\\\/\\\/artworkprofesional.com\\\/wp-content\\\/uploads\\\/2021\\\/03\\\/LOGO-ARTWORK-negro-sinfondo.png\",\"width\":749,\"height\":389,\"caption\":\"ArtWork Professional\"},\"image\":{\"@id\":\"https:\\\/\\\/artworkprofesional.com\\\/#\\\/schema\\\/logo\\\/image\\\/\"},\"sameAs\":[\"https:\\\/\\\/www.facebook.com\\\/artworkprofessional\\\/\",\"https:\\\/\\\/www.instagram.com\\\/artwork.profesional\\\/?hl=es\"]}]}<\/script>\n<!-- \/ Yoast SEO plugin. -->","yoast_head_json":{"title":"M\u00e1scara de cabelo crespo - Profissional de trabalho art\u00edstico","robots":{"index":"index","follow":"follow","max-snippet":"max-snippet:-1","max-image-preview":"max-image-preview:large","max-video-preview":"max-video-preview:-1"},"canonical":"https:\/\/artworkprofesional.com\/pt\/produto\/mascarilla-cabello-encrespado\/","og_locale":"pt_PT","og_type":"article","og_title":"Mascarilla Cabello Encrespado - Art Work Professional","og_description":"Mascarilla para cabellos encrespados. Con prote\u00edna vegetal, manteca de karit\u00e9, glicerina vegetal, aceite de lino (rico omega-3) y extracto de Avena.\u00a0Consigue hidratar y reconstruir la fibra capilar m\u00e1s rebelde. Ideal como tratamiento peri\u00f3dico intensivo para el cabello encrespado y dif\u00edcil de domar. Nutre y revitaliza el cabello, dej\u00e1ndolo fuerte, suave y el\u00e1stico.   Repara y nutre la fibra capilar.  Hidrata el cabello y calma el cuero cabelludo.","og_url":"https:\/\/artworkprofesional.com\/pt\/produto\/mascarilla-cabello-encrespado\/","og_site_name":"Art Work Professional","article_publisher":"https:\/\/www.facebook.com\/artworkprofessional\/","article_modified_time":"2026-04-17T11:53:58+00:00","og_image":[{"width":800,"height":1200,"url":"https:\/\/artworkprofesional.com\/wp-content\/uploads\/2022\/02\/TrueNature-Mascarilla-Encrespado.jpg","type":"image\/jpeg"}],"twitter_card":"summary_large_image","twitter_misc":{"Tempo estimado de leitura":"1 minuto"},"schema":{"@context":"https:\/\/schema.org","@graph":[{"@type":"WebPage","@id":"https:\/\/artworkprofesional.com\/producto\/mascarilla-cabello-encrespado\/","url":"https:\/\/artworkprofesional.com\/producto\/mascarilla-cabello-encrespado\/","name":"M\u00e1scara de cabelo crespo - Profissional de trabalho art\u00edstico","isPartOf":{"@id":"https:\/\/artworkprofesional.com\/#website"},"primaryImageOfPage":{"@id":"https:\/\/artworkprofesional.com\/producto\/mascarilla-cabello-encrespado\/#primaryimage"},"image":{"@id":"https:\/\/artworkprofesional.com\/producto\/mascarilla-cabello-encrespado\/#primaryimage"},"thumbnailUrl":"https:\/\/artworkprofesional.com\/wp-content\/uploads\/2022\/02\/TrueNature-Mascarilla-Encrespado.jpg","datePublished":"2021-03-14T14:22:22+00:00","dateModified":"2026-04-17T11:53:58+00:00","breadcrumb":{"@id":"https:\/\/artworkprofesional.com\/producto\/mascarilla-cabello-encrespado\/#breadcrumb"},"inLanguage":"pt-PT","potentialAction":[{"@type":"ReadAction","target":["https:\/\/artworkprofesional.com\/producto\/mascarilla-cabello-encrespado\/"]}]},{"@type":"ImageObject","inLanguage":"pt-PT","@id":"https:\/\/artworkprofesional.com\/producto\/mascarilla-cabello-encrespado\/#primaryimage","url":"https:\/\/artworkprofesional.com\/wp-content\/uploads\/2022\/02\/TrueNature-Mascarilla-Encrespado.jpg","contentUrl":"https:\/\/artworkprofesional.com\/wp-content\/uploads\/2022\/02\/TrueNature-Mascarilla-Encrespado.jpg","width":800,"height":1200},{"@type":"BreadcrumbList","@id":"https:\/\/artworkprofesional.com\/producto\/mascarilla-cabello-encrespado\/#breadcrumb","itemListElement":[{"@type":"ListItem","position":1,"name":"Portada","item":"https:\/\/artworkprofesional.com\/"},{"@type":"ListItem","position":2,"name":"Tienda","item":"https:\/\/artworkprofesional.com\/tienda\/"},{"@type":"ListItem","position":3,"name":"Mascarilla Cabello Encrespado"}]},{"@type":"WebSite","@id":"https:\/\/artworkprofesional.com\/#website","url":"https:\/\/artworkprofesional.com\/","name":"Art Work Professional","description":"Criatividade Capilar","publisher":{"@id":"https:\/\/artworkprofesional.com\/#organization"},"potentialAction":[{"@type":"SearchAction","target":{"@type":"EntryPoint","urlTemplate":"https:\/\/artworkprofesional.com\/?s={search_term_string}"},"query-input":{"@type":"PropertyValueSpecification","valueRequired":true,"valueName":"search_term_string"}}],"inLanguage":"pt-PT"},{"@type":"Organization","@id":"https:\/\/artworkprofesional.com\/#organization","name":"ArtWork Professional","url":"https:\/\/artworkprofesional.com\/","logo":{"@type":"ImageObject","inLanguage":"pt-PT","@id":"https:\/\/artworkprofesional.com\/#\/schema\/logo\/image\/","url":"https:\/\/artworkprofesional.com\/wp-content\/uploads\/2021\/03\/LOGO-ARTWORK-negro-sinfondo.png","contentUrl":"https:\/\/artworkprofesional.com\/wp-content\/uploads\/2021\/03\/LOGO-ARTWORK-negro-sinfondo.png","width":749,"height":389,"caption":"ArtWork Professional"},"image":{"@id":"https:\/\/artworkprofesional.com\/#\/schema\/logo\/image\/"},"sameAs":["https:\/\/www.facebook.com\/artworkprofessional\/","https:\/\/www.instagram.com\/artwork.profesional\/?hl=es"]}]}},"_links":{"self":[{"href":"https:\/\/artworkprofesional.com\/pt\/wp-json\/wp\/v2\/product\/1568","targetHints":{"allow":["GET"]}}],"collection":[{"href":"https:\/\/artworkprofesional.com\/pt\/wp-json\/wp\/v2\/product"}],"about":[{"href":"https:\/\/artworkprofesional.com\/pt\/wp-json\/wp\/v2\/types\/product"}],"wp:featuredmedia":[{"embeddable":true,"href":"https:\/\/artworkprofesional.com\/pt\/wp-json\/wp\/v2\/media\/3145"}],"wp:attachment":[{"href":"https:\/\/artworkprofesional.com\/pt\/wp-json\/wp\/v2\/media?parent=1568"}],"wp:term":[{"taxonomy":"product_brand","embeddable":true,"href":"https:\/\/artworkprofesional.com\/pt\/wp-json\/wp\/v2\/product_brand?post=1568"},{"taxonomy":"product_cat","embeddable":true,"href":"https:\/\/artworkprofesional.com\/pt\/wp-json\/wp\/v2\/product_cat?post=1568"},{"taxonomy":"product_tag","embeddable":true,"href":"https:\/\/artworkprofesional.com\/pt\/wp-json\/wp\/v2\/product_tag?post=1568"}],"curies":[{"name":"wp","href":"https:\/\/api.w.org\/{rel}","templated":true}]}}