{"id":1944,"date":"2021-05-21T09:25:21","date_gmt":"2021-05-21T09:25:21","guid":{"rendered":"https:\/\/artworkprofesional.dreamhosters.com\/?post_type=product&#038;p=1944"},"modified":"2025-05-06T07:39:45","modified_gmt":"2025-05-06T07:39:45","slug":"mascarilla-post-alisado","status":"publish","type":"product","link":"https:\/\/artworkprofesional.com\/pt\/produto\/mascarilla-post-alisado\/","title":{"rendered":"Mascarilla Post Alisado 250 ml"},"content":{"rendered":"<p>M\u00e1scara SEM silicone. Seu complexo multifacetado de prote\u00ednas vegetais penetra no c\u00f3rtex do cabelo, fortalecendo-o e hidratando-o.<\/p>\n<p>Com extrato de Abacate, Witch Hazel e Aloe Vera, cria uma sensa\u00e7\u00e3o de total conforto no couro cabeludo.<\/p>\n<p>Recupera o pH original. Efeito anti-frizz. Fecha e suaviza a cut\u00edcula.<\/p>","protected":false},"excerpt":{"rendered":"<p>M\u00e1scara SEM silicone. Seu complexo multifacetado de prote\u00ednas vegetais penetra no c\u00f3rtex do cabelo, fortalecendo-o e hidratando-o.<\/p>\n<p>Com extrato de Abacate, Witch Hazel e Aloe Vera, cria uma sensa\u00e7\u00e3o de total conforto no couro cabeludo.<\/p>\n<p>Recupera o pH original. Efeito anti-frizz. Fecha e suaviza a cut\u00edcula.<\/p>","protected":false},"featured_media":1945,"template":"","meta":[],"product_brand":[],"product_cat":[65],"product_tag":[],"class_list":{"0":"post-1944","1":"product","2":"type-product","3":"status-publish","4":"has-post-thumbnail","6":"product_cat-tratamiento-alisado-organico","7":"pa_linea-liss-pure","9":"first","10":"instock","11":"taxable","12":"shipping-taxable","13":"purchasable","14":"product-type-simple"},"yoast_head":"<!-- This site is optimized with the Yoast SEO plugin v27.4 - https:\/\/yoast.com\/product\/yoast-seo-wordpress\/ -->\n<title>Mascarilla Post Alisado 250 ml - Art Work Professional<\/title>\n<meta name=\"description\" content=\"Mascarilla SIN siliconas. Su complejo multifac\u00e9tico de prote\u00ednas vegetales penetra en la corteza del cabello, fortaleci\u00e9ndolo e hidrat\u00e1ndolo.\" \/>\n<meta name=\"robots\" content=\"index, follow, max-snippet:-1, max-image-preview:large, max-video-preview:-1\" \/>\n<link rel=\"canonical\" href=\"https:\/\/artworkprofesional.com\/pt\/produto\/mascarilla-post-alisado\/\" \/>\n<meta property=\"og:locale\" content=\"pt_PT\" \/>\n<meta property=\"og:type\" content=\"article\" \/>\n<meta property=\"og:title\" content=\"Mascarilla Post Alisado 250 ml - Art Work Professional\" \/>\n<meta property=\"og:description\" content=\"Mascarilla SIN siliconas. Su complejo multifac\u00e9tico de prote\u00ednas vegetales penetra en la corteza del cabello, fortaleci\u00e9ndolo e hidrat\u00e1ndolo.\" \/>\n<meta property=\"og:url\" content=\"https:\/\/artworkprofesional.com\/pt\/produto\/mascarilla-post-alisado\/\" \/>\n<meta property=\"og:site_name\" content=\"Art Work Professional\" \/>\n<meta property=\"article:publisher\" content=\"https:\/\/www.facebook.com\/artworkprofessional\/\" \/>\n<meta property=\"article:modified_time\" content=\"2025-05-06T07:39:45+00:00\" \/>\n<meta property=\"og:image\" content=\"https:\/\/artworkprofesional.com\/wp-content\/uploads\/2021\/05\/LISSPURE-Mascarilla250.jpg\" \/>\n\t<meta property=\"og:image:width\" content=\"800\" \/>\n\t<meta property=\"og:image:height\" content=\"1200\" \/>\n\t<meta property=\"og:image:type\" content=\"image\/jpeg\" \/>\n<meta name=\"twitter:card\" content=\"summary_large_image\" \/>\n<script type=\"application\/ld+json\" class=\"yoast-schema-graph\">{\"@context\":\"https:\\\/\\\/schema.org\",\"@graph\":[{\"@type\":\"WebPage\",\"@id\":\"https:\\\/\\\/artworkprofesional.com\\\/producto\\\/mascarilla-post-alisado\\\/\",\"url\":\"https:\\\/\\\/artworkprofesional.com\\\/producto\\\/mascarilla-post-alisado\\\/\",\"name\":\"Mascarilla Post Alisado 250 ml - Art Work Professional\",\"isPartOf\":{\"@id\":\"https:\\\/\\\/artworkprofesional.com\\\/#website\"},\"primaryImageOfPage\":{\"@id\":\"https:\\\/\\\/artworkprofesional.com\\\/producto\\\/mascarilla-post-alisado\\\/#primaryimage\"},\"image\":{\"@id\":\"https:\\\/\\\/artworkprofesional.com\\\/producto\\\/mascarilla-post-alisado\\\/#primaryimage\"},\"thumbnailUrl\":\"https:\\\/\\\/artworkprofesional.com\\\/wp-content\\\/uploads\\\/2021\\\/05\\\/LISSPURE-Mascarilla250.jpg\",\"datePublished\":\"2021-05-21T09:25:21+00:00\",\"dateModified\":\"2025-05-06T07:39:45+00:00\",\"description\":\"Mascarilla SIN siliconas. Su complejo multifac\u00e9tico de prote\u00ednas vegetales penetra en la corteza del cabello, fortaleci\u00e9ndolo e hidrat\u00e1ndolo.\",\"breadcrumb\":{\"@id\":\"https:\\\/\\\/artworkprofesional.com\\\/producto\\\/mascarilla-post-alisado\\\/#breadcrumb\"},\"inLanguage\":\"pt-PT\",\"potentialAction\":[{\"@type\":\"ReadAction\",\"target\":[\"https:\\\/\\\/artworkprofesional.com\\\/producto\\\/mascarilla-post-alisado\\\/\"]}]},{\"@type\":\"ImageObject\",\"inLanguage\":\"pt-PT\",\"@id\":\"https:\\\/\\\/artworkprofesional.com\\\/producto\\\/mascarilla-post-alisado\\\/#primaryimage\",\"url\":\"https:\\\/\\\/artworkprofesional.com\\\/wp-content\\\/uploads\\\/2021\\\/05\\\/LISSPURE-Mascarilla250.jpg\",\"contentUrl\":\"https:\\\/\\\/artworkprofesional.com\\\/wp-content\\\/uploads\\\/2021\\\/05\\\/LISSPURE-Mascarilla250.jpg\",\"width\":800,\"height\":1200},{\"@type\":\"BreadcrumbList\",\"@id\":\"https:\\\/\\\/artworkprofesional.com\\\/producto\\\/mascarilla-post-alisado\\\/#breadcrumb\",\"itemListElement\":[{\"@type\":\"ListItem\",\"position\":1,\"name\":\"Portada\",\"item\":\"https:\\\/\\\/artworkprofesional.com\\\/\"},{\"@type\":\"ListItem\",\"position\":2,\"name\":\"Tienda\",\"item\":\"https:\\\/\\\/artworkprofesional.com\\\/tienda\\\/\"},{\"@type\":\"ListItem\",\"position\":3,\"name\":\"Mascarilla Post Alisado 250 ml\"}]},{\"@type\":\"WebSite\",\"@id\":\"https:\\\/\\\/artworkprofesional.com\\\/#website\",\"url\":\"https:\\\/\\\/artworkprofesional.com\\\/\",\"name\":\"Art Work Professional\",\"description\":\"Hair Creativity\",\"publisher\":{\"@id\":\"https:\\\/\\\/artworkprofesional.com\\\/#organization\"},\"potentialAction\":[{\"@type\":\"SearchAction\",\"target\":{\"@type\":\"EntryPoint\",\"urlTemplate\":\"https:\\\/\\\/artworkprofesional.com\\\/?s={search_term_string}\"},\"query-input\":{\"@type\":\"PropertyValueSpecification\",\"valueRequired\":true,\"valueName\":\"search_term_string\"}}],\"inLanguage\":\"pt-PT\"},{\"@type\":\"Organization\",\"@id\":\"https:\\\/\\\/artworkprofesional.com\\\/#organization\",\"name\":\"ArtWork Professional\",\"url\":\"https:\\\/\\\/artworkprofesional.com\\\/\",\"logo\":{\"@type\":\"ImageObject\",\"inLanguage\":\"pt-PT\",\"@id\":\"https:\\\/\\\/artworkprofesional.com\\\/#\\\/schema\\\/logo\\\/image\\\/\",\"url\":\"https:\\\/\\\/artworkprofesional.com\\\/wp-content\\\/uploads\\\/2021\\\/03\\\/LOGO-ARTWORK-negro-sinfondo.png\",\"contentUrl\":\"https:\\\/\\\/artworkprofesional.com\\\/wp-content\\\/uploads\\\/2021\\\/03\\\/LOGO-ARTWORK-negro-sinfondo.png\",\"width\":749,\"height\":389,\"caption\":\"ArtWork Professional\"},\"image\":{\"@id\":\"https:\\\/\\\/artworkprofesional.com\\\/#\\\/schema\\\/logo\\\/image\\\/\"},\"sameAs\":[\"https:\\\/\\\/www.facebook.com\\\/artworkprofessional\\\/\",\"https:\\\/\\\/www.instagram.com\\\/artwork.profesional\\\/?hl=es\"]}]}<\/script>\n<!-- \/ Yoast SEO plugin. -->","yoast_head_json":{"title":"Mascarilla Post Alisado 250 ml - Art Work Professional","description":"M\u00e1scara SEM silicone. Seu complexo multifacetado de prote\u00ednas vegetais penetra no c\u00f3rtex do cabelo, fortalecendo-o e hidratando-o.","robots":{"index":"index","follow":"follow","max-snippet":"max-snippet:-1","max-image-preview":"max-image-preview:large","max-video-preview":"max-video-preview:-1"},"canonical":"https:\/\/artworkprofesional.com\/pt\/produto\/mascarilla-post-alisado\/","og_locale":"pt_PT","og_type":"article","og_title":"Mascarilla Post Alisado 250 ml - Art Work Professional","og_description":"Mascarilla SIN siliconas. Su complejo multifac\u00e9tico de prote\u00ednas vegetales penetra en la corteza del cabello, fortaleci\u00e9ndolo e hidrat\u00e1ndolo.","og_url":"https:\/\/artworkprofesional.com\/pt\/produto\/mascarilla-post-alisado\/","og_site_name":"Art Work Professional","article_publisher":"https:\/\/www.facebook.com\/artworkprofessional\/","article_modified_time":"2025-05-06T07:39:45+00:00","og_image":[{"width":800,"height":1200,"url":"https:\/\/artworkprofesional.com\/wp-content\/uploads\/2021\/05\/LISSPURE-Mascarilla250.jpg","type":"image\/jpeg"}],"twitter_card":"summary_large_image","schema":{"@context":"https:\/\/schema.org","@graph":[{"@type":"WebPage","@id":"https:\/\/artworkprofesional.com\/producto\/mascarilla-post-alisado\/","url":"https:\/\/artworkprofesional.com\/producto\/mascarilla-post-alisado\/","name":"Mascarilla Post Alisado 250 ml - Art Work Professional","isPartOf":{"@id":"https:\/\/artworkprofesional.com\/#website"},"primaryImageOfPage":{"@id":"https:\/\/artworkprofesional.com\/producto\/mascarilla-post-alisado\/#primaryimage"},"image":{"@id":"https:\/\/artworkprofesional.com\/producto\/mascarilla-post-alisado\/#primaryimage"},"thumbnailUrl":"https:\/\/artworkprofesional.com\/wp-content\/uploads\/2021\/05\/LISSPURE-Mascarilla250.jpg","datePublished":"2021-05-21T09:25:21+00:00","dateModified":"2025-05-06T07:39:45+00:00","description":"M\u00e1scara SEM silicone. Seu complexo multifacetado de prote\u00ednas vegetais penetra no c\u00f3rtex do cabelo, fortalecendo-o e hidratando-o.","breadcrumb":{"@id":"https:\/\/artworkprofesional.com\/producto\/mascarilla-post-alisado\/#breadcrumb"},"inLanguage":"pt-PT","potentialAction":[{"@type":"ReadAction","target":["https:\/\/artworkprofesional.com\/producto\/mascarilla-post-alisado\/"]}]},{"@type":"ImageObject","inLanguage":"pt-PT","@id":"https:\/\/artworkprofesional.com\/producto\/mascarilla-post-alisado\/#primaryimage","url":"https:\/\/artworkprofesional.com\/wp-content\/uploads\/2021\/05\/LISSPURE-Mascarilla250.jpg","contentUrl":"https:\/\/artworkprofesional.com\/wp-content\/uploads\/2021\/05\/LISSPURE-Mascarilla250.jpg","width":800,"height":1200},{"@type":"BreadcrumbList","@id":"https:\/\/artworkprofesional.com\/producto\/mascarilla-post-alisado\/#breadcrumb","itemListElement":[{"@type":"ListItem","position":1,"name":"Portada","item":"https:\/\/artworkprofesional.com\/"},{"@type":"ListItem","position":2,"name":"Tienda","item":"https:\/\/artworkprofesional.com\/tienda\/"},{"@type":"ListItem","position":3,"name":"Mascarilla Post Alisado 250 ml"}]},{"@type":"WebSite","@id":"https:\/\/artworkprofesional.com\/#website","url":"https:\/\/artworkprofesional.com\/","name":"Art Work Professional","description":"Criatividade Capilar","publisher":{"@id":"https:\/\/artworkprofesional.com\/#organization"},"potentialAction":[{"@type":"SearchAction","target":{"@type":"EntryPoint","urlTemplate":"https:\/\/artworkprofesional.com\/?s={search_term_string}"},"query-input":{"@type":"PropertyValueSpecification","valueRequired":true,"valueName":"search_term_string"}}],"inLanguage":"pt-PT"},{"@type":"Organization","@id":"https:\/\/artworkprofesional.com\/#organization","name":"ArtWork Professional","url":"https:\/\/artworkprofesional.com\/","logo":{"@type":"ImageObject","inLanguage":"pt-PT","@id":"https:\/\/artworkprofesional.com\/#\/schema\/logo\/image\/","url":"https:\/\/artworkprofesional.com\/wp-content\/uploads\/2021\/03\/LOGO-ARTWORK-negro-sinfondo.png","contentUrl":"https:\/\/artworkprofesional.com\/wp-content\/uploads\/2021\/03\/LOGO-ARTWORK-negro-sinfondo.png","width":749,"height":389,"caption":"ArtWork Professional"},"image":{"@id":"https:\/\/artworkprofesional.com\/#\/schema\/logo\/image\/"},"sameAs":["https:\/\/www.facebook.com\/artworkprofessional\/","https:\/\/www.instagram.com\/artwork.profesional\/?hl=es"]}]}},"_links":{"self":[{"href":"https:\/\/artworkprofesional.com\/pt\/wp-json\/wp\/v2\/product\/1944","targetHints":{"allow":["GET"]}}],"collection":[{"href":"https:\/\/artworkprofesional.com\/pt\/wp-json\/wp\/v2\/product"}],"about":[{"href":"https:\/\/artworkprofesional.com\/pt\/wp-json\/wp\/v2\/types\/product"}],"wp:featuredmedia":[{"embeddable":true,"href":"https:\/\/artworkprofesional.com\/pt\/wp-json\/wp\/v2\/media\/1945"}],"wp:attachment":[{"href":"https:\/\/artworkprofesional.com\/pt\/wp-json\/wp\/v2\/media?parent=1944"}],"wp:term":[{"taxonomy":"product_brand","embeddable":true,"href":"https:\/\/artworkprofesional.com\/pt\/wp-json\/wp\/v2\/product_brand?post=1944"},{"taxonomy":"product_cat","embeddable":true,"href":"https:\/\/artworkprofesional.com\/pt\/wp-json\/wp\/v2\/product_cat?post=1944"},{"taxonomy":"product_tag","embeddable":true,"href":"https:\/\/artworkprofesional.com\/pt\/wp-json\/wp\/v2\/product_tag?post=1944"}],"curies":[{"name":"wp","href":"https:\/\/api.w.org\/{rel}","templated":true}]}}