{"id":3562,"date":"2023-01-23T09:37:11","date_gmt":"2023-01-23T09:37:11","guid":{"rendered":"https:\/\/artworkprofesional.com\/?post_type=product&#038;p=3562"},"modified":"2025-07-23T11:12:05","modified_gmt":"2025-07-23T11:12:05","slug":"shampoo-purificante-truenature-derma","status":"publish","type":"product","link":"https:\/\/artworkprofesional.com\/pt\/produto\/shampoo-purificante-truenature-derma\/","title":{"rendered":"Shampoo Purificante"},"content":{"rendered":"<ul>\n<li><b>Piroctone Olamina: <\/b>tiene una potente acci\u00f3n antibacteriana, antiinflamatoria y antimicrobiana. Es ideal para los cabellos grasos porque ayuda a regularizar la producci\u00f3n del sebo en el cuero cabelludo.<span class=\"Apple-converted-space\">\u00a0<\/span>Combate el Pityrosporum Ovale: el mayor responsable de la producci\u00f3n de <strong>caspa<\/strong>. Tiene poder antioxidante y combate los radicales libres.<\/li>\n<li><b>\u00c1rbol de T\u00e9: <\/b>con propiedades antif\u00fangicas, antis\u00e9pticas y antibacterianas. Ayuda a controlar el exceso de grasa y evita el desarrollo de la caspa y evita la obstrucci\u00f3n de los fol\u00edculos pilosos.<\/li>\n<li><b>Romero: <\/b>con excelentes propiedades antif\u00fangicas, combate las infecciones mic\u00f3ticas del cuero cabelludo. Rico en vitaminas y minerales, es un estimulante natural que robustece y vigoriza el cuero cabelludo.<\/li>\n<\/ul>\n<p>&nbsp;<\/p>","protected":false},"excerpt":{"rendered":"<p>Con<strong> Piroctone Olamina<\/strong>,\u00a0extractos de \u00e1rbol de T\u00e9 y Romero<\/p>\n<p>Regula la proliferaci\u00f3n microbiana, el exceso de grasa\u00a0y<span class=\"Apple-converted-space\">\u00a0previene\u00a0<\/span>la obstrucci\u00f3n de los fol\u00edculos pilosos.<span class=\"Apple-converted-space\">\u00a0<\/span><\/p>\n<p>La Piroctona Olamina tiene una <b>potente acci\u00f3n antibacteriana, antiinflamatoria y antimicrobiana<\/b>.<\/p>\n<p>Combate el Pityrosporum Ovale, el mayor responsable de la producci\u00f3n de <strong>caspa<\/strong>.<\/p>","protected":false},"featured_media":3560,"template":"","meta":[],"product_brand":[],"product_cat":[49],"product_tag":[],"class_list":{"0":"post-3562","1":"product","2":"type-product","3":"status-publish","4":"has-post-thumbnail","6":"product_cat-tratamiento-bio-true-nature","8":"first","9":"instock","10":"taxable","11":"shipping-taxable","12":"purchasable","13":"product-type-variable"},"yoast_head":"<!-- This site is optimized with the Yoast SEO plugin v27.4 - https:\/\/yoast.com\/product\/yoast-seo-wordpress\/ -->\n<title>Shampoo Purificante - Art Work Professional<\/title>\n<meta name=\"robots\" content=\"index, follow, max-snippet:-1, max-image-preview:large, max-video-preview:-1\" \/>\n<link rel=\"canonical\" href=\"https:\/\/artworkprofesional.com\/pt\/produto\/shampoo-purificante-truenature-derma\/\" \/>\n<meta property=\"og:locale\" content=\"pt_PT\" \/>\n<meta property=\"og:type\" content=\"article\" \/>\n<meta property=\"og:title\" content=\"Shampoo Purificante - Art Work Professional\" \/>\n<meta property=\"og:description\" content=\"Con Piroctone Olamina,\u00a0extractos de \u00e1rbol de T\u00e9 y Romero  Regula la proliferaci\u00f3n microbiana, el exceso de grasa\u00a0y\u00a0previene\u00a0la obstrucci\u00f3n de los fol\u00edculos pilosos.\u00a0  La Piroctona Olamina tiene una potente acci\u00f3n antibacteriana, antiinflamatoria y antimicrobiana.  Combate el Pityrosporum Ovale, el mayor responsable de la producci\u00f3n de caspa.\" \/>\n<meta property=\"og:url\" content=\"https:\/\/artworkprofesional.com\/pt\/produto\/shampoo-purificante-truenature-derma\/\" \/>\n<meta property=\"og:site_name\" content=\"Art Work Professional\" \/>\n<meta property=\"article:publisher\" content=\"https:\/\/www.facebook.com\/artworkprofessional\/\" \/>\n<meta property=\"article:modified_time\" content=\"2025-07-23T11:12:05+00:00\" \/>\n<meta property=\"og:image\" content=\"https:\/\/artworkprofesional.com\/wp-content\/uploads\/2023\/01\/TrueDerma-Shampoo-Purificante-Familia.jpg\" \/>\n\t<meta property=\"og:image:width\" content=\"800\" \/>\n\t<meta property=\"og:image:height\" content=\"1200\" \/>\n\t<meta property=\"og:image:type\" content=\"image\/jpeg\" \/>\n<meta name=\"twitter:card\" content=\"summary_large_image\" \/>\n<meta name=\"twitter:label1\" content=\"Tempo estimado de leitura\" \/>\n\t<meta name=\"twitter:data1\" content=\"1 minuto\" \/>\n<script type=\"application\/ld+json\" class=\"yoast-schema-graph\">{\"@context\":\"https:\\\/\\\/schema.org\",\"@graph\":[{\"@type\":\"WebPage\",\"@id\":\"https:\\\/\\\/artworkprofesional.com\\\/producto\\\/shampoo-purificante-truenature-derma\\\/\",\"url\":\"https:\\\/\\\/artworkprofesional.com\\\/producto\\\/shampoo-purificante-truenature-derma\\\/\",\"name\":\"Shampoo Purificante - Art Work Professional\",\"isPartOf\":{\"@id\":\"https:\\\/\\\/artworkprofesional.com\\\/#website\"},\"primaryImageOfPage\":{\"@id\":\"https:\\\/\\\/artworkprofesional.com\\\/producto\\\/shampoo-purificante-truenature-derma\\\/#primaryimage\"},\"image\":{\"@id\":\"https:\\\/\\\/artworkprofesional.com\\\/producto\\\/shampoo-purificante-truenature-derma\\\/#primaryimage\"},\"thumbnailUrl\":\"https:\\\/\\\/artworkprofesional.com\\\/wp-content\\\/uploads\\\/2023\\\/01\\\/TrueDerma-Shampoo-Purificante-Familia.jpg\",\"datePublished\":\"2023-01-23T09:37:11+00:00\",\"dateModified\":\"2025-07-23T11:12:05+00:00\",\"breadcrumb\":{\"@id\":\"https:\\\/\\\/artworkprofesional.com\\\/producto\\\/shampoo-purificante-truenature-derma\\\/#breadcrumb\"},\"inLanguage\":\"pt-PT\",\"potentialAction\":[{\"@type\":\"ReadAction\",\"target\":[\"https:\\\/\\\/artworkprofesional.com\\\/producto\\\/shampoo-purificante-truenature-derma\\\/\"]}]},{\"@type\":\"ImageObject\",\"inLanguage\":\"pt-PT\",\"@id\":\"https:\\\/\\\/artworkprofesional.com\\\/producto\\\/shampoo-purificante-truenature-derma\\\/#primaryimage\",\"url\":\"https:\\\/\\\/artworkprofesional.com\\\/wp-content\\\/uploads\\\/2023\\\/01\\\/TrueDerma-Shampoo-Purificante-Familia.jpg\",\"contentUrl\":\"https:\\\/\\\/artworkprofesional.com\\\/wp-content\\\/uploads\\\/2023\\\/01\\\/TrueDerma-Shampoo-Purificante-Familia.jpg\",\"width\":800,\"height\":1200},{\"@type\":\"BreadcrumbList\",\"@id\":\"https:\\\/\\\/artworkprofesional.com\\\/producto\\\/shampoo-purificante-truenature-derma\\\/#breadcrumb\",\"itemListElement\":[{\"@type\":\"ListItem\",\"position\":1,\"name\":\"Portada\",\"item\":\"https:\\\/\\\/artworkprofesional.com\\\/\"},{\"@type\":\"ListItem\",\"position\":2,\"name\":\"Tienda\",\"item\":\"https:\\\/\\\/artworkprofesional.com\\\/tienda\\\/\"},{\"@type\":\"ListItem\",\"position\":3,\"name\":\"Shampoo Purificante\"}]},{\"@type\":\"WebSite\",\"@id\":\"https:\\\/\\\/artworkprofesional.com\\\/#website\",\"url\":\"https:\\\/\\\/artworkprofesional.com\\\/\",\"name\":\"Art Work Professional\",\"description\":\"Hair Creativity\",\"publisher\":{\"@id\":\"https:\\\/\\\/artworkprofesional.com\\\/#organization\"},\"potentialAction\":[{\"@type\":\"SearchAction\",\"target\":{\"@type\":\"EntryPoint\",\"urlTemplate\":\"https:\\\/\\\/artworkprofesional.com\\\/?s={search_term_string}\"},\"query-input\":{\"@type\":\"PropertyValueSpecification\",\"valueRequired\":true,\"valueName\":\"search_term_string\"}}],\"inLanguage\":\"pt-PT\"},{\"@type\":\"Organization\",\"@id\":\"https:\\\/\\\/artworkprofesional.com\\\/#organization\",\"name\":\"ArtWork Professional\",\"url\":\"https:\\\/\\\/artworkprofesional.com\\\/\",\"logo\":{\"@type\":\"ImageObject\",\"inLanguage\":\"pt-PT\",\"@id\":\"https:\\\/\\\/artworkprofesional.com\\\/#\\\/schema\\\/logo\\\/image\\\/\",\"url\":\"https:\\\/\\\/artworkprofesional.com\\\/wp-content\\\/uploads\\\/2021\\\/03\\\/LOGO-ARTWORK-negro-sinfondo.png\",\"contentUrl\":\"https:\\\/\\\/artworkprofesional.com\\\/wp-content\\\/uploads\\\/2021\\\/03\\\/LOGO-ARTWORK-negro-sinfondo.png\",\"width\":749,\"height\":389,\"caption\":\"ArtWork Professional\"},\"image\":{\"@id\":\"https:\\\/\\\/artworkprofesional.com\\\/#\\\/schema\\\/logo\\\/image\\\/\"},\"sameAs\":[\"https:\\\/\\\/www.facebook.com\\\/artworkprofessional\\\/\",\"https:\\\/\\\/www.instagram.com\\\/artwork.profesional\\\/?hl=es\"]}]}<\/script>\n<!-- \/ Yoast SEO plugin. -->","yoast_head_json":{"title":"Shampoo Purificante - Art Work Professional","robots":{"index":"index","follow":"follow","max-snippet":"max-snippet:-1","max-image-preview":"max-image-preview:large","max-video-preview":"max-video-preview:-1"},"canonical":"https:\/\/artworkprofesional.com\/pt\/produto\/shampoo-purificante-truenature-derma\/","og_locale":"pt_PT","og_type":"article","og_title":"Shampoo Purificante - Art Work Professional","og_description":"Con Piroctone Olamina,\u00a0extractos de \u00e1rbol de T\u00e9 y Romero  Regula la proliferaci\u00f3n microbiana, el exceso de grasa\u00a0y\u00a0previene\u00a0la obstrucci\u00f3n de los fol\u00edculos pilosos.\u00a0  La Piroctona Olamina tiene una potente acci\u00f3n antibacteriana, antiinflamatoria y antimicrobiana.  Combate el Pityrosporum Ovale, el mayor responsable de la producci\u00f3n de caspa.","og_url":"https:\/\/artworkprofesional.com\/pt\/produto\/shampoo-purificante-truenature-derma\/","og_site_name":"Art Work Professional","article_publisher":"https:\/\/www.facebook.com\/artworkprofessional\/","article_modified_time":"2025-07-23T11:12:05+00:00","og_image":[{"width":800,"height":1200,"url":"https:\/\/artworkprofesional.com\/wp-content\/uploads\/2023\/01\/TrueDerma-Shampoo-Purificante-Familia.jpg","type":"image\/jpeg"}],"twitter_card":"summary_large_image","twitter_misc":{"Tempo estimado de leitura":"1 minuto"},"schema":{"@context":"https:\/\/schema.org","@graph":[{"@type":"WebPage","@id":"https:\/\/artworkprofesional.com\/producto\/shampoo-purificante-truenature-derma\/","url":"https:\/\/artworkprofesional.com\/producto\/shampoo-purificante-truenature-derma\/","name":"Shampoo Purificante - Art Work Professional","isPartOf":{"@id":"https:\/\/artworkprofesional.com\/#website"},"primaryImageOfPage":{"@id":"https:\/\/artworkprofesional.com\/producto\/shampoo-purificante-truenature-derma\/#primaryimage"},"image":{"@id":"https:\/\/artworkprofesional.com\/producto\/shampoo-purificante-truenature-derma\/#primaryimage"},"thumbnailUrl":"https:\/\/artworkprofesional.com\/wp-content\/uploads\/2023\/01\/TrueDerma-Shampoo-Purificante-Familia.jpg","datePublished":"2023-01-23T09:37:11+00:00","dateModified":"2025-07-23T11:12:05+00:00","breadcrumb":{"@id":"https:\/\/artworkprofesional.com\/producto\/shampoo-purificante-truenature-derma\/#breadcrumb"},"inLanguage":"pt-PT","potentialAction":[{"@type":"ReadAction","target":["https:\/\/artworkprofesional.com\/producto\/shampoo-purificante-truenature-derma\/"]}]},{"@type":"ImageObject","inLanguage":"pt-PT","@id":"https:\/\/artworkprofesional.com\/producto\/shampoo-purificante-truenature-derma\/#primaryimage","url":"https:\/\/artworkprofesional.com\/wp-content\/uploads\/2023\/01\/TrueDerma-Shampoo-Purificante-Familia.jpg","contentUrl":"https:\/\/artworkprofesional.com\/wp-content\/uploads\/2023\/01\/TrueDerma-Shampoo-Purificante-Familia.jpg","width":800,"height":1200},{"@type":"BreadcrumbList","@id":"https:\/\/artworkprofesional.com\/producto\/shampoo-purificante-truenature-derma\/#breadcrumb","itemListElement":[{"@type":"ListItem","position":1,"name":"Portada","item":"https:\/\/artworkprofesional.com\/"},{"@type":"ListItem","position":2,"name":"Tienda","item":"https:\/\/artworkprofesional.com\/tienda\/"},{"@type":"ListItem","position":3,"name":"Shampoo Purificante"}]},{"@type":"WebSite","@id":"https:\/\/artworkprofesional.com\/#website","url":"https:\/\/artworkprofesional.com\/","name":"Art Work Professional","description":"Criatividade Capilar","publisher":{"@id":"https:\/\/artworkprofesional.com\/#organization"},"potentialAction":[{"@type":"SearchAction","target":{"@type":"EntryPoint","urlTemplate":"https:\/\/artworkprofesional.com\/?s={search_term_string}"},"query-input":{"@type":"PropertyValueSpecification","valueRequired":true,"valueName":"search_term_string"}}],"inLanguage":"pt-PT"},{"@type":"Organization","@id":"https:\/\/artworkprofesional.com\/#organization","name":"ArtWork Professional","url":"https:\/\/artworkprofesional.com\/","logo":{"@type":"ImageObject","inLanguage":"pt-PT","@id":"https:\/\/artworkprofesional.com\/#\/schema\/logo\/image\/","url":"https:\/\/artworkprofesional.com\/wp-content\/uploads\/2021\/03\/LOGO-ARTWORK-negro-sinfondo.png","contentUrl":"https:\/\/artworkprofesional.com\/wp-content\/uploads\/2021\/03\/LOGO-ARTWORK-negro-sinfondo.png","width":749,"height":389,"caption":"ArtWork Professional"},"image":{"@id":"https:\/\/artworkprofesional.com\/#\/schema\/logo\/image\/"},"sameAs":["https:\/\/www.facebook.com\/artworkprofessional\/","https:\/\/www.instagram.com\/artwork.profesional\/?hl=es"]}]}},"_links":{"self":[{"href":"https:\/\/artworkprofesional.com\/pt\/wp-json\/wp\/v2\/product\/3562","targetHints":{"allow":["GET"]}}],"collection":[{"href":"https:\/\/artworkprofesional.com\/pt\/wp-json\/wp\/v2\/product"}],"about":[{"href":"https:\/\/artworkprofesional.com\/pt\/wp-json\/wp\/v2\/types\/product"}],"wp:featuredmedia":[{"embeddable":true,"href":"https:\/\/artworkprofesional.com\/pt\/wp-json\/wp\/v2\/media\/3560"}],"wp:attachment":[{"href":"https:\/\/artworkprofesional.com\/pt\/wp-json\/wp\/v2\/media?parent=3562"}],"wp:term":[{"taxonomy":"product_brand","embeddable":true,"href":"https:\/\/artworkprofesional.com\/pt\/wp-json\/wp\/v2\/product_brand?post=3562"},{"taxonomy":"product_cat","embeddable":true,"href":"https:\/\/artworkprofesional.com\/pt\/wp-json\/wp\/v2\/product_cat?post=3562"},{"taxonomy":"product_tag","embeddable":true,"href":"https:\/\/artworkprofesional.com\/pt\/wp-json\/wp\/v2\/product_tag?post=3562"}],"curies":[{"name":"wp","href":"https:\/\/api.w.org\/{rel}","templated":true}]}}