{"id":4928,"date":"2026-04-22T07:17:17","date_gmt":"2026-04-22T07:17:17","guid":{"rendered":"https:\/\/artworkprofesional.com\/?post_type=product&#038;p=4928"},"modified":"2026-04-22T07:17:17","modified_gmt":"2026-04-22T07:17:17","slug":"mascarilla-nutritivo-nourish-300ml","status":"publish","type":"product","link":"https:\/\/artworkprofesional.com\/pt\/produto\/mascarilla-nutritivo-nourish-300ml\/","title":{"rendered":"Mascarilla Nutritivo Nourish 300ml"},"content":{"rendered":"<p>La Mascarilla NOURISH de Artwork Hair Creativity va m\u00e1s all\u00e1 de un acondicionador convencional. Es un tratamiento de refuerzo estructural dise\u00f1ado para transformar la textura y resistencia de tu melena.<\/p>\n<p>Doble Acci\u00f3n Reparadora:<\/p>\n<ul>\n<li>Reparaci\u00f3n Interna: Sus activos penetran en el coraz\u00f3n de la fibra capilar para reconstruir los da\u00f1os estructurales.<\/li>\n<li>Protecci\u00f3n Externa: Sella la cut\u00edcula, mejorando el brillo y suavizando la superficie del cabello para facilitar el peinado.<\/li>\n<\/ul>\n<p>Ingredientes Activos de Alto Valor:<\/p>\n<ul>\n<li>Aceite de Baobab: Aporta una nutrici\u00f3n extrema y \u00e1cidos grasos esenciales para devolver la elasticidad.<\/li>\n<li>Extracto de Bamb\u00fa: Refuerza y fortalece el cabello, evitando que se vuelva quebradizo.<\/li>\n<\/ul>\n<p>Una Experiencia Sensorial Completa:<\/p>\n<p>Al igual que toda la l\u00ednea NOURISH, esta mascarilla deja una fragancia sofisticada con notas de grosella negra, pera, jazm\u00edn, vainilla y haba tonka.<\/p>","protected":false},"excerpt":{"rendered":"<p>La Mascarilla NOURISH es un tratamiento profundo que act\u00faa sobre las capas internas y externas del cabello. Gracias a su f\u00f3rmula con Aceite de Baobab y Extracto de Bamb\u00fa, proporciona una acci\u00f3n sin\u00e9rgica que repara, nutre y fortalece el cabello desde el primer uso. Es el aliado perfecto para recuperar la salud de los cabellos m\u00e1s castigados, aportando un aroma irresistible a jazm\u00edn, vainilla y notas frutales.<\/p>","protected":false},"featured_media":4944,"template":"","meta":[],"product_brand":[],"product_cat":[234],"product_tag":[],"class_list":{"0":"post-4928","1":"product","2":"type-product","3":"status-publish","4":"has-post-thumbnail","6":"product_cat-haircare","8":"first","9":"instock","10":"taxable","11":"shipping-taxable","12":"purchasable","13":"product-type-simple"},"yoast_head":"<!-- This site is optimized with the Yoast SEO plugin v27.4 - https:\/\/yoast.com\/product\/yoast-seo-wordpress\/ -->\n<title>Mascarilla Nutritiva NOURISH 300ml | Reparaci\u00f3n y Brillo Capilar<\/title>\n<meta name=\"description\" content=\"Mascarilla NOURISH : perfecto para cabellos da\u00f1ados, tratamiento nutritivo que repara, fortalece y aporta brillo con aceite de baobab y extracto de bamb\u00fa.\" \/>\n<meta name=\"robots\" content=\"index, follow, max-snippet:-1, max-image-preview:large, max-video-preview:-1\" \/>\n<link rel=\"canonical\" href=\"https:\/\/artworkprofesional.com\/pt\/produto\/mascarilla-nutritivo-nourish-300ml\/\" \/>\n<meta property=\"og:locale\" content=\"pt_PT\" \/>\n<meta property=\"og:type\" content=\"article\" \/>\n<meta property=\"og:title\" content=\"Mascarilla Nutritiva NOURISH 300ml | Reparaci\u00f3n y Brillo Capilar\" \/>\n<meta property=\"og:description\" content=\"Mascarilla NOURISH : perfecto para cabellos da\u00f1ados, tratamiento nutritivo que repara, fortalece y aporta brillo con aceite de baobab y extracto de bamb\u00fa.\" \/>\n<meta property=\"og:url\" content=\"https:\/\/artworkprofesional.com\/pt\/produto\/mascarilla-nutritivo-nourish-300ml\/\" \/>\n<meta property=\"og:site_name\" content=\"Art Work Professional\" \/>\n<meta property=\"article:publisher\" content=\"https:\/\/www.facebook.com\/artworkprofessional\/\" \/>\n<meta property=\"og:image\" content=\"https:\/\/artworkprofesional.com\/wp-content\/uploads\/2026\/03\/MASCARILLA-NOURISH-300-ML.png\" \/>\n\t<meta property=\"og:image:width\" content=\"1024\" \/>\n\t<meta property=\"og:image:height\" content=\"1024\" \/>\n\t<meta property=\"og:image:type\" content=\"image\/png\" \/>\n<meta name=\"twitter:card\" content=\"summary_large_image\" \/>\n<meta name=\"twitter:label1\" content=\"Tempo estimado de leitura\" \/>\n\t<meta name=\"twitter:data1\" content=\"1 minuto\" \/>\n<script type=\"application\/ld+json\" class=\"yoast-schema-graph\">{\"@context\":\"https:\\\/\\\/schema.org\",\"@graph\":[{\"@type\":\"WebPage\",\"@id\":\"https:\\\/\\\/artworkprofesional.com\\\/producto\\\/mascarilla-nutritivo-nourish-300ml\\\/\",\"url\":\"https:\\\/\\\/artworkprofesional.com\\\/producto\\\/mascarilla-nutritivo-nourish-300ml\\\/\",\"name\":\"Mascarilla Nutritiva NOURISH 300ml | Reparaci\u00f3n y Brillo Capilar\",\"isPartOf\":{\"@id\":\"https:\\\/\\\/artworkprofesional.com\\\/#website\"},\"primaryImageOfPage\":{\"@id\":\"https:\\\/\\\/artworkprofesional.com\\\/producto\\\/mascarilla-nutritivo-nourish-300ml\\\/#primaryimage\"},\"image\":{\"@id\":\"https:\\\/\\\/artworkprofesional.com\\\/producto\\\/mascarilla-nutritivo-nourish-300ml\\\/#primaryimage\"},\"thumbnailUrl\":\"https:\\\/\\\/artworkprofesional.com\\\/wp-content\\\/uploads\\\/2026\\\/03\\\/MASCARILLA-NOURISH-300-ML.png\",\"datePublished\":\"2026-04-22T07:17:17+00:00\",\"description\":\"Mascarilla NOURISH : perfecto para cabellos da\u00f1ados, tratamiento nutritivo que repara, fortalece y aporta brillo con aceite de baobab y extracto de bamb\u00fa.\",\"breadcrumb\":{\"@id\":\"https:\\\/\\\/artworkprofesional.com\\\/producto\\\/mascarilla-nutritivo-nourish-300ml\\\/#breadcrumb\"},\"inLanguage\":\"pt-PT\",\"potentialAction\":[{\"@type\":\"ReadAction\",\"target\":[\"https:\\\/\\\/artworkprofesional.com\\\/producto\\\/mascarilla-nutritivo-nourish-300ml\\\/\"]}]},{\"@type\":\"ImageObject\",\"inLanguage\":\"pt-PT\",\"@id\":\"https:\\\/\\\/artworkprofesional.com\\\/producto\\\/mascarilla-nutritivo-nourish-300ml\\\/#primaryimage\",\"url\":\"https:\\\/\\\/artworkprofesional.com\\\/wp-content\\\/uploads\\\/2026\\\/03\\\/MASCARILLA-NOURISH-300-ML.png\",\"contentUrl\":\"https:\\\/\\\/artworkprofesional.com\\\/wp-content\\\/uploads\\\/2026\\\/03\\\/MASCARILLA-NOURISH-300-ML.png\",\"width\":1024,\"height\":1024},{\"@type\":\"BreadcrumbList\",\"@id\":\"https:\\\/\\\/artworkprofesional.com\\\/producto\\\/mascarilla-nutritivo-nourish-300ml\\\/#breadcrumb\",\"itemListElement\":[{\"@type\":\"ListItem\",\"position\":1,\"name\":\"Portada\",\"item\":\"https:\\\/\\\/artworkprofesional.com\\\/\"},{\"@type\":\"ListItem\",\"position\":2,\"name\":\"Tienda\",\"item\":\"https:\\\/\\\/artworkprofesional.com\\\/tienda\\\/\"},{\"@type\":\"ListItem\",\"position\":3,\"name\":\"Mascarilla Nutritivo Nourish 300ml\"}]},{\"@type\":\"WebSite\",\"@id\":\"https:\\\/\\\/artworkprofesional.com\\\/#website\",\"url\":\"https:\\\/\\\/artworkprofesional.com\\\/\",\"name\":\"Art Work Professional\",\"description\":\"Hair Creativity\",\"publisher\":{\"@id\":\"https:\\\/\\\/artworkprofesional.com\\\/#organization\"},\"potentialAction\":[{\"@type\":\"SearchAction\",\"target\":{\"@type\":\"EntryPoint\",\"urlTemplate\":\"https:\\\/\\\/artworkprofesional.com\\\/?s={search_term_string}\"},\"query-input\":{\"@type\":\"PropertyValueSpecification\",\"valueRequired\":true,\"valueName\":\"search_term_string\"}}],\"inLanguage\":\"pt-PT\"},{\"@type\":\"Organization\",\"@id\":\"https:\\\/\\\/artworkprofesional.com\\\/#organization\",\"name\":\"ArtWork Professional\",\"url\":\"https:\\\/\\\/artworkprofesional.com\\\/\",\"logo\":{\"@type\":\"ImageObject\",\"inLanguage\":\"pt-PT\",\"@id\":\"https:\\\/\\\/artworkprofesional.com\\\/#\\\/schema\\\/logo\\\/image\\\/\",\"url\":\"https:\\\/\\\/artworkprofesional.com\\\/wp-content\\\/uploads\\\/2021\\\/03\\\/LOGO-ARTWORK-negro-sinfondo.png\",\"contentUrl\":\"https:\\\/\\\/artworkprofesional.com\\\/wp-content\\\/uploads\\\/2021\\\/03\\\/LOGO-ARTWORK-negro-sinfondo.png\",\"width\":749,\"height\":389,\"caption\":\"ArtWork Professional\"},\"image\":{\"@id\":\"https:\\\/\\\/artworkprofesional.com\\\/#\\\/schema\\\/logo\\\/image\\\/\"},\"sameAs\":[\"https:\\\/\\\/www.facebook.com\\\/artworkprofessional\\\/\",\"https:\\\/\\\/www.instagram.com\\\/artwork.profesional\\\/?hl=es\"]}]}<\/script>\n<!-- \/ Yoast SEO plugin. -->","yoast_head_json":{"title":"Mascarilla Nutritiva NOURISH 300ml | Reparaci\u00f3n y Brillo Capilar","description":"Mascarilla NOURISH : perfecto para cabellos da\u00f1ados, tratamiento nutritivo que repara, fortalece y aporta brillo con aceite de baobab y extracto de bamb\u00fa.","robots":{"index":"index","follow":"follow","max-snippet":"max-snippet:-1","max-image-preview":"max-image-preview:large","max-video-preview":"max-video-preview:-1"},"canonical":"https:\/\/artworkprofesional.com\/pt\/produto\/mascarilla-nutritivo-nourish-300ml\/","og_locale":"pt_PT","og_type":"article","og_title":"Mascarilla Nutritiva NOURISH 300ml | Reparaci\u00f3n y Brillo Capilar","og_description":"Mascarilla NOURISH : perfecto para cabellos da\u00f1ados, tratamiento nutritivo que repara, fortalece y aporta brillo con aceite de baobab y extracto de bamb\u00fa.","og_url":"https:\/\/artworkprofesional.com\/pt\/produto\/mascarilla-nutritivo-nourish-300ml\/","og_site_name":"Art Work Professional","article_publisher":"https:\/\/www.facebook.com\/artworkprofessional\/","og_image":[{"width":1024,"height":1024,"url":"https:\/\/artworkprofesional.com\/wp-content\/uploads\/2026\/03\/MASCARILLA-NOURISH-300-ML.png","type":"image\/png"}],"twitter_card":"summary_large_image","twitter_misc":{"Tempo estimado de leitura":"1 minuto"},"schema":{"@context":"https:\/\/schema.org","@graph":[{"@type":"WebPage","@id":"https:\/\/artworkprofesional.com\/producto\/mascarilla-nutritivo-nourish-300ml\/","url":"https:\/\/artworkprofesional.com\/producto\/mascarilla-nutritivo-nourish-300ml\/","name":"Mascarilla Nutritiva NOURISH 300ml | Reparaci\u00f3n y Brillo Capilar","isPartOf":{"@id":"https:\/\/artworkprofesional.com\/#website"},"primaryImageOfPage":{"@id":"https:\/\/artworkprofesional.com\/producto\/mascarilla-nutritivo-nourish-300ml\/#primaryimage"},"image":{"@id":"https:\/\/artworkprofesional.com\/producto\/mascarilla-nutritivo-nourish-300ml\/#primaryimage"},"thumbnailUrl":"https:\/\/artworkprofesional.com\/wp-content\/uploads\/2026\/03\/MASCARILLA-NOURISH-300-ML.png","datePublished":"2026-04-22T07:17:17+00:00","description":"Mascarilla NOURISH : perfecto para cabellos da\u00f1ados, tratamiento nutritivo que repara, fortalece y aporta brillo con aceite de baobab y extracto de bamb\u00fa.","breadcrumb":{"@id":"https:\/\/artworkprofesional.com\/producto\/mascarilla-nutritivo-nourish-300ml\/#breadcrumb"},"inLanguage":"pt-PT","potentialAction":[{"@type":"ReadAction","target":["https:\/\/artworkprofesional.com\/producto\/mascarilla-nutritivo-nourish-300ml\/"]}]},{"@type":"ImageObject","inLanguage":"pt-PT","@id":"https:\/\/artworkprofesional.com\/producto\/mascarilla-nutritivo-nourish-300ml\/#primaryimage","url":"https:\/\/artworkprofesional.com\/wp-content\/uploads\/2026\/03\/MASCARILLA-NOURISH-300-ML.png","contentUrl":"https:\/\/artworkprofesional.com\/wp-content\/uploads\/2026\/03\/MASCARILLA-NOURISH-300-ML.png","width":1024,"height":1024},{"@type":"BreadcrumbList","@id":"https:\/\/artworkprofesional.com\/producto\/mascarilla-nutritivo-nourish-300ml\/#breadcrumb","itemListElement":[{"@type":"ListItem","position":1,"name":"Portada","item":"https:\/\/artworkprofesional.com\/"},{"@type":"ListItem","position":2,"name":"Tienda","item":"https:\/\/artworkprofesional.com\/tienda\/"},{"@type":"ListItem","position":3,"name":"Mascarilla Nutritivo Nourish 300ml"}]},{"@type":"WebSite","@id":"https:\/\/artworkprofesional.com\/#website","url":"https:\/\/artworkprofesional.com\/","name":"Art Work Professional","description":"Criatividade Capilar","publisher":{"@id":"https:\/\/artworkprofesional.com\/#organization"},"potentialAction":[{"@type":"SearchAction","target":{"@type":"EntryPoint","urlTemplate":"https:\/\/artworkprofesional.com\/?s={search_term_string}"},"query-input":{"@type":"PropertyValueSpecification","valueRequired":true,"valueName":"search_term_string"}}],"inLanguage":"pt-PT"},{"@type":"Organization","@id":"https:\/\/artworkprofesional.com\/#organization","name":"ArtWork Professional","url":"https:\/\/artworkprofesional.com\/","logo":{"@type":"ImageObject","inLanguage":"pt-PT","@id":"https:\/\/artworkprofesional.com\/#\/schema\/logo\/image\/","url":"https:\/\/artworkprofesional.com\/wp-content\/uploads\/2021\/03\/LOGO-ARTWORK-negro-sinfondo.png","contentUrl":"https:\/\/artworkprofesional.com\/wp-content\/uploads\/2021\/03\/LOGO-ARTWORK-negro-sinfondo.png","width":749,"height":389,"caption":"ArtWork Professional"},"image":{"@id":"https:\/\/artworkprofesional.com\/#\/schema\/logo\/image\/"},"sameAs":["https:\/\/www.facebook.com\/artworkprofessional\/","https:\/\/www.instagram.com\/artwork.profesional\/?hl=es"]}]}},"_links":{"self":[{"href":"https:\/\/artworkprofesional.com\/pt\/wp-json\/wp\/v2\/product\/4928","targetHints":{"allow":["GET"]}}],"collection":[{"href":"https:\/\/artworkprofesional.com\/pt\/wp-json\/wp\/v2\/product"}],"about":[{"href":"https:\/\/artworkprofesional.com\/pt\/wp-json\/wp\/v2\/types\/product"}],"wp:featuredmedia":[{"embeddable":true,"href":"https:\/\/artworkprofesional.com\/pt\/wp-json\/wp\/v2\/media\/4944"}],"wp:attachment":[{"href":"https:\/\/artworkprofesional.com\/pt\/wp-json\/wp\/v2\/media?parent=4928"}],"wp:term":[{"taxonomy":"product_brand","embeddable":true,"href":"https:\/\/artworkprofesional.com\/pt\/wp-json\/wp\/v2\/product_brand?post=4928"},{"taxonomy":"product_cat","embeddable":true,"href":"https:\/\/artworkprofesional.com\/pt\/wp-json\/wp\/v2\/product_cat?post=4928"},{"taxonomy":"product_tag","embeddable":true,"href":"https:\/\/artworkprofesional.com\/pt\/wp-json\/wp\/v2\/product_tag?post=4928"}],"curies":[{"name":"wp","href":"https:\/\/api.w.org\/{rel}","templated":true}]}}